{"id":116699,"date":"2025-04-18T13:40:11","date_gmt":"2025-04-18T11:40:11","guid":{"rendered":"https:\/\/preview.plaisirdujardin.com\/?post_type=product&#038;p=116699"},"modified":"2025-04-18T13:40:54","modified_gmt":"2025-04-18T11:40:54","slug":"bougie-baobab-cote-dazur-max-24","status":"publish","type":"product","link":"https:\/\/plaisirdujardin.com\/nl\/product\/bougie-baobab-cote-dazur-max-24\/","title":{"rendered":"BOUGIE BAOBAB &#8211; C\u00d4TE D&#8217;AZUR MAX 24"},"content":{"rendered":"<p><a href=\"https:\/\/plaisirdujardin.com\/wp-content\/uploads\/2025\/04\/BAOBAB_SS2025-42_1100x.webp\"><strong>BOUGIE PARFUMEE BAOBAB C\u00d4TE D&#8217;AZUR<br \/>\n<\/strong><\/a><\/p>\n<p><a href=\"https:\/\/plaisirdujardin.com\/wp-content\/uploads\/2025\/04\/BAOBAB_SS2025-42_1100x.webp\">CITRON,SEL DE MER ,MUSC<img fetchpriority=\"high\" decoding=\"async\" class=\"alignnone size-medium wp-image-116701 alignleft\" src=\"https:\/\/plaisirdujardin.com\/wp-content\/uploads\/2025\/04\/BAOBAB_SS2025-42_1100x-200x300.webp\" alt=\"\" width=\"200\" height=\"300\" srcset=\"https:\/\/plaisirdujardin.com\/wp-content\/uploads\/2025\/04\/BAOBAB_SS2025-42_1100x-200x300.webp 200w, https:\/\/plaisirdujardin.com\/wp-content\/uploads\/2025\/04\/BAOBAB_SS2025-42_1100x-683x1024.webp 683w, https:\/\/plaisirdujardin.com\/wp-content\/uploads\/2025\/04\/BAOBAB_SS2025-42_1100x-768x1152.webp 768w, https:\/\/plaisirdujardin.com\/wp-content\/uploads\/2025\/04\/BAOBAB_SS2025-42_1100x-1024x1536.webp 1024w, https:\/\/plaisirdujardin.com\/wp-content\/uploads\/2025\/04\/BAOBAB_SS2025-42_1100x-565x848.webp 565w, https:\/\/plaisirdujardin.com\/wp-content\/uploads\/2025\/04\/BAOBAB_SS2025-42_1100x-938x1407.webp 938w, https:\/\/plaisirdujardin.com\/wp-content\/uploads\/2025\/04\/BAOBAB_SS2025-42_1100x.webp 1100w\" sizes=\"(max-width: 200px) 100vw, 200px\" \/><\/a><\/p>\n<p>Le d\u00e9cor s\u00e9rigraphi\u00e9 de la bougie C\u00f4te d\u2019Azur s\u2019est inspir\u00e9 de quelques \u00e9l\u00e9ments du dessin de Thierry Larcher, comme le Negresco et la mythique promenade des Anglais. Nous avons souhait\u00e9 aller plus loin en int\u00e9grant des \u00e9l\u00e9ments architecturaux de la ville de Menton et ceux de la ville de Saint-Tropez. On imagine, dans l\u2019arri\u00e8re-pays, ces for\u00eats de pins parasols et on r\u00eave de visiter la Fondation Maeght, situ\u00e9e dans les hauteurs de Saint-Paul-de-Vence.<\/p>\n","protected":false},"excerpt":{"rendered":"<p>BOUGIE PARFUMEE BAOBAB C\u00d4TE D&#8217;AZUR CITRON,SEL DE MER ,MUSC Le d\u00e9cor s\u00e9rigraphi\u00e9 de la bougie C\u00f4te d\u2019Azur s\u2019est inspir\u00e9 de quelques \u00e9l\u00e9ments du dessin de Thierry Larcher, comme le Negresco&hellip;<\/p>\n","protected":false},"featured_media":116704,"comment_status":"open","ping_status":"closed","template":"","meta":{"_acf_changed":false},"product_brand":[],"product_cat":[1223,1222,1224,1217],"product_tag":[],"collection":[],"brand":[],"designer":[],"class_list":{"0":"post-116699","1":"product","2":"type-product","3":"status-publish","4":"has-post-thumbnail","6":"product_cat-scented-candles","7":"product_cat-candle-candle-holder","8":"product_cat-wax-candles","9":"product_cat-decoration","11":"first","12":"instock","13":"sold-individually","14":"shipping-taxable","15":"purchasable","16":"product-type-simple","17":"layout-style-1","18":"col-md-4 col-sm-4 col-xs-6","19":"col-lg-3","20":"product-style-quickview"},"acf":[],"yoast_head":"<!-- This site is optimized with the Yoast SEO plugin v24.9 - https:\/\/yoast.com\/wordpress\/plugins\/seo\/ -->\n<title>BOUGIE BAOBAB - C\u00d4TE D&#039;AZUR MAX 24 - Plaisir du Jardin<\/title>\n<meta name=\"robots\" content=\"index, follow, max-snippet:-1, max-image-preview:large, max-video-preview:-1\" \/>\n<link rel=\"canonical\" href=\"https:\/\/plaisirdujardin.com\/nl\/product\/bougie-baobab-cote-dazur-max-24\/\" \/>\n<meta property=\"og:locale\" content=\"nl_NL\" \/>\n<meta property=\"og:type\" content=\"article\" \/>\n<meta property=\"og:title\" content=\"BOUGIE BAOBAB - C\u00d4TE D&#039;AZUR MAX 24 - Plaisir du Jardin\" \/>\n<meta property=\"og:description\" content=\"BOUGIE PARFUMEE BAOBAB C\u00d4TE D&#8217;AZUR CITRON,SEL DE MER ,MUSC Le d\u00e9cor s\u00e9rigraphi\u00e9 de la bougie C\u00f4te d\u2019Azur s\u2019est inspir\u00e9 de quelques \u00e9l\u00e9ments du dessin de Thierry Larcher, comme le Negresco&hellip;\" \/>\n<meta property=\"og:url\" content=\"https:\/\/plaisirdujardin.com\/nl\/product\/bougie-baobab-cote-dazur-max-24\/\" \/>\n<meta property=\"og:site_name\" content=\"Plaisir du Jardin\" \/>\n<meta property=\"article:modified_time\" content=\"2025-04-18T11:40:54+00:00\" \/>\n<meta property=\"og:image\" content=\"https:\/\/plaisirdujardin.com\/wp-content\/uploads\/2025\/04\/Coted_Azur-max35_1100x.webp\" \/>\n\t<meta property=\"og:image:width\" content=\"1100\" \/>\n\t<meta property=\"og:image:height\" content=\"1375\" \/>\n\t<meta property=\"og:image:type\" content=\"image\/webp\" \/>\n<meta name=\"twitter:card\" content=\"summary_large_image\" \/>\n<meta name=\"twitter:label1\" content=\"Geschatte leestijd\" \/>\n\t<meta name=\"twitter:data1\" content=\"1 minuut\" \/>\n<script type=\"application\/ld+json\" class=\"yoast-schema-graph\">{\"@context\":\"https:\/\/schema.org\",\"@graph\":[{\"@type\":\"WebPage\",\"@id\":\"https:\/\/plaisirdujardin.com\/nl\/product\/bougie-baobab-cote-dazur-max-24\/\",\"url\":\"https:\/\/plaisirdujardin.com\/nl\/product\/bougie-baobab-cote-dazur-max-24\/\",\"name\":\"BOUGIE BAOBAB - C\u00d4TE D'AZUR MAX 24 - Plaisir du Jardin\",\"isPartOf\":{\"@id\":\"https:\/\/plaisirdujardin.com\/nl\/#website\"},\"primaryImageOfPage\":{\"@id\":\"https:\/\/plaisirdujardin.com\/nl\/product\/bougie-baobab-cote-dazur-max-24\/#primaryimage\"},\"image\":{\"@id\":\"https:\/\/plaisirdujardin.com\/nl\/product\/bougie-baobab-cote-dazur-max-24\/#primaryimage\"},\"thumbnailUrl\":\"https:\/\/plaisirdujardin.com\/wp-content\/uploads\/2025\/04\/Coted_Azur-max35_1100x.webp\",\"datePublished\":\"2025-04-18T11:40:11+00:00\",\"dateModified\":\"2025-04-18T11:40:54+00:00\",\"breadcrumb\":{\"@id\":\"https:\/\/plaisirdujardin.com\/nl\/product\/bougie-baobab-cote-dazur-max-24\/#breadcrumb\"},\"inLanguage\":\"nl-NL\",\"potentialAction\":[{\"@type\":\"ReadAction\",\"target\":[\"https:\/\/plaisirdujardin.com\/nl\/product\/bougie-baobab-cote-dazur-max-24\/\"]}]},{\"@type\":\"ImageObject\",\"inLanguage\":\"nl-NL\",\"@id\":\"https:\/\/plaisirdujardin.com\/nl\/product\/bougie-baobab-cote-dazur-max-24\/#primaryimage\",\"url\":\"https:\/\/plaisirdujardin.com\/wp-content\/uploads\/2025\/04\/Coted_Azur-max35_1100x.webp\",\"contentUrl\":\"https:\/\/plaisirdujardin.com\/wp-content\/uploads\/2025\/04\/Coted_Azur-max35_1100x.webp\",\"width\":1100,\"height\":1375},{\"@type\":\"BreadcrumbList\",\"@id\":\"https:\/\/plaisirdujardin.com\/nl\/product\/bougie-baobab-cote-dazur-max-24\/#breadcrumb\",\"itemListElement\":[{\"@type\":\"ListItem\",\"position\":1,\"name\":\"Home\",\"item\":\"https:\/\/plaisirdujardin.com\/nl\/home\/\"},{\"@type\":\"ListItem\",\"position\":2,\"name\":\"Winkel op\",\"item\":\"https:\/\/plaisirdujardin.com\/nl\/winkel-op\/\"},{\"@type\":\"ListItem\",\"position\":3,\"name\":\"BOUGIE BAOBAB &#8211; C\u00d4TE D&#8217;AZUR MAX 24\"}]},{\"@type\":\"WebSite\",\"@id\":\"https:\/\/plaisirdujardin.com\/nl\/#website\",\"url\":\"https:\/\/plaisirdujardin.com\/nl\/\",\"name\":\"Plaisir du Jardin\",\"description\":\"Plezier in de tuin - Tuinmeubilair &amp; Buitendecoratie\",\"publisher\":{\"@id\":\"https:\/\/plaisirdujardin.com\/nl\/#organization\"},\"potentialAction\":[{\"@type\":\"SearchAction\",\"target\":{\"@type\":\"EntryPoint\",\"urlTemplate\":\"https:\/\/plaisirdujardin.com\/nl\/?s={search_term_string}\"},\"query-input\":{\"@type\":\"PropertyValueSpecification\",\"valueRequired\":true,\"valueName\":\"search_term_string\"}}],\"inLanguage\":\"nl-NL\"},{\"@type\":\"Organization\",\"@id\":\"https:\/\/plaisirdujardin.com\/nl\/#organization\",\"name\":\"Plaisir du Jardin\",\"url\":\"https:\/\/plaisirdujardin.com\/nl\/\",\"logo\":{\"@type\":\"ImageObject\",\"inLanguage\":\"nl-NL\",\"@id\":\"https:\/\/plaisirdujardin.com\/nl\/#\/schema\/logo\/image\/\",\"url\":\"https:\/\/plaisirdujardin.com\/wp-content\/uploads\/2024\/07\/logo-plaisir-du-jardin-dark.svg\",\"contentUrl\":\"https:\/\/plaisirdujardin.com\/wp-content\/uploads\/2024\/07\/logo-plaisir-du-jardin-dark.svg\",\"width\":914,\"height\":440,\"caption\":\"Plaisir du Jardin\"},\"image\":{\"@id\":\"https:\/\/plaisirdujardin.com\/nl\/#\/schema\/logo\/image\/\"}}]}<\/script>\n<!-- \/ Yoast SEO plugin. -->","yoast_head_json":{"title":"BOUGIE BAOBAB - C\u00d4TE D'AZUR MAX 24 - Plaisir du Jardin","robots":{"index":"index","follow":"follow","max-snippet":"max-snippet:-1","max-image-preview":"max-image-preview:large","max-video-preview":"max-video-preview:-1"},"canonical":"https:\/\/plaisirdujardin.com\/nl\/product\/bougie-baobab-cote-dazur-max-24\/","og_locale":"nl_NL","og_type":"article","og_title":"BOUGIE BAOBAB - C\u00d4TE D'AZUR MAX 24 - Plaisir du Jardin","og_description":"BOUGIE PARFUMEE BAOBAB C\u00d4TE D&#8217;AZUR CITRON,SEL DE MER ,MUSC Le d\u00e9cor s\u00e9rigraphi\u00e9 de la bougie C\u00f4te d\u2019Azur s\u2019est inspir\u00e9 de quelques \u00e9l\u00e9ments du dessin de Thierry Larcher, comme le Negresco&hellip;","og_url":"https:\/\/plaisirdujardin.com\/nl\/product\/bougie-baobab-cote-dazur-max-24\/","og_site_name":"Plaisir du Jardin","article_modified_time":"2025-04-18T11:40:54+00:00","og_image":[{"width":1100,"height":1375,"url":"https:\/\/plaisirdujardin.com\/wp-content\/uploads\/2025\/04\/Coted_Azur-max35_1100x.webp","type":"image\/webp"}],"twitter_card":"summary_large_image","twitter_misc":{"Geschatte leestijd":"1 minuut"},"schema":{"@context":"https:\/\/schema.org","@graph":[{"@type":"WebPage","@id":"https:\/\/plaisirdujardin.com\/nl\/product\/bougie-baobab-cote-dazur-max-24\/","url":"https:\/\/plaisirdujardin.com\/nl\/product\/bougie-baobab-cote-dazur-max-24\/","name":"BOUGIE BAOBAB - C\u00d4TE D'AZUR MAX 24 - Plaisir du Jardin","isPartOf":{"@id":"https:\/\/plaisirdujardin.com\/nl\/#website"},"primaryImageOfPage":{"@id":"https:\/\/plaisirdujardin.com\/nl\/product\/bougie-baobab-cote-dazur-max-24\/#primaryimage"},"image":{"@id":"https:\/\/plaisirdujardin.com\/nl\/product\/bougie-baobab-cote-dazur-max-24\/#primaryimage"},"thumbnailUrl":"https:\/\/plaisirdujardin.com\/wp-content\/uploads\/2025\/04\/Coted_Azur-max35_1100x.webp","datePublished":"2025-04-18T11:40:11+00:00","dateModified":"2025-04-18T11:40:54+00:00","breadcrumb":{"@id":"https:\/\/plaisirdujardin.com\/nl\/product\/bougie-baobab-cote-dazur-max-24\/#breadcrumb"},"inLanguage":"nl-NL","potentialAction":[{"@type":"ReadAction","target":["https:\/\/plaisirdujardin.com\/nl\/product\/bougie-baobab-cote-dazur-max-24\/"]}]},{"@type":"ImageObject","inLanguage":"nl-NL","@id":"https:\/\/plaisirdujardin.com\/nl\/product\/bougie-baobab-cote-dazur-max-24\/#primaryimage","url":"https:\/\/plaisirdujardin.com\/wp-content\/uploads\/2025\/04\/Coted_Azur-max35_1100x.webp","contentUrl":"https:\/\/plaisirdujardin.com\/wp-content\/uploads\/2025\/04\/Coted_Azur-max35_1100x.webp","width":1100,"height":1375},{"@type":"BreadcrumbList","@id":"https:\/\/plaisirdujardin.com\/nl\/product\/bougie-baobab-cote-dazur-max-24\/#breadcrumb","itemListElement":[{"@type":"ListItem","position":1,"name":"Home","item":"https:\/\/plaisirdujardin.com\/nl\/home\/"},{"@type":"ListItem","position":2,"name":"Winkel op","item":"https:\/\/plaisirdujardin.com\/nl\/winkel-op\/"},{"@type":"ListItem","position":3,"name":"BOUGIE BAOBAB &#8211; C\u00d4TE D&#8217;AZUR MAX 24"}]},{"@type":"WebSite","@id":"https:\/\/plaisirdujardin.com\/nl\/#website","url":"https:\/\/plaisirdujardin.com\/nl\/","name":"Plaisir du Jardin","description":"Plezier in de tuin - Tuinmeubilair &amp; Buitendecoratie","publisher":{"@id":"https:\/\/plaisirdujardin.com\/nl\/#organization"},"potentialAction":[{"@type":"SearchAction","target":{"@type":"EntryPoint","urlTemplate":"https:\/\/plaisirdujardin.com\/nl\/?s={search_term_string}"},"query-input":{"@type":"PropertyValueSpecification","valueRequired":true,"valueName":"search_term_string"}}],"inLanguage":"nl-NL"},{"@type":"Organization","@id":"https:\/\/plaisirdujardin.com\/nl\/#organization","name":"Plaisir du Jardin","url":"https:\/\/plaisirdujardin.com\/nl\/","logo":{"@type":"ImageObject","inLanguage":"nl-NL","@id":"https:\/\/plaisirdujardin.com\/nl\/#\/schema\/logo\/image\/","url":"https:\/\/plaisirdujardin.com\/wp-content\/uploads\/2024\/07\/logo-plaisir-du-jardin-dark.svg","contentUrl":"https:\/\/plaisirdujardin.com\/wp-content\/uploads\/2024\/07\/logo-plaisir-du-jardin-dark.svg","width":914,"height":440,"caption":"Plaisir du Jardin"},"image":{"@id":"https:\/\/plaisirdujardin.com\/nl\/#\/schema\/logo\/image\/"}}]}},"_links":{"self":[{"href":"https:\/\/plaisirdujardin.com\/nl\/wp-json\/wp\/v2\/product\/116699","targetHints":{"allow":["GET"]}}],"collection":[{"href":"https:\/\/plaisirdujardin.com\/nl\/wp-json\/wp\/v2\/product"}],"about":[{"href":"https:\/\/plaisirdujardin.com\/nl\/wp-json\/wp\/v2\/types\/product"}],"replies":[{"embeddable":true,"href":"https:\/\/plaisirdujardin.com\/nl\/wp-json\/wp\/v2\/comments?post=116699"}],"wp:featuredmedia":[{"embeddable":true,"href":"https:\/\/plaisirdujardin.com\/nl\/wp-json\/wp\/v2\/media\/116704"}],"wp:attachment":[{"href":"https:\/\/plaisirdujardin.com\/nl\/wp-json\/wp\/v2\/media?parent=116699"}],"wp:term":[{"taxonomy":"product_brand","embeddable":true,"href":"https:\/\/plaisirdujardin.com\/nl\/wp-json\/wp\/v2\/product_brand?post=116699"},{"taxonomy":"product_cat","embeddable":true,"href":"https:\/\/plaisirdujardin.com\/nl\/wp-json\/wp\/v2\/product_cat?post=116699"},{"taxonomy":"product_tag","embeddable":true,"href":"https:\/\/plaisirdujardin.com\/nl\/wp-json\/wp\/v2\/product_tag?post=116699"},{"taxonomy":"collection","embeddable":true,"href":"https:\/\/plaisirdujardin.com\/nl\/wp-json\/wp\/v2\/collection?post=116699"},{"taxonomy":"brand","embeddable":true,"href":"https:\/\/plaisirdujardin.com\/nl\/wp-json\/wp\/v2\/brand?post=116699"},{"taxonomy":"designer","embeddable":true,"href":"https:\/\/plaisirdujardin.com\/nl\/wp-json\/wp\/v2\/designer?post=116699"}],"curies":[{"name":"wp","href":"https:\/\/api.w.org\/{rel}","templated":true}]}}