{"id":98554,"date":"2024-12-29T14:37:55","date_gmt":"2024-12-29T12:37:55","guid":{"rendered":"http:\/\/preview.plaisirdujardin.com\/product\/cadre-tresse-pour-la-lanterne-dala-m-o-34-cm-hauteur-47-cm-y-compris-la-base-en-anneau\/"},"modified":"2025-01-23T21:10:32","modified_gmt":"2025-01-23T19:10:32","slug":"cadre-tresse-pour-la-lanterne-dala-m-o-34-cm-hauteur-47-cm-y-compris-la-base-en-anneau","status":"publish","type":"product","link":"https:\/\/plaisirdujardin.com\/fr\/product\/cadre-tresse-pour-la-lanterne-dala-m-o-34-cm-hauteur-47-cm-y-compris-la-base-en-anneau\/","title":{"rendered":"Cadre tress\u00e9 pour la lanterne DALA M, \u00d8 34 cm, hauteur 47 cm, y compris la base en anneau"},"content":{"rendered":"<p>Cadre tiss\u00e9 pour la lanterne DALA M, \u00d8 34 cm, hauteur 47 cm, y compris la base en anneau<\/p>\n","protected":false},"excerpt":{"rendered":"<p>Cadre tiss\u00e9 pour la lanterne DALA M, \u00d8 34 cm, hauteur 47 cm, y compris la base en anneau<\/p>\n","protected":false},"featured_media":0,"comment_status":"closed","ping_status":"closed","template":"","meta":{"_acf_changed":false},"product_brand":[],"product_cat":[1385],"product_tag":[],"collection":[1037],"brand":[120],"designer":[1038],"class_list":{"0":"post-98554","1":"product","2":"type-product","3":"status-publish","5":"product_cat-eclairage1","6":"pa_fabric-color-black-fr","7":"pa_fabric-color-nori-fr","8":"pa_fabric-color-terracotta-fr","9":"pa_fabric-color-white-fr","10":"pa_frame-color-bahamas-fr","11":"pa_frame-color-cuba-fr","12":"pa_frame-color-ibiza-fr","13":"pa_frame-color-rioja-fr","14":"pa_frame-color-ubud-fr","15":"collection-dala","16":"brand-dedon","17":"designer-stephen-burks","19":"first","20":"instock","21":"sold-individually","22":"purchasable","23":"product-type-variable","24":"has-default-attributes","25":"layout-style-1","26":"col-md-4 col-sm-4 col-xs-6","27":"col-lg-3","28":"product-style-quickview"},"acf":[],"yoast_head":"<!-- This site is optimized with the Yoast SEO plugin v24.9 - https:\/\/yoast.com\/wordpress\/plugins\/seo\/ -->\n<title>Cadre tress\u00e9 pour la lanterne DALA M, \u00d8 34 cm, hauteur 47 cm, y compris la base en anneau - Plaisir du Jardin<\/title>\n<meta name=\"robots\" content=\"index, follow, max-snippet:-1, max-image-preview:large, max-video-preview:-1\" \/>\n<link rel=\"canonical\" href=\"https:\/\/plaisirdujardin.com\/fr\/product\/cadre-tresse-pour-la-lanterne-dala-m-o-34-cm-hauteur-47-cm-y-compris-la-base-en-anneau\/\" \/>\n<meta property=\"og:locale\" content=\"fr_FR\" \/>\n<meta property=\"og:type\" content=\"article\" \/>\n<meta property=\"og:title\" content=\"Cadre tress\u00e9 pour la lanterne DALA M, \u00d8 34 cm, hauteur 47 cm, y compris la base en anneau - Plaisir du Jardin\" \/>\n<meta property=\"og:description\" content=\"Cadre tiss\u00e9 pour la lanterne DALA M, \u00d8 34 cm, hauteur 47 cm, y compris la base en anneau\" \/>\n<meta property=\"og:url\" content=\"https:\/\/plaisirdujardin.com\/fr\/product\/cadre-tresse-pour-la-lanterne-dala-m-o-34-cm-hauteur-47-cm-y-compris-la-base-en-anneau\/\" \/>\n<meta property=\"og:site_name\" content=\"Plaisir du Jardin\" \/>\n<meta property=\"article:modified_time\" content=\"2025-01-23T19:10:32+00:00\" \/>\n<meta property=\"og:image\" content=\"https:\/\/plaisirdujardin.com\/wp-content\/uploads\/2025\/03\/Outdoor-Furniture.webp\" \/>\n\t<meta property=\"og:image:width\" content=\"160\" \/>\n\t<meta property=\"og:image:height\" content=\"111\" \/>\n\t<meta property=\"og:image:type\" content=\"image\/webp\" \/>\n<meta name=\"twitter:card\" content=\"summary_large_image\" \/>\n<script type=\"application\/ld+json\" class=\"yoast-schema-graph\">{\"@context\":\"https:\/\/schema.org\",\"@graph\":[{\"@type\":\"WebPage\",\"@id\":\"https:\/\/plaisirdujardin.com\/fr\/product\/cadre-tresse-pour-la-lanterne-dala-m-o-34-cm-hauteur-47-cm-y-compris-la-base-en-anneau\/\",\"url\":\"https:\/\/plaisirdujardin.com\/fr\/product\/cadre-tresse-pour-la-lanterne-dala-m-o-34-cm-hauteur-47-cm-y-compris-la-base-en-anneau\/\",\"name\":\"Cadre tress\u00e9 pour la lanterne DALA M, \u00d8 34 cm, hauteur 47 cm, y compris la base en anneau - Plaisir du Jardin\",\"isPartOf\":{\"@id\":\"https:\/\/plaisirdujardin.com\/fr\/#website\"},\"datePublished\":\"2024-12-29T12:37:55+00:00\",\"dateModified\":\"2025-01-23T19:10:32+00:00\",\"breadcrumb\":{\"@id\":\"https:\/\/plaisirdujardin.com\/fr\/product\/cadre-tresse-pour-la-lanterne-dala-m-o-34-cm-hauteur-47-cm-y-compris-la-base-en-anneau\/#breadcrumb\"},\"inLanguage\":\"fr-FR\",\"potentialAction\":[{\"@type\":\"ReadAction\",\"target\":[\"https:\/\/plaisirdujardin.com\/fr\/product\/cadre-tresse-pour-la-lanterne-dala-m-o-34-cm-hauteur-47-cm-y-compris-la-base-en-anneau\/\"]}]},{\"@type\":\"BreadcrumbList\",\"@id\":\"https:\/\/plaisirdujardin.com\/fr\/product\/cadre-tresse-pour-la-lanterne-dala-m-o-34-cm-hauteur-47-cm-y-compris-la-base-en-anneau\/#breadcrumb\",\"itemListElement\":[{\"@type\":\"ListItem\",\"position\":1,\"name\":\"Home\",\"item\":\"https:\/\/plaisirdujardin.com\/fr\/home\/\"},{\"@type\":\"ListItem\",\"position\":2,\"name\":\"Boutique\",\"item\":\"https:\/\/plaisirdujardin.com\/fr\/boutique-2\/\"},{\"@type\":\"ListItem\",\"position\":3,\"name\":\"Cadre tress\u00e9 pour la lanterne DALA M, \u00d8 34 cm, hauteur 47 cm, y compris la base en anneau\"}]},{\"@type\":\"WebSite\",\"@id\":\"https:\/\/plaisirdujardin.com\/fr\/#website\",\"url\":\"https:\/\/plaisirdujardin.com\/fr\/\",\"name\":\"Plaisir du Jardin\",\"description\":\"Plaisir du jardin - Mobilier de jardin et d\u00e9coration ext\u00e9rieure\",\"publisher\":{\"@id\":\"https:\/\/plaisirdujardin.com\/fr\/#organization\"},\"potentialAction\":[{\"@type\":\"SearchAction\",\"target\":{\"@type\":\"EntryPoint\",\"urlTemplate\":\"https:\/\/plaisirdujardin.com\/fr\/?s={search_term_string}\"},\"query-input\":{\"@type\":\"PropertyValueSpecification\",\"valueRequired\":true,\"valueName\":\"search_term_string\"}}],\"inLanguage\":\"fr-FR\"},{\"@type\":\"Organization\",\"@id\":\"https:\/\/plaisirdujardin.com\/fr\/#organization\",\"name\":\"Plaisir du Jardin\",\"url\":\"https:\/\/plaisirdujardin.com\/fr\/\",\"logo\":{\"@type\":\"ImageObject\",\"inLanguage\":\"fr-FR\",\"@id\":\"https:\/\/plaisirdujardin.com\/fr\/#\/schema\/logo\/image\/\",\"url\":\"https:\/\/plaisirdujardin.com\/wp-content\/uploads\/2024\/07\/logo-plaisir-du-jardin-dark.svg\",\"contentUrl\":\"https:\/\/plaisirdujardin.com\/wp-content\/uploads\/2024\/07\/logo-plaisir-du-jardin-dark.svg\",\"width\":914,\"height\":440,\"caption\":\"Plaisir du Jardin\"},\"image\":{\"@id\":\"https:\/\/plaisirdujardin.com\/fr\/#\/schema\/logo\/image\/\"}}]}<\/script>\n<!-- \/ Yoast SEO plugin. -->","yoast_head_json":{"title":"Cadre tress\u00e9 pour la lanterne DALA M, \u00d8 34 cm, hauteur 47 cm, y compris la base en anneau - Plaisir du Jardin","robots":{"index":"index","follow":"follow","max-snippet":"max-snippet:-1","max-image-preview":"max-image-preview:large","max-video-preview":"max-video-preview:-1"},"canonical":"https:\/\/plaisirdujardin.com\/fr\/product\/cadre-tresse-pour-la-lanterne-dala-m-o-34-cm-hauteur-47-cm-y-compris-la-base-en-anneau\/","og_locale":"fr_FR","og_type":"article","og_title":"Cadre tress\u00e9 pour la lanterne DALA M, \u00d8 34 cm, hauteur 47 cm, y compris la base en anneau - Plaisir du Jardin","og_description":"Cadre tiss\u00e9 pour la lanterne DALA M, \u00d8 34 cm, hauteur 47 cm, y compris la base en anneau","og_url":"https:\/\/plaisirdujardin.com\/fr\/product\/cadre-tresse-pour-la-lanterne-dala-m-o-34-cm-hauteur-47-cm-y-compris-la-base-en-anneau\/","og_site_name":"Plaisir du Jardin","article_modified_time":"2025-01-23T19:10:32+00:00","og_image":[{"width":160,"height":111,"url":"https:\/\/plaisirdujardin.com\/wp-content\/uploads\/2025\/03\/Outdoor-Furniture.webp","type":"image\/webp"}],"twitter_card":"summary_large_image","schema":{"@context":"https:\/\/schema.org","@graph":[{"@type":"WebPage","@id":"https:\/\/plaisirdujardin.com\/fr\/product\/cadre-tresse-pour-la-lanterne-dala-m-o-34-cm-hauteur-47-cm-y-compris-la-base-en-anneau\/","url":"https:\/\/plaisirdujardin.com\/fr\/product\/cadre-tresse-pour-la-lanterne-dala-m-o-34-cm-hauteur-47-cm-y-compris-la-base-en-anneau\/","name":"Cadre tress\u00e9 pour la lanterne DALA M, \u00d8 34 cm, hauteur 47 cm, y compris la base en anneau - Plaisir du Jardin","isPartOf":{"@id":"https:\/\/plaisirdujardin.com\/fr\/#website"},"datePublished":"2024-12-29T12:37:55+00:00","dateModified":"2025-01-23T19:10:32+00:00","breadcrumb":{"@id":"https:\/\/plaisirdujardin.com\/fr\/product\/cadre-tresse-pour-la-lanterne-dala-m-o-34-cm-hauteur-47-cm-y-compris-la-base-en-anneau\/#breadcrumb"},"inLanguage":"fr-FR","potentialAction":[{"@type":"ReadAction","target":["https:\/\/plaisirdujardin.com\/fr\/product\/cadre-tresse-pour-la-lanterne-dala-m-o-34-cm-hauteur-47-cm-y-compris-la-base-en-anneau\/"]}]},{"@type":"BreadcrumbList","@id":"https:\/\/plaisirdujardin.com\/fr\/product\/cadre-tresse-pour-la-lanterne-dala-m-o-34-cm-hauteur-47-cm-y-compris-la-base-en-anneau\/#breadcrumb","itemListElement":[{"@type":"ListItem","position":1,"name":"Home","item":"https:\/\/plaisirdujardin.com\/fr\/home\/"},{"@type":"ListItem","position":2,"name":"Boutique","item":"https:\/\/plaisirdujardin.com\/fr\/boutique-2\/"},{"@type":"ListItem","position":3,"name":"Cadre tress\u00e9 pour la lanterne DALA M, \u00d8 34 cm, hauteur 47 cm, y compris la base en anneau"}]},{"@type":"WebSite","@id":"https:\/\/plaisirdujardin.com\/fr\/#website","url":"https:\/\/plaisirdujardin.com\/fr\/","name":"Plaisir du Jardin","description":"Plaisir du jardin - Mobilier de jardin et d\u00e9coration ext\u00e9rieure","publisher":{"@id":"https:\/\/plaisirdujardin.com\/fr\/#organization"},"potentialAction":[{"@type":"SearchAction","target":{"@type":"EntryPoint","urlTemplate":"https:\/\/plaisirdujardin.com\/fr\/?s={search_term_string}"},"query-input":{"@type":"PropertyValueSpecification","valueRequired":true,"valueName":"search_term_string"}}],"inLanguage":"fr-FR"},{"@type":"Organization","@id":"https:\/\/plaisirdujardin.com\/fr\/#organization","name":"Plaisir du Jardin","url":"https:\/\/plaisirdujardin.com\/fr\/","logo":{"@type":"ImageObject","inLanguage":"fr-FR","@id":"https:\/\/plaisirdujardin.com\/fr\/#\/schema\/logo\/image\/","url":"https:\/\/plaisirdujardin.com\/wp-content\/uploads\/2024\/07\/logo-plaisir-du-jardin-dark.svg","contentUrl":"https:\/\/plaisirdujardin.com\/wp-content\/uploads\/2024\/07\/logo-plaisir-du-jardin-dark.svg","width":914,"height":440,"caption":"Plaisir du Jardin"},"image":{"@id":"https:\/\/plaisirdujardin.com\/fr\/#\/schema\/logo\/image\/"}}]}},"_links":{"self":[{"href":"https:\/\/plaisirdujardin.com\/fr\/wp-json\/wp\/v2\/product\/98554","targetHints":{"allow":["GET"]}}],"collection":[{"href":"https:\/\/plaisirdujardin.com\/fr\/wp-json\/wp\/v2\/product"}],"about":[{"href":"https:\/\/plaisirdujardin.com\/fr\/wp-json\/wp\/v2\/types\/product"}],"replies":[{"embeddable":true,"href":"https:\/\/plaisirdujardin.com\/fr\/wp-json\/wp\/v2\/comments?post=98554"}],"wp:attachment":[{"href":"https:\/\/plaisirdujardin.com\/fr\/wp-json\/wp\/v2\/media?parent=98554"}],"wp:term":[{"taxonomy":"product_brand","embeddable":true,"href":"https:\/\/plaisirdujardin.com\/fr\/wp-json\/wp\/v2\/product_brand?post=98554"},{"taxonomy":"product_cat","embeddable":true,"href":"https:\/\/plaisirdujardin.com\/fr\/wp-json\/wp\/v2\/product_cat?post=98554"},{"taxonomy":"product_tag","embeddable":true,"href":"https:\/\/plaisirdujardin.com\/fr\/wp-json\/wp\/v2\/product_tag?post=98554"},{"taxonomy":"collection","embeddable":true,"href":"https:\/\/plaisirdujardin.com\/fr\/wp-json\/wp\/v2\/collection?post=98554"},{"taxonomy":"brand","embeddable":true,"href":"https:\/\/plaisirdujardin.com\/fr\/wp-json\/wp\/v2\/brand?post=98554"},{"taxonomy":"designer","embeddable":true,"href":"https:\/\/plaisirdujardin.com\/fr\/wp-json\/wp\/v2\/designer?post=98554"}],"curies":[{"name":"wp","href":"https:\/\/api.w.org\/{rel}","templated":true}]}}