{"id":110579,"date":"2024-09-30T15:43:06","date_gmt":"2024-09-30T13:43:06","guid":{"rendered":"http:\/\/preview.plaisirdujardin.com\/product\/fauteuil-cabriolet-1900\/"},"modified":"2025-01-26T18:34:44","modified_gmt":"2025-01-26T16:34:44","slug":"fauteuil-cabriolet-1900","status":"publish","type":"product","link":"https:\/\/plaisirdujardin.com\/fr\/product\/fauteuil-cabriolet-1900\/","title":{"rendered":"FAUTEUIL CABRIOLET 1900"},"content":{"rendered":"<p>Le chic et le romantisme de la collection 1900 r\u00e9gneront en ma\u00eetre dans votre espace ext\u00e9rieur ! Gr\u00e2ce au style Belle \u00c9poque de ce <strong>fauteuil cabriolet<\/strong>, vous aurez l&rsquo;impression de voyager dans le temps ! Que vous soyez \u00e0 l&rsquo;int\u00e9rieur ou \u00e0 l&rsquo;ext\u00e9rieur, blottissez-vous dans ce fauteuil aux dimensions g\u00e9n\u00e9reuses et aux lignes courbes. D\u00e9tendez-vous et lisez un livre en profitant de son ambiance boudoir ou profitez de son style salon de th\u00e9 pour savourer une boisson. Quoi qu&rsquo;il en soit, vous ne manquerez pas d&rsquo;admirer cette superbe \u0153uvre d&rsquo;art : les <strong>moindres<\/strong> d\u00e9tails des <strong>volutes de<\/strong> ce fauteuil sont r\u00e9alis\u00e9s \u00e0 la main avec 64 coups de marteau et l&rsquo;impressionnant processus d&rsquo;assemblage pour r\u00e9aliser votre fauteuil cabriolet 1900 n\u00e9cessite un travail manuel complexe !<br \/>\nLe mobilier ultime offre une v\u00e9ritable \u00e9l\u00e9gance et un r\u00e9el confort : ce <strong>fauteuil d&rsquo;<\/strong> ext\u00e9rieur <strong>en m\u00e9tal<\/strong> pr\u00e9sente des lignes arrondies et un coussin moelleux et g\u00e9n\u00e9reux d&rsquo;une profondeur de 8 cm qui est \u00e0 la fois doux au toucher et incroyablement r\u00e9sistant pour une utilisation en ext\u00e9rieur. Son tissu <sup>Sunbrella\u00ae<\/sup> hydrofuge r\u00e9siste aux rayons UV, aux taches et aux moisissures. La forme convexe de son dossier \u00e9pouse la forme de votre corps et son assise large fait de ce fauteuil un v\u00e9ritable plaisir. A l&rsquo;ombre d&rsquo;un ch\u00eane dans le jardin, sur un balcon parisien ou dans le salon, ce fauteuil en m\u00e9tal se marie parfaitement avec une <a title=\"table basse en m\u00e9tal\" href=\"https:\/\/www.fermob.com\/en\/Products\/Furniture\/Lounge-chairs\/Low-armchairs-Footrests\/cabriolet-armchair-1900\" target=\"_blank\" rel=\"noopener noreferrer\">table basse de jardin de<\/a> la m\u00eame collection.<br \/>\nVous avez le choix entre 4 couleurs pour les coussins : Blanc cass\u00e9, Gris flanelle, Gris graphite et Gris taupe se marient parfaitement avec les teintes possibles de la structure du fauteuil. Optez pour une teinte neutre pour une ambiance charmante du<sup>20e<\/sup> si\u00e8cle ou choisissez une teinte plus vive pour un look contrastant, romantique et moderne \u00e0 la fois !<\/p>\n","protected":false},"excerpt":{"rendered":"<p>Le chic et le romantisme de la collection 1900 r\u00e9gneront en ma\u00eetre dans votre espace ext\u00e9rieur ! Gr\u00e2ce au style Belle \u00c9poque de ce fauteuil cabriolet, vous aurez l&rsquo;impression de&hellip;<\/p>\n","protected":false},"featured_media":77222,"comment_status":"open","ping_status":"closed","template":"","meta":{"_acf_changed":false},"product_brand":[],"product_cat":[1382],"product_tag":[],"collection":[1074],"brand":[122],"designer":[],"class_list":{"0":"post-110579","1":"product","2":"type-product","3":"status-publish","4":"has-post-thumbnail","6":"product_cat-fauteuil","7":"pa_fabric-color-flannel-grey-fr","8":"pa_fabric-color-graphite-grey-fr","9":"pa_fabric-color-grey-taupe-fr","10":"pa_fabric-color-off-white-fr","11":"pa_frame-color-acapulco-blue-fr","12":"pa_frame-color-anthracite-fr","13":"pa_frame-color-black-cherry-fr","14":"pa_frame-color-cactus-fr","15":"pa_frame-color-capucine-fr","16":"pa_frame-color-cedar-green-fr","17":"pa_frame-color-chili-fr","18":"pa_frame-color-clay-grey-fr","19":"pa_frame-color-cotton-white-fr","20":"pa_frame-color-deep-blue-fr","21":"pa_frame-color-frosted-lemon-fr","22":"pa_frame-color-gingerbread-fr","23":"pa_frame-color-honey-fr","24":"pa_frame-color-ice-mint-fr","25":"pa_frame-color-lapilli-grey-fr","26":"pa_frame-color-liquorice-fr","27":"pa_frame-color-marshmallow-fr","28":"pa_frame-color-nutmeg-fr","29":"pa_frame-color-opaline-green-fr","30":"pa_frame-color-pesto-fr","31":"pa_frame-color-poppy-fr","32":"pa_frame-color-red-ochre-fr","33":"pa_frame-color-rosemary-fr","34":"pa_frame-color-storm-grey-fr","35":"pa_frame-color-willow-green-fr","36":"collection-1074","37":"brand-fermob","39":"first","40":"instock","41":"sold-individually","42":"shipping-taxable","43":"purchasable","44":"product-type-variable","45":"layout-style-1","46":"col-md-4 col-sm-4 col-xs-6","47":"col-lg-3","48":"product-style-quickview"},"acf":[],"yoast_head":"<!-- This site is optimized with the Yoast SEO plugin v24.9 - https:\/\/yoast.com\/wordpress\/plugins\/seo\/ -->\n<title>FAUTEUIL CABRIOLET 1900 - Plaisir du Jardin<\/title>\n<meta name=\"robots\" content=\"index, follow, max-snippet:-1, max-image-preview:large, max-video-preview:-1\" \/>\n<link rel=\"canonical\" href=\"https:\/\/plaisirdujardin.com\/fr\/product\/fauteuil-cabriolet-1900\/\" \/>\n<meta property=\"og:locale\" content=\"fr_FR\" \/>\n<meta property=\"og:type\" content=\"article\" \/>\n<meta property=\"og:title\" content=\"FAUTEUIL CABRIOLET 1900 - Plaisir du Jardin\" \/>\n<meta property=\"og:description\" content=\"Le chic et le romantisme de la collection 1900 r\u00e9gneront en ma\u00eetre dans votre espace ext\u00e9rieur ! Gr\u00e2ce au style Belle \u00c9poque de ce fauteuil cabriolet, vous aurez l&rsquo;impression de&hellip;\" \/>\n<meta property=\"og:url\" content=\"https:\/\/plaisirdujardin.com\/fr\/product\/fauteuil-cabriolet-1900\/\" \/>\n<meta property=\"og:site_name\" content=\"Plaisir du Jardin\" \/>\n<meta property=\"article:modified_time\" content=\"2025-01-26T16:34:44+00:00\" \/>\n<meta property=\"og:image\" content=\"https:\/\/plaisirdujardin.com\/wp-content\/uploads\/2024\/08\/1900_FAUTEUIL_CABRIOLET_CACTUS_GRIS_FLANELLE_SKU_22058279.webp\" \/>\n\t<meta property=\"og:image:width\" content=\"1100\" \/>\n\t<meta property=\"og:image:height\" content=\"1100\" \/>\n\t<meta property=\"og:image:type\" content=\"image\/webp\" \/>\n<meta name=\"twitter:card\" content=\"summary_large_image\" \/>\n<meta name=\"twitter:label1\" content=\"Dur\u00e9e de lecture estim\u00e9e\" \/>\n\t<meta name=\"twitter:data1\" content=\"2 minutes\" \/>\n<script type=\"application\/ld+json\" class=\"yoast-schema-graph\">{\"@context\":\"https:\/\/schema.org\",\"@graph\":[{\"@type\":\"WebPage\",\"@id\":\"https:\/\/plaisirdujardin.com\/fr\/product\/fauteuil-cabriolet-1900\/\",\"url\":\"https:\/\/plaisirdujardin.com\/fr\/product\/fauteuil-cabriolet-1900\/\",\"name\":\"FAUTEUIL CABRIOLET 1900 - Plaisir du Jardin\",\"isPartOf\":{\"@id\":\"https:\/\/plaisirdujardin.com\/fr\/#website\"},\"primaryImageOfPage\":{\"@id\":\"https:\/\/plaisirdujardin.com\/fr\/product\/fauteuil-cabriolet-1900\/#primaryimage\"},\"image\":{\"@id\":\"https:\/\/plaisirdujardin.com\/fr\/product\/fauteuil-cabriolet-1900\/#primaryimage\"},\"thumbnailUrl\":\"https:\/\/plaisirdujardin.com\/wp-content\/uploads\/2024\/08\/1900_FAUTEUIL_CABRIOLET_CACTUS_GRIS_FLANELLE_SKU_22058279.webp\",\"datePublished\":\"2024-09-30T13:43:06+00:00\",\"dateModified\":\"2025-01-26T16:34:44+00:00\",\"breadcrumb\":{\"@id\":\"https:\/\/plaisirdujardin.com\/fr\/product\/fauteuil-cabriolet-1900\/#breadcrumb\"},\"inLanguage\":\"fr-FR\",\"potentialAction\":[{\"@type\":\"ReadAction\",\"target\":[\"https:\/\/plaisirdujardin.com\/fr\/product\/fauteuil-cabriolet-1900\/\"]}]},{\"@type\":\"ImageObject\",\"inLanguage\":\"fr-FR\",\"@id\":\"https:\/\/plaisirdujardin.com\/fr\/product\/fauteuil-cabriolet-1900\/#primaryimage\",\"url\":\"https:\/\/plaisirdujardin.com\/wp-content\/uploads\/2024\/08\/1900_FAUTEUIL_CABRIOLET_CACTUS_GRIS_FLANELLE_SKU_22058279.webp\",\"contentUrl\":\"https:\/\/plaisirdujardin.com\/wp-content\/uploads\/2024\/08\/1900_FAUTEUIL_CABRIOLET_CACTUS_GRIS_FLANELLE_SKU_22058279.webp\",\"width\":1100,\"height\":1100,\"caption\":\"1900_FAUTEUIL_CABRIOLET_CACTUS_GRIS_FLANELLE_SKU_22058279\"},{\"@type\":\"BreadcrumbList\",\"@id\":\"https:\/\/plaisirdujardin.com\/fr\/product\/fauteuil-cabriolet-1900\/#breadcrumb\",\"itemListElement\":[{\"@type\":\"ListItem\",\"position\":1,\"name\":\"Home\",\"item\":\"https:\/\/plaisirdujardin.com\/fr\/home\/\"},{\"@type\":\"ListItem\",\"position\":2,\"name\":\"Boutique\",\"item\":\"https:\/\/plaisirdujardin.com\/fr\/boutique-2\/\"},{\"@type\":\"ListItem\",\"position\":3,\"name\":\"FAUTEUIL CABRIOLET 1900\"}]},{\"@type\":\"WebSite\",\"@id\":\"https:\/\/plaisirdujardin.com\/fr\/#website\",\"url\":\"https:\/\/plaisirdujardin.com\/fr\/\",\"name\":\"Plaisir du Jardin\",\"description\":\"Plaisir du jardin - Mobilier de jardin et d\u00e9coration ext\u00e9rieure\",\"publisher\":{\"@id\":\"https:\/\/plaisirdujardin.com\/fr\/#organization\"},\"potentialAction\":[{\"@type\":\"SearchAction\",\"target\":{\"@type\":\"EntryPoint\",\"urlTemplate\":\"https:\/\/plaisirdujardin.com\/fr\/?s={search_term_string}\"},\"query-input\":{\"@type\":\"PropertyValueSpecification\",\"valueRequired\":true,\"valueName\":\"search_term_string\"}}],\"inLanguage\":\"fr-FR\"},{\"@type\":\"Organization\",\"@id\":\"https:\/\/plaisirdujardin.com\/fr\/#organization\",\"name\":\"Plaisir du Jardin\",\"url\":\"https:\/\/plaisirdujardin.com\/fr\/\",\"logo\":{\"@type\":\"ImageObject\",\"inLanguage\":\"fr-FR\",\"@id\":\"https:\/\/plaisirdujardin.com\/fr\/#\/schema\/logo\/image\/\",\"url\":\"https:\/\/plaisirdujardin.com\/wp-content\/uploads\/2024\/07\/logo-plaisir-du-jardin-dark.svg\",\"contentUrl\":\"https:\/\/plaisirdujardin.com\/wp-content\/uploads\/2024\/07\/logo-plaisir-du-jardin-dark.svg\",\"width\":914,\"height\":440,\"caption\":\"Plaisir du Jardin\"},\"image\":{\"@id\":\"https:\/\/plaisirdujardin.com\/fr\/#\/schema\/logo\/image\/\"}}]}<\/script>\n<!-- \/ Yoast SEO plugin. -->","yoast_head_json":{"title":"FAUTEUIL CABRIOLET 1900 - Plaisir du Jardin","robots":{"index":"index","follow":"follow","max-snippet":"max-snippet:-1","max-image-preview":"max-image-preview:large","max-video-preview":"max-video-preview:-1"},"canonical":"https:\/\/plaisirdujardin.com\/fr\/product\/fauteuil-cabriolet-1900\/","og_locale":"fr_FR","og_type":"article","og_title":"FAUTEUIL CABRIOLET 1900 - Plaisir du Jardin","og_description":"Le chic et le romantisme de la collection 1900 r\u00e9gneront en ma\u00eetre dans votre espace ext\u00e9rieur ! Gr\u00e2ce au style Belle \u00c9poque de ce fauteuil cabriolet, vous aurez l&rsquo;impression de&hellip;","og_url":"https:\/\/plaisirdujardin.com\/fr\/product\/fauteuil-cabriolet-1900\/","og_site_name":"Plaisir du Jardin","article_modified_time":"2025-01-26T16:34:44+00:00","og_image":[{"width":1100,"height":1100,"url":"https:\/\/plaisirdujardin.com\/wp-content\/uploads\/2024\/08\/1900_FAUTEUIL_CABRIOLET_CACTUS_GRIS_FLANELLE_SKU_22058279.webp","type":"image\/webp"}],"twitter_card":"summary_large_image","twitter_misc":{"Dur\u00e9e de lecture estim\u00e9e":"2 minutes"},"schema":{"@context":"https:\/\/schema.org","@graph":[{"@type":"WebPage","@id":"https:\/\/plaisirdujardin.com\/fr\/product\/fauteuil-cabriolet-1900\/","url":"https:\/\/plaisirdujardin.com\/fr\/product\/fauteuil-cabriolet-1900\/","name":"FAUTEUIL CABRIOLET 1900 - Plaisir du Jardin","isPartOf":{"@id":"https:\/\/plaisirdujardin.com\/fr\/#website"},"primaryImageOfPage":{"@id":"https:\/\/plaisirdujardin.com\/fr\/product\/fauteuil-cabriolet-1900\/#primaryimage"},"image":{"@id":"https:\/\/plaisirdujardin.com\/fr\/product\/fauteuil-cabriolet-1900\/#primaryimage"},"thumbnailUrl":"https:\/\/plaisirdujardin.com\/wp-content\/uploads\/2024\/08\/1900_FAUTEUIL_CABRIOLET_CACTUS_GRIS_FLANELLE_SKU_22058279.webp","datePublished":"2024-09-30T13:43:06+00:00","dateModified":"2025-01-26T16:34:44+00:00","breadcrumb":{"@id":"https:\/\/plaisirdujardin.com\/fr\/product\/fauteuil-cabriolet-1900\/#breadcrumb"},"inLanguage":"fr-FR","potentialAction":[{"@type":"ReadAction","target":["https:\/\/plaisirdujardin.com\/fr\/product\/fauteuil-cabriolet-1900\/"]}]},{"@type":"ImageObject","inLanguage":"fr-FR","@id":"https:\/\/plaisirdujardin.com\/fr\/product\/fauteuil-cabriolet-1900\/#primaryimage","url":"https:\/\/plaisirdujardin.com\/wp-content\/uploads\/2024\/08\/1900_FAUTEUIL_CABRIOLET_CACTUS_GRIS_FLANELLE_SKU_22058279.webp","contentUrl":"https:\/\/plaisirdujardin.com\/wp-content\/uploads\/2024\/08\/1900_FAUTEUIL_CABRIOLET_CACTUS_GRIS_FLANELLE_SKU_22058279.webp","width":1100,"height":1100,"caption":"1900_FAUTEUIL_CABRIOLET_CACTUS_GRIS_FLANELLE_SKU_22058279"},{"@type":"BreadcrumbList","@id":"https:\/\/plaisirdujardin.com\/fr\/product\/fauteuil-cabriolet-1900\/#breadcrumb","itemListElement":[{"@type":"ListItem","position":1,"name":"Home","item":"https:\/\/plaisirdujardin.com\/fr\/home\/"},{"@type":"ListItem","position":2,"name":"Boutique","item":"https:\/\/plaisirdujardin.com\/fr\/boutique-2\/"},{"@type":"ListItem","position":3,"name":"FAUTEUIL CABRIOLET 1900"}]},{"@type":"WebSite","@id":"https:\/\/plaisirdujardin.com\/fr\/#website","url":"https:\/\/plaisirdujardin.com\/fr\/","name":"Plaisir du Jardin","description":"Plaisir du jardin - Mobilier de jardin et d\u00e9coration ext\u00e9rieure","publisher":{"@id":"https:\/\/plaisirdujardin.com\/fr\/#organization"},"potentialAction":[{"@type":"SearchAction","target":{"@type":"EntryPoint","urlTemplate":"https:\/\/plaisirdujardin.com\/fr\/?s={search_term_string}"},"query-input":{"@type":"PropertyValueSpecification","valueRequired":true,"valueName":"search_term_string"}}],"inLanguage":"fr-FR"},{"@type":"Organization","@id":"https:\/\/plaisirdujardin.com\/fr\/#organization","name":"Plaisir du Jardin","url":"https:\/\/plaisirdujardin.com\/fr\/","logo":{"@type":"ImageObject","inLanguage":"fr-FR","@id":"https:\/\/plaisirdujardin.com\/fr\/#\/schema\/logo\/image\/","url":"https:\/\/plaisirdujardin.com\/wp-content\/uploads\/2024\/07\/logo-plaisir-du-jardin-dark.svg","contentUrl":"https:\/\/plaisirdujardin.com\/wp-content\/uploads\/2024\/07\/logo-plaisir-du-jardin-dark.svg","width":914,"height":440,"caption":"Plaisir du Jardin"},"image":{"@id":"https:\/\/plaisirdujardin.com\/fr\/#\/schema\/logo\/image\/"}}]}},"_links":{"self":[{"href":"https:\/\/plaisirdujardin.com\/fr\/wp-json\/wp\/v2\/product\/110579","targetHints":{"allow":["GET"]}}],"collection":[{"href":"https:\/\/plaisirdujardin.com\/fr\/wp-json\/wp\/v2\/product"}],"about":[{"href":"https:\/\/plaisirdujardin.com\/fr\/wp-json\/wp\/v2\/types\/product"}],"replies":[{"embeddable":true,"href":"https:\/\/plaisirdujardin.com\/fr\/wp-json\/wp\/v2\/comments?post=110579"}],"wp:featuredmedia":[{"embeddable":true,"href":"https:\/\/plaisirdujardin.com\/fr\/wp-json\/wp\/v2\/media\/77222"}],"wp:attachment":[{"href":"https:\/\/plaisirdujardin.com\/fr\/wp-json\/wp\/v2\/media?parent=110579"}],"wp:term":[{"taxonomy":"product_brand","embeddable":true,"href":"https:\/\/plaisirdujardin.com\/fr\/wp-json\/wp\/v2\/product_brand?post=110579"},{"taxonomy":"product_cat","embeddable":true,"href":"https:\/\/plaisirdujardin.com\/fr\/wp-json\/wp\/v2\/product_cat?post=110579"},{"taxonomy":"product_tag","embeddable":true,"href":"https:\/\/plaisirdujardin.com\/fr\/wp-json\/wp\/v2\/product_tag?post=110579"},{"taxonomy":"collection","embeddable":true,"href":"https:\/\/plaisirdujardin.com\/fr\/wp-json\/wp\/v2\/collection?post=110579"},{"taxonomy":"brand","embeddable":true,"href":"https:\/\/plaisirdujardin.com\/fr\/wp-json\/wp\/v2\/brand?post=110579"},{"taxonomy":"designer","embeddable":true,"href":"https:\/\/plaisirdujardin.com\/fr\/wp-json\/wp\/v2\/designer?post=110579"}],"curies":[{"name":"wp","href":"https:\/\/api.w.org\/{rel}","templated":true}]}}