{"id":109136,"date":"2024-10-14T12:16:02","date_gmt":"2024-10-14T10:16:02","guid":{"rendered":"http:\/\/preview.plaisirdujardin.com\/product\/sunlounger\/"},"modified":"2025-01-26T18:07:57","modified_gmt":"2025-01-26T16:07:57","slug":"sunlounger","status":"publish","type":"product","link":"https:\/\/plaisirdujardin.com\/fr\/product\/sunlounger\/","title":{"rendered":"SUNLOUNGER"},"content":{"rendered":"<p><strong>Cadre plat en acier<\/strong><br \/>\n<strong>Lit d&rsquo;ext\u00e9rieur en tissu Duo ou Stereo<\/strong><\/p>\n<ul>\n<li>Mati\u00e8re : Fil 100% polyester haute t\u00e9nacit\u00e9 enduit de PVC teint\u00e9 dans la masse (tissu ext\u00e9rieur OTF Batyline\u00ae)<\/li>\n<li>Dossier r\u00e9glable : 4 positions (0\u00b0-20\u00b0-36\u00b0-56\u00b0)<\/li>\n<li>Roues int\u00e9gr\u00e9es pour une mobilit\u00e9 ais\u00e9e<\/li>\n<li>Syst\u00e8me de r\u00e9glage : Fil d&rsquo;acier peint<\/li>\n<\/ul>\n","protected":false},"excerpt":{"rendered":"<p>Cadre plat en acier Lit d&rsquo;ext\u00e9rieur en tissu Duo ou Stereo Mati\u00e8re : Fil 100% polyester haute t\u00e9nacit\u00e9 enduit de PVC teint\u00e9 dans la masse (tissu ext\u00e9rieur OTF Batyline\u00ae) Dossier&hellip;<\/p>\n","protected":false},"featured_media":79182,"comment_status":"open","ping_status":"closed","template":"","meta":{"_acf_changed":false},"product_brand":[],"product_cat":[1380,1426],"product_tag":[],"collection":[478],"brand":[122],"designer":[468],"class_list":{"0":"post-109136","1":"product","2":"type-product","3":"status-publish","4":"has-post-thumbnail","6":"product_cat-salons","7":"product_cat-sunlounger-fr-2","8":"pa_color-cactus-fr","9":"pa_color-chili-fr","10":"pa_color-nutmeg-fr","11":"pa_color-stereo-acapulco-blue-fr","12":"pa_color-stereo-anthracite-fr","13":"pa_color-stereo-clay-grey-fr","14":"pa_color-stereo-rosemary-fr","15":"pa_color-stereo-storm-grey-fr","16":"collection-dune","17":"brand-fermob","18":"designer-pascal-mourgue","20":"first","21":"instock","22":"sold-individually","23":"shipping-taxable","24":"purchasable","25":"product-type-variable","26":"layout-style-1","27":"col-md-4 col-sm-4 col-xs-6","28":"col-lg-3","29":"product-style-quickview"},"acf":[],"yoast_head":"<!-- This site is optimized with the Yoast SEO plugin v24.9 - https:\/\/yoast.com\/wordpress\/plugins\/seo\/ -->\n<title>SUNLOUNGER - Plaisir du Jardin<\/title>\n<meta name=\"robots\" content=\"index, follow, max-snippet:-1, max-image-preview:large, max-video-preview:-1\" \/>\n<link rel=\"canonical\" href=\"https:\/\/plaisirdujardin.com\/fr\/product\/sunlounger\/\" \/>\n<meta property=\"og:locale\" content=\"fr_FR\" \/>\n<meta property=\"og:type\" content=\"article\" \/>\n<meta property=\"og:title\" content=\"SUNLOUNGER - Plaisir du Jardin\" \/>\n<meta property=\"og:description\" content=\"Cadre plat en acier Lit d&rsquo;ext\u00e9rieur en tissu Duo ou Stereo Mati\u00e8re : Fil 100% polyester haute t\u00e9nacit\u00e9 enduit de PVC teint\u00e9 dans la masse (tissu ext\u00e9rieur OTF Batyline\u00ae) Dossier&hellip;\" \/>\n<meta property=\"og:url\" content=\"https:\/\/plaisirdujardin.com\/fr\/product\/sunlounger\/\" \/>\n<meta property=\"og:site_name\" content=\"Plaisir du Jardin\" \/>\n<meta property=\"article:modified_time\" content=\"2025-01-26T16:07:57+00:00\" \/>\n<meta property=\"og:image\" content=\"https:\/\/plaisirdujardin.com\/wp-content\/uploads\/2024\/10\/DUNE_BAIN_DE_SOLEIL_CARBONE_03_SKU_130847ST.png\" \/>\n\t<meta property=\"og:image:width\" content=\"640\" \/>\n\t<meta property=\"og:image:height\" content=\"640\" \/>\n\t<meta property=\"og:image:type\" content=\"image\/png\" \/>\n<meta name=\"twitter:card\" content=\"summary_large_image\" \/>\n<script type=\"application\/ld+json\" class=\"yoast-schema-graph\">{\"@context\":\"https:\/\/schema.org\",\"@graph\":[{\"@type\":\"WebPage\",\"@id\":\"https:\/\/plaisirdujardin.com\/fr\/product\/sunlounger\/\",\"url\":\"https:\/\/plaisirdujardin.com\/fr\/product\/sunlounger\/\",\"name\":\"SUNLOUNGER - Plaisir du Jardin\",\"isPartOf\":{\"@id\":\"https:\/\/plaisirdujardin.com\/fr\/#website\"},\"primaryImageOfPage\":{\"@id\":\"https:\/\/plaisirdujardin.com\/fr\/product\/sunlounger\/#primaryimage\"},\"image\":{\"@id\":\"https:\/\/plaisirdujardin.com\/fr\/product\/sunlounger\/#primaryimage\"},\"thumbnailUrl\":\"https:\/\/plaisirdujardin.com\/wp-content\/uploads\/2024\/10\/DUNE_BAIN_DE_SOLEIL_CARBONE_03_SKU_130847ST.png\",\"datePublished\":\"2024-10-14T10:16:02+00:00\",\"dateModified\":\"2025-01-26T16:07:57+00:00\",\"breadcrumb\":{\"@id\":\"https:\/\/plaisirdujardin.com\/fr\/product\/sunlounger\/#breadcrumb\"},\"inLanguage\":\"fr-FR\",\"potentialAction\":[{\"@type\":\"ReadAction\",\"target\":[\"https:\/\/plaisirdujardin.com\/fr\/product\/sunlounger\/\"]}]},{\"@type\":\"ImageObject\",\"inLanguage\":\"fr-FR\",\"@id\":\"https:\/\/plaisirdujardin.com\/fr\/product\/sunlounger\/#primaryimage\",\"url\":\"https:\/\/plaisirdujardin.com\/wp-content\/uploads\/2024\/10\/DUNE_BAIN_DE_SOLEIL_CARBONE_03_SKU_130847ST.png\",\"contentUrl\":\"https:\/\/plaisirdujardin.com\/wp-content\/uploads\/2024\/10\/DUNE_BAIN_DE_SOLEIL_CARBONE_03_SKU_130847ST.png\",\"width\":4970,\"height\":4970},{\"@type\":\"BreadcrumbList\",\"@id\":\"https:\/\/plaisirdujardin.com\/fr\/product\/sunlounger\/#breadcrumb\",\"itemListElement\":[{\"@type\":\"ListItem\",\"position\":1,\"name\":\"Home\",\"item\":\"https:\/\/plaisirdujardin.com\/fr\/home\/\"},{\"@type\":\"ListItem\",\"position\":2,\"name\":\"Boutique\",\"item\":\"https:\/\/plaisirdujardin.com\/fr\/boutique-2\/\"},{\"@type\":\"ListItem\",\"position\":3,\"name\":\"SUNLOUNGER\"}]},{\"@type\":\"WebSite\",\"@id\":\"https:\/\/plaisirdujardin.com\/fr\/#website\",\"url\":\"https:\/\/plaisirdujardin.com\/fr\/\",\"name\":\"Plaisir du Jardin\",\"description\":\"Plaisir du jardin - Mobilier de jardin et d\u00e9coration ext\u00e9rieure\",\"publisher\":{\"@id\":\"https:\/\/plaisirdujardin.com\/fr\/#organization\"},\"potentialAction\":[{\"@type\":\"SearchAction\",\"target\":{\"@type\":\"EntryPoint\",\"urlTemplate\":\"https:\/\/plaisirdujardin.com\/fr\/?s={search_term_string}\"},\"query-input\":{\"@type\":\"PropertyValueSpecification\",\"valueRequired\":true,\"valueName\":\"search_term_string\"}}],\"inLanguage\":\"fr-FR\"},{\"@type\":\"Organization\",\"@id\":\"https:\/\/plaisirdujardin.com\/fr\/#organization\",\"name\":\"Plaisir du Jardin\",\"url\":\"https:\/\/plaisirdujardin.com\/fr\/\",\"logo\":{\"@type\":\"ImageObject\",\"inLanguage\":\"fr-FR\",\"@id\":\"https:\/\/plaisirdujardin.com\/fr\/#\/schema\/logo\/image\/\",\"url\":\"https:\/\/plaisirdujardin.com\/wp-content\/uploads\/2024\/07\/logo-plaisir-du-jardin-dark.svg\",\"contentUrl\":\"https:\/\/plaisirdujardin.com\/wp-content\/uploads\/2024\/07\/logo-plaisir-du-jardin-dark.svg\",\"width\":914,\"height\":440,\"caption\":\"Plaisir du Jardin\"},\"image\":{\"@id\":\"https:\/\/plaisirdujardin.com\/fr\/#\/schema\/logo\/image\/\"}}]}<\/script>\n<!-- \/ Yoast SEO plugin. -->","yoast_head_json":{"title":"SUNLOUNGER - Plaisir du Jardin","robots":{"index":"index","follow":"follow","max-snippet":"max-snippet:-1","max-image-preview":"max-image-preview:large","max-video-preview":"max-video-preview:-1"},"canonical":"https:\/\/plaisirdujardin.com\/fr\/product\/sunlounger\/","og_locale":"fr_FR","og_type":"article","og_title":"SUNLOUNGER - Plaisir du Jardin","og_description":"Cadre plat en acier Lit d&rsquo;ext\u00e9rieur en tissu Duo ou Stereo Mati\u00e8re : Fil 100% polyester haute t\u00e9nacit\u00e9 enduit de PVC teint\u00e9 dans la masse (tissu ext\u00e9rieur OTF Batyline\u00ae) Dossier&hellip;","og_url":"https:\/\/plaisirdujardin.com\/fr\/product\/sunlounger\/","og_site_name":"Plaisir du Jardin","article_modified_time":"2025-01-26T16:07:57+00:00","og_image":[{"url":"https:\/\/plaisirdujardin.com\/wp-content\/uploads\/2024\/10\/DUNE_BAIN_DE_SOLEIL_CARBONE_03_SKU_130847ST.png","width":640,"height":640,"type":"image\/png"}],"twitter_card":"summary_large_image","schema":{"@context":"https:\/\/schema.org","@graph":[{"@type":"WebPage","@id":"https:\/\/plaisirdujardin.com\/fr\/product\/sunlounger\/","url":"https:\/\/plaisirdujardin.com\/fr\/product\/sunlounger\/","name":"SUNLOUNGER - Plaisir du Jardin","isPartOf":{"@id":"https:\/\/plaisirdujardin.com\/fr\/#website"},"primaryImageOfPage":{"@id":"https:\/\/plaisirdujardin.com\/fr\/product\/sunlounger\/#primaryimage"},"image":{"@id":"https:\/\/plaisirdujardin.com\/fr\/product\/sunlounger\/#primaryimage"},"thumbnailUrl":"https:\/\/plaisirdujardin.com\/wp-content\/uploads\/2024\/10\/DUNE_BAIN_DE_SOLEIL_CARBONE_03_SKU_130847ST.png","datePublished":"2024-10-14T10:16:02+00:00","dateModified":"2025-01-26T16:07:57+00:00","breadcrumb":{"@id":"https:\/\/plaisirdujardin.com\/fr\/product\/sunlounger\/#breadcrumb"},"inLanguage":"fr-FR","potentialAction":[{"@type":"ReadAction","target":["https:\/\/plaisirdujardin.com\/fr\/product\/sunlounger\/"]}]},{"@type":"ImageObject","inLanguage":"fr-FR","@id":"https:\/\/plaisirdujardin.com\/fr\/product\/sunlounger\/#primaryimage","url":"https:\/\/plaisirdujardin.com\/wp-content\/uploads\/2024\/10\/DUNE_BAIN_DE_SOLEIL_CARBONE_03_SKU_130847ST.png","contentUrl":"https:\/\/plaisirdujardin.com\/wp-content\/uploads\/2024\/10\/DUNE_BAIN_DE_SOLEIL_CARBONE_03_SKU_130847ST.png","width":4970,"height":4970},{"@type":"BreadcrumbList","@id":"https:\/\/plaisirdujardin.com\/fr\/product\/sunlounger\/#breadcrumb","itemListElement":[{"@type":"ListItem","position":1,"name":"Home","item":"https:\/\/plaisirdujardin.com\/fr\/home\/"},{"@type":"ListItem","position":2,"name":"Boutique","item":"https:\/\/plaisirdujardin.com\/fr\/boutique-2\/"},{"@type":"ListItem","position":3,"name":"SUNLOUNGER"}]},{"@type":"WebSite","@id":"https:\/\/plaisirdujardin.com\/fr\/#website","url":"https:\/\/plaisirdujardin.com\/fr\/","name":"Plaisir du Jardin","description":"Plaisir du jardin - Mobilier de jardin et d\u00e9coration ext\u00e9rieure","publisher":{"@id":"https:\/\/plaisirdujardin.com\/fr\/#organization"},"potentialAction":[{"@type":"SearchAction","target":{"@type":"EntryPoint","urlTemplate":"https:\/\/plaisirdujardin.com\/fr\/?s={search_term_string}"},"query-input":{"@type":"PropertyValueSpecification","valueRequired":true,"valueName":"search_term_string"}}],"inLanguage":"fr-FR"},{"@type":"Organization","@id":"https:\/\/plaisirdujardin.com\/fr\/#organization","name":"Plaisir du Jardin","url":"https:\/\/plaisirdujardin.com\/fr\/","logo":{"@type":"ImageObject","inLanguage":"fr-FR","@id":"https:\/\/plaisirdujardin.com\/fr\/#\/schema\/logo\/image\/","url":"https:\/\/plaisirdujardin.com\/wp-content\/uploads\/2024\/07\/logo-plaisir-du-jardin-dark.svg","contentUrl":"https:\/\/plaisirdujardin.com\/wp-content\/uploads\/2024\/07\/logo-plaisir-du-jardin-dark.svg","width":914,"height":440,"caption":"Plaisir du Jardin"},"image":{"@id":"https:\/\/plaisirdujardin.com\/fr\/#\/schema\/logo\/image\/"}}]}},"_links":{"self":[{"href":"https:\/\/plaisirdujardin.com\/fr\/wp-json\/wp\/v2\/product\/109136","targetHints":{"allow":["GET"]}}],"collection":[{"href":"https:\/\/plaisirdujardin.com\/fr\/wp-json\/wp\/v2\/product"}],"about":[{"href":"https:\/\/plaisirdujardin.com\/fr\/wp-json\/wp\/v2\/types\/product"}],"replies":[{"embeddable":true,"href":"https:\/\/plaisirdujardin.com\/fr\/wp-json\/wp\/v2\/comments?post=109136"}],"wp:featuredmedia":[{"embeddable":true,"href":"https:\/\/plaisirdujardin.com\/fr\/wp-json\/wp\/v2\/media\/79182"}],"wp:attachment":[{"href":"https:\/\/plaisirdujardin.com\/fr\/wp-json\/wp\/v2\/media?parent=109136"}],"wp:term":[{"taxonomy":"product_brand","embeddable":true,"href":"https:\/\/plaisirdujardin.com\/fr\/wp-json\/wp\/v2\/product_brand?post=109136"},{"taxonomy":"product_cat","embeddable":true,"href":"https:\/\/plaisirdujardin.com\/fr\/wp-json\/wp\/v2\/product_cat?post=109136"},{"taxonomy":"product_tag","embeddable":true,"href":"https:\/\/plaisirdujardin.com\/fr\/wp-json\/wp\/v2\/product_tag?post=109136"},{"taxonomy":"collection","embeddable":true,"href":"https:\/\/plaisirdujardin.com\/fr\/wp-json\/wp\/v2\/collection?post=109136"},{"taxonomy":"brand","embeddable":true,"href":"https:\/\/plaisirdujardin.com\/fr\/wp-json\/wp\/v2\/brand?post=109136"},{"taxonomy":"designer","embeddable":true,"href":"https:\/\/plaisirdujardin.com\/fr\/wp-json\/wp\/v2\/designer?post=109136"}],"curies":[{"name":"wp","href":"https:\/\/api.w.org\/{rel}","templated":true}]}}