{"id":104744,"date":"2024-10-15T00:56:11","date_gmt":"2024-10-14T22:56:11","guid":{"rendered":"http:\/\/preview.plaisirdujardin.com\/product\/coussin-dexterieur-o-40-cm\/"},"modified":"2025-01-24T12:04:04","modified_gmt":"2025-01-24T10:04:04","slug":"coussin-dexterieur-o-40-cm","status":"publish","type":"product","link":"https:\/\/plaisirdujardin.com\/fr\/product\/coussin-dexterieur-o-40-cm\/","title":{"rendered":"COUSSIN D&rsquo;EXT\u00c9RIEUR \u00d8 40 CM"},"content":{"rendered":"<p>tissu ext\u00e9rieur Dralon\u00ae acrylique teint dans la masse##NewLine## Mousse de polyur\u00e9thane haute r\u00e9silience##NewLine#####.<\/p>\n","protected":false},"excerpt":{"rendered":"<p>tissu ext\u00e9rieur Dralon\u00ae acrylique teint dans la masse##NewLine## Mousse de polyur\u00e9thane haute r\u00e9silience##NewLine#####.<\/p>\n","protected":false},"featured_media":84632,"comment_status":"closed","ping_status":"closed","template":"","meta":{"_acf_changed":false},"product_brand":[],"product_cat":[1412],"product_tag":[],"collection":[519],"brand":[122],"designer":[],"class_list":{"0":"post-104744","1":"product","2":"type-product","3":"status-publish","4":"has-post-thumbnail","6":"product_cat-cushion-fr-2","7":"collection-evasion","8":"brand-fermob","10":"first","11":"instock","12":"sold-individually","13":"purchasable","14":"product-type-simple","15":"layout-style-1","16":"col-md-4 col-sm-4 col-xs-6","17":"col-lg-3","18":"product-style-quickview"},"acf":[],"yoast_head":"<!-- This site is optimized with the Yoast SEO plugin v24.9 - https:\/\/yoast.com\/wordpress\/plugins\/seo\/ -->\n<title>COUSSIN D&#039;EXT\u00c9RIEUR \u00d8 40 CM - Plaisir du Jardin<\/title>\n<meta name=\"robots\" content=\"index, follow, max-snippet:-1, max-image-preview:large, max-video-preview:-1\" \/>\n<link rel=\"canonical\" href=\"https:\/\/plaisirdujardin.com\/fr\/product\/coussin-dexterieur-o-40-cm\/\" \/>\n<meta property=\"og:locale\" content=\"fr_FR\" \/>\n<meta property=\"og:type\" content=\"article\" \/>\n<meta property=\"og:title\" content=\"COUSSIN D&#039;EXT\u00c9RIEUR \u00d8 40 CM - Plaisir du Jardin\" \/>\n<meta property=\"og:description\" content=\"tissu ext\u00e9rieur Dralon\u00ae acrylique teint dans la masse##NewLine## Mousse de polyur\u00e9thane haute r\u00e9silience##NewLine#####.\" \/>\n<meta property=\"og:url\" content=\"https:\/\/plaisirdujardin.com\/fr\/product\/coussin-dexterieur-o-40-cm\/\" \/>\n<meta property=\"og:site_name\" content=\"Plaisir du Jardin\" \/>\n<meta property=\"article:modified_time\" content=\"2025-01-24T10:04:04+00:00\" \/>\n<meta property=\"og:image\" content=\"https:\/\/plaisirdujardin.com\/wp-content\/uploads\/2024\/10\/2_produitsColorMix2-packshotGALETTE-40-CMCOLOR_MIX_GALETTE_OUTDOOR_D40_LIE_DE_VIN_SKU_2722A4.png\" \/>\n\t<meta property=\"og:image:width\" content=\"1100\" \/>\n\t<meta property=\"og:image:height\" content=\"1100\" \/>\n\t<meta property=\"og:image:type\" content=\"image\/png\" \/>\n<meta name=\"twitter:card\" content=\"summary_large_image\" \/>\n<script type=\"application\/ld+json\" class=\"yoast-schema-graph\">{\"@context\":\"https:\/\/schema.org\",\"@graph\":[{\"@type\":\"WebPage\",\"@id\":\"https:\/\/plaisirdujardin.com\/fr\/product\/coussin-dexterieur-o-40-cm\/\",\"url\":\"https:\/\/plaisirdujardin.com\/fr\/product\/coussin-dexterieur-o-40-cm\/\",\"name\":\"COUSSIN D'EXT\u00c9RIEUR \u00d8 40 CM - Plaisir du Jardin\",\"isPartOf\":{\"@id\":\"https:\/\/plaisirdujardin.com\/fr\/#website\"},\"primaryImageOfPage\":{\"@id\":\"https:\/\/plaisirdujardin.com\/fr\/product\/coussin-dexterieur-o-40-cm\/#primaryimage\"},\"image\":{\"@id\":\"https:\/\/plaisirdujardin.com\/fr\/product\/coussin-dexterieur-o-40-cm\/#primaryimage\"},\"thumbnailUrl\":\"https:\/\/plaisirdujardin.com\/wp-content\/uploads\/2024\/10\/2_produitsColorMix2-packshotGALETTE-40-CMCOLOR_MIX_GALETTE_OUTDOOR_D40_LIE_DE_VIN_SKU_2722A4.png\",\"datePublished\":\"2024-10-14T22:56:11+00:00\",\"dateModified\":\"2025-01-24T10:04:04+00:00\",\"breadcrumb\":{\"@id\":\"https:\/\/plaisirdujardin.com\/fr\/product\/coussin-dexterieur-o-40-cm\/#breadcrumb\"},\"inLanguage\":\"fr-FR\",\"potentialAction\":[{\"@type\":\"ReadAction\",\"target\":[\"https:\/\/plaisirdujardin.com\/fr\/product\/coussin-dexterieur-o-40-cm\/\"]}]},{\"@type\":\"ImageObject\",\"inLanguage\":\"fr-FR\",\"@id\":\"https:\/\/plaisirdujardin.com\/fr\/product\/coussin-dexterieur-o-40-cm\/#primaryimage\",\"url\":\"https:\/\/plaisirdujardin.com\/wp-content\/uploads\/2024\/10\/2_produitsColorMix2-packshotGALETTE-40-CMCOLOR_MIX_GALETTE_OUTDOOR_D40_LIE_DE_VIN_SKU_2722A4.png\",\"contentUrl\":\"https:\/\/plaisirdujardin.com\/wp-content\/uploads\/2024\/10\/2_produitsColorMix2-packshotGALETTE-40-CMCOLOR_MIX_GALETTE_OUTDOOR_D40_LIE_DE_VIN_SKU_2722A4.png\",\"width\":1100,\"height\":1100,\"caption\":\"COUSSIN D'EXT\u00c9RIEUR \u00d8 40 CM\"},{\"@type\":\"BreadcrumbList\",\"@id\":\"https:\/\/plaisirdujardin.com\/fr\/product\/coussin-dexterieur-o-40-cm\/#breadcrumb\",\"itemListElement\":[{\"@type\":\"ListItem\",\"position\":1,\"name\":\"Home\",\"item\":\"https:\/\/plaisirdujardin.com\/fr\/home\/\"},{\"@type\":\"ListItem\",\"position\":2,\"name\":\"Boutique\",\"item\":\"https:\/\/plaisirdujardin.com\/fr\/boutique-2\/\"},{\"@type\":\"ListItem\",\"position\":3,\"name\":\"COUSSIN D&rsquo;EXT\u00c9RIEUR \u00d8 40 CM\"}]},{\"@type\":\"WebSite\",\"@id\":\"https:\/\/plaisirdujardin.com\/fr\/#website\",\"url\":\"https:\/\/plaisirdujardin.com\/fr\/\",\"name\":\"Plaisir du Jardin\",\"description\":\"Plaisir du jardin - Mobilier de jardin et d\u00e9coration ext\u00e9rieure\",\"publisher\":{\"@id\":\"https:\/\/plaisirdujardin.com\/fr\/#organization\"},\"potentialAction\":[{\"@type\":\"SearchAction\",\"target\":{\"@type\":\"EntryPoint\",\"urlTemplate\":\"https:\/\/plaisirdujardin.com\/fr\/?s={search_term_string}\"},\"query-input\":{\"@type\":\"PropertyValueSpecification\",\"valueRequired\":true,\"valueName\":\"search_term_string\"}}],\"inLanguage\":\"fr-FR\"},{\"@type\":\"Organization\",\"@id\":\"https:\/\/plaisirdujardin.com\/fr\/#organization\",\"name\":\"Plaisir du Jardin\",\"url\":\"https:\/\/plaisirdujardin.com\/fr\/\",\"logo\":{\"@type\":\"ImageObject\",\"inLanguage\":\"fr-FR\",\"@id\":\"https:\/\/plaisirdujardin.com\/fr\/#\/schema\/logo\/image\/\",\"url\":\"https:\/\/plaisirdujardin.com\/wp-content\/uploads\/2024\/07\/logo-plaisir-du-jardin-dark.svg\",\"contentUrl\":\"https:\/\/plaisirdujardin.com\/wp-content\/uploads\/2024\/07\/logo-plaisir-du-jardin-dark.svg\",\"width\":914,\"height\":440,\"caption\":\"Plaisir du Jardin\"},\"image\":{\"@id\":\"https:\/\/plaisirdujardin.com\/fr\/#\/schema\/logo\/image\/\"}}]}<\/script>\n<!-- \/ Yoast SEO plugin. -->","yoast_head_json":{"title":"COUSSIN D'EXT\u00c9RIEUR \u00d8 40 CM - Plaisir du Jardin","robots":{"index":"index","follow":"follow","max-snippet":"max-snippet:-1","max-image-preview":"max-image-preview:large","max-video-preview":"max-video-preview:-1"},"canonical":"https:\/\/plaisirdujardin.com\/fr\/product\/coussin-dexterieur-o-40-cm\/","og_locale":"fr_FR","og_type":"article","og_title":"COUSSIN D'EXT\u00c9RIEUR \u00d8 40 CM - Plaisir du Jardin","og_description":"tissu ext\u00e9rieur Dralon\u00ae acrylique teint dans la masse##NewLine## Mousse de polyur\u00e9thane haute r\u00e9silience##NewLine#####.","og_url":"https:\/\/plaisirdujardin.com\/fr\/product\/coussin-dexterieur-o-40-cm\/","og_site_name":"Plaisir du Jardin","article_modified_time":"2025-01-24T10:04:04+00:00","og_image":[{"width":1100,"height":1100,"url":"https:\/\/plaisirdujardin.com\/wp-content\/uploads\/2024\/10\/2_produitsColorMix2-packshotGALETTE-40-CMCOLOR_MIX_GALETTE_OUTDOOR_D40_LIE_DE_VIN_SKU_2722A4.png","type":"image\/png"}],"twitter_card":"summary_large_image","schema":{"@context":"https:\/\/schema.org","@graph":[{"@type":"WebPage","@id":"https:\/\/plaisirdujardin.com\/fr\/product\/coussin-dexterieur-o-40-cm\/","url":"https:\/\/plaisirdujardin.com\/fr\/product\/coussin-dexterieur-o-40-cm\/","name":"COUSSIN D'EXT\u00c9RIEUR \u00d8 40 CM - Plaisir du Jardin","isPartOf":{"@id":"https:\/\/plaisirdujardin.com\/fr\/#website"},"primaryImageOfPage":{"@id":"https:\/\/plaisirdujardin.com\/fr\/product\/coussin-dexterieur-o-40-cm\/#primaryimage"},"image":{"@id":"https:\/\/plaisirdujardin.com\/fr\/product\/coussin-dexterieur-o-40-cm\/#primaryimage"},"thumbnailUrl":"https:\/\/plaisirdujardin.com\/wp-content\/uploads\/2024\/10\/2_produitsColorMix2-packshotGALETTE-40-CMCOLOR_MIX_GALETTE_OUTDOOR_D40_LIE_DE_VIN_SKU_2722A4.png","datePublished":"2024-10-14T22:56:11+00:00","dateModified":"2025-01-24T10:04:04+00:00","breadcrumb":{"@id":"https:\/\/plaisirdujardin.com\/fr\/product\/coussin-dexterieur-o-40-cm\/#breadcrumb"},"inLanguage":"fr-FR","potentialAction":[{"@type":"ReadAction","target":["https:\/\/plaisirdujardin.com\/fr\/product\/coussin-dexterieur-o-40-cm\/"]}]},{"@type":"ImageObject","inLanguage":"fr-FR","@id":"https:\/\/plaisirdujardin.com\/fr\/product\/coussin-dexterieur-o-40-cm\/#primaryimage","url":"https:\/\/plaisirdujardin.com\/wp-content\/uploads\/2024\/10\/2_produitsColorMix2-packshotGALETTE-40-CMCOLOR_MIX_GALETTE_OUTDOOR_D40_LIE_DE_VIN_SKU_2722A4.png","contentUrl":"https:\/\/plaisirdujardin.com\/wp-content\/uploads\/2024\/10\/2_produitsColorMix2-packshotGALETTE-40-CMCOLOR_MIX_GALETTE_OUTDOOR_D40_LIE_DE_VIN_SKU_2722A4.png","width":1100,"height":1100,"caption":"COUSSIN D'EXT\u00c9RIEUR \u00d8 40 CM"},{"@type":"BreadcrumbList","@id":"https:\/\/plaisirdujardin.com\/fr\/product\/coussin-dexterieur-o-40-cm\/#breadcrumb","itemListElement":[{"@type":"ListItem","position":1,"name":"Home","item":"https:\/\/plaisirdujardin.com\/fr\/home\/"},{"@type":"ListItem","position":2,"name":"Boutique","item":"https:\/\/plaisirdujardin.com\/fr\/boutique-2\/"},{"@type":"ListItem","position":3,"name":"COUSSIN D&rsquo;EXT\u00c9RIEUR \u00d8 40 CM"}]},{"@type":"WebSite","@id":"https:\/\/plaisirdujardin.com\/fr\/#website","url":"https:\/\/plaisirdujardin.com\/fr\/","name":"Plaisir du Jardin","description":"Plaisir du jardin - Mobilier de jardin et d\u00e9coration ext\u00e9rieure","publisher":{"@id":"https:\/\/plaisirdujardin.com\/fr\/#organization"},"potentialAction":[{"@type":"SearchAction","target":{"@type":"EntryPoint","urlTemplate":"https:\/\/plaisirdujardin.com\/fr\/?s={search_term_string}"},"query-input":{"@type":"PropertyValueSpecification","valueRequired":true,"valueName":"search_term_string"}}],"inLanguage":"fr-FR"},{"@type":"Organization","@id":"https:\/\/plaisirdujardin.com\/fr\/#organization","name":"Plaisir du Jardin","url":"https:\/\/plaisirdujardin.com\/fr\/","logo":{"@type":"ImageObject","inLanguage":"fr-FR","@id":"https:\/\/plaisirdujardin.com\/fr\/#\/schema\/logo\/image\/","url":"https:\/\/plaisirdujardin.com\/wp-content\/uploads\/2024\/07\/logo-plaisir-du-jardin-dark.svg","contentUrl":"https:\/\/plaisirdujardin.com\/wp-content\/uploads\/2024\/07\/logo-plaisir-du-jardin-dark.svg","width":914,"height":440,"caption":"Plaisir du Jardin"},"image":{"@id":"https:\/\/plaisirdujardin.com\/fr\/#\/schema\/logo\/image\/"}}]}},"_links":{"self":[{"href":"https:\/\/plaisirdujardin.com\/fr\/wp-json\/wp\/v2\/product\/104744","targetHints":{"allow":["GET"]}}],"collection":[{"href":"https:\/\/plaisirdujardin.com\/fr\/wp-json\/wp\/v2\/product"}],"about":[{"href":"https:\/\/plaisirdujardin.com\/fr\/wp-json\/wp\/v2\/types\/product"}],"replies":[{"embeddable":true,"href":"https:\/\/plaisirdujardin.com\/fr\/wp-json\/wp\/v2\/comments?post=104744"}],"wp:featuredmedia":[{"embeddable":true,"href":"https:\/\/plaisirdujardin.com\/fr\/wp-json\/wp\/v2\/media\/84632"}],"wp:attachment":[{"href":"https:\/\/plaisirdujardin.com\/fr\/wp-json\/wp\/v2\/media?parent=104744"}],"wp:term":[{"taxonomy":"product_brand","embeddable":true,"href":"https:\/\/plaisirdujardin.com\/fr\/wp-json\/wp\/v2\/product_brand?post=104744"},{"taxonomy":"product_cat","embeddable":true,"href":"https:\/\/plaisirdujardin.com\/fr\/wp-json\/wp\/v2\/product_cat?post=104744"},{"taxonomy":"product_tag","embeddable":true,"href":"https:\/\/plaisirdujardin.com\/fr\/wp-json\/wp\/v2\/product_tag?post=104744"},{"taxonomy":"collection","embeddable":true,"href":"https:\/\/plaisirdujardin.com\/fr\/wp-json\/wp\/v2\/collection?post=104744"},{"taxonomy":"brand","embeddable":true,"href":"https:\/\/plaisirdujardin.com\/fr\/wp-json\/wp\/v2\/brand?post=104744"},{"taxonomy":"designer","embeddable":true,"href":"https:\/\/plaisirdujardin.com\/fr\/wp-json\/wp\/v2\/designer?post=104744"}],"curies":[{"name":"wp","href":"https:\/\/api.w.org\/{rel}","templated":true}]}}