{"id":104281,"date":"2024-10-15T01:32:20","date_gmt":"2024-10-14T23:32:20","guid":{"rendered":"http:\/\/preview.plaisirdujardin.com\/product\/fauteuil-en-acier\/"},"modified":"2025-01-24T12:01:09","modified_gmt":"2025-01-24T10:01:09","slug":"fauteuil-en-acier","status":"publish","type":"product","link":"https:\/\/plaisirdujardin.com\/fr\/product\/fauteuil-en-acier\/","title":{"rendered":"FAUTEUIL EN ACIER"},"content":{"rendered":"<p>Ch\u00e2ssis tubulaire en acier##NewLine## Assise en lattes d&rsquo;acier incurv\u00e9es##NewLine## Dossier en lattes d&rsquo;acier incurv\u00e9es##NewLine## Accoudoirs en lattes d&rsquo;acier##NewLine##.<\/p>\n","protected":false},"excerpt":{"rendered":"<p>Ch\u00e2ssis tubulaire en acier##NewLine## Assise en lattes d&rsquo;acier incurv\u00e9es##NewLine## Dossier en lattes d&rsquo;acier incurv\u00e9es##NewLine## Accoudoirs en lattes d&rsquo;acier##NewLine##.<\/p>\n","protected":false},"featured_media":87122,"comment_status":"closed","ping_status":"closed","template":"","meta":{"_acf_changed":false},"product_brand":[],"product_cat":[1382],"product_tag":[],"collection":[],"brand":[],"designer":[],"class_list":{"0":"post-104281","1":"product","2":"type-product","3":"status-publish","4":"has-post-thumbnail","6":"product_cat-fauteuil","8":"first","9":"instock","10":"sold-individually","11":"purchasable","12":"product-type-simple","13":"layout-style-1","14":"col-md-4 col-sm-4 col-xs-6","15":"col-lg-3","16":"product-style-quickview"},"acf":[],"yoast_head":"<!-- This site is optimized with the Yoast SEO plugin v24.9 - https:\/\/yoast.com\/wordpress\/plugins\/seo\/ -->\n<title>FAUTEUIL EN ACIER - Plaisir du Jardin<\/title>\n<meta name=\"robots\" content=\"index, follow, max-snippet:-1, max-image-preview:large, max-video-preview:-1\" \/>\n<link rel=\"canonical\" href=\"https:\/\/plaisirdujardin.com\/fr\/product\/fauteuil-en-acier\/\" \/>\n<meta property=\"og:locale\" content=\"fr_FR\" \/>\n<meta property=\"og:type\" content=\"article\" \/>\n<meta property=\"og:title\" content=\"FAUTEUIL EN ACIER - Plaisir du Jardin\" \/>\n<meta property=\"og:description\" content=\"Ch\u00e2ssis tubulaire en acier##NewLine## Assise en lattes d&rsquo;acier incurv\u00e9es##NewLine## Dossier en lattes d&rsquo;acier incurv\u00e9es##NewLine## Accoudoirs en lattes d&rsquo;acier##NewLine##.\" \/>\n<meta property=\"og:url\" content=\"https:\/\/plaisirdujardin.com\/fr\/product\/fauteuil-en-acier\/\" \/>\n<meta property=\"og:site_name\" content=\"Plaisir du Jardin\" \/>\n<meta property=\"article:modified_time\" content=\"2025-01-24T10:01:09+00:00\" \/>\n<meta property=\"og:image\" content=\"https:\/\/plaisirdujardin.com\/wp-content\/uploads\/2024\/10\/2_produitsLuxembourg2-packshotLE-BRIDGE-ACIERLUXEMBOURG_ACIER_BRIDGE_ACIER_BLANC_COTON_412201.png\" \/>\n\t<meta property=\"og:image:width\" content=\"1100\" \/>\n\t<meta property=\"og:image:height\" content=\"1100\" \/>\n\t<meta property=\"og:image:type\" content=\"image\/png\" \/>\n<meta name=\"twitter:card\" content=\"summary_large_image\" \/>\n<script type=\"application\/ld+json\" class=\"yoast-schema-graph\">{\"@context\":\"https:\/\/schema.org\",\"@graph\":[{\"@type\":\"WebPage\",\"@id\":\"https:\/\/plaisirdujardin.com\/fr\/product\/fauteuil-en-acier\/\",\"url\":\"https:\/\/plaisirdujardin.com\/fr\/product\/fauteuil-en-acier\/\",\"name\":\"FAUTEUIL EN ACIER - Plaisir du Jardin\",\"isPartOf\":{\"@id\":\"https:\/\/plaisirdujardin.com\/fr\/#website\"},\"primaryImageOfPage\":{\"@id\":\"https:\/\/plaisirdujardin.com\/fr\/product\/fauteuil-en-acier\/#primaryimage\"},\"image\":{\"@id\":\"https:\/\/plaisirdujardin.com\/fr\/product\/fauteuil-en-acier\/#primaryimage\"},\"thumbnailUrl\":\"https:\/\/plaisirdujardin.com\/wp-content\/uploads\/2024\/10\/2_produitsLuxembourg2-packshotLE-BRIDGE-ACIERLUXEMBOURG_ACIER_BRIDGE_ACIER_BLANC_COTON_412201.png\",\"datePublished\":\"2024-10-14T23:32:20+00:00\",\"dateModified\":\"2025-01-24T10:01:09+00:00\",\"breadcrumb\":{\"@id\":\"https:\/\/plaisirdujardin.com\/fr\/product\/fauteuil-en-acier\/#breadcrumb\"},\"inLanguage\":\"fr-FR\",\"potentialAction\":[{\"@type\":\"ReadAction\",\"target\":[\"https:\/\/plaisirdujardin.com\/fr\/product\/fauteuil-en-acier\/\"]}]},{\"@type\":\"ImageObject\",\"inLanguage\":\"fr-FR\",\"@id\":\"https:\/\/plaisirdujardin.com\/fr\/product\/fauteuil-en-acier\/#primaryimage\",\"url\":\"https:\/\/plaisirdujardin.com\/wp-content\/uploads\/2024\/10\/2_produitsLuxembourg2-packshotLE-BRIDGE-ACIERLUXEMBOURG_ACIER_BRIDGE_ACIER_BLANC_COTON_412201.png\",\"contentUrl\":\"https:\/\/plaisirdujardin.com\/wp-content\/uploads\/2024\/10\/2_produitsLuxembourg2-packshotLE-BRIDGE-ACIERLUXEMBOURG_ACIER_BRIDGE_ACIER_BLANC_COTON_412201.png\",\"width\":1100,\"height\":1100,\"caption\":\"FAUTEUIL EN ACIER\"},{\"@type\":\"BreadcrumbList\",\"@id\":\"https:\/\/plaisirdujardin.com\/fr\/product\/fauteuil-en-acier\/#breadcrumb\",\"itemListElement\":[{\"@type\":\"ListItem\",\"position\":1,\"name\":\"Home\",\"item\":\"https:\/\/plaisirdujardin.com\/fr\/home\/\"},{\"@type\":\"ListItem\",\"position\":2,\"name\":\"Boutique\",\"item\":\"https:\/\/plaisirdujardin.com\/fr\/boutique-2\/\"},{\"@type\":\"ListItem\",\"position\":3,\"name\":\"FAUTEUIL EN ACIER\"}]},{\"@type\":\"WebSite\",\"@id\":\"https:\/\/plaisirdujardin.com\/fr\/#website\",\"url\":\"https:\/\/plaisirdujardin.com\/fr\/\",\"name\":\"Plaisir du Jardin\",\"description\":\"Plaisir du jardin - Mobilier de jardin et d\u00e9coration ext\u00e9rieure\",\"publisher\":{\"@id\":\"https:\/\/plaisirdujardin.com\/fr\/#organization\"},\"potentialAction\":[{\"@type\":\"SearchAction\",\"target\":{\"@type\":\"EntryPoint\",\"urlTemplate\":\"https:\/\/plaisirdujardin.com\/fr\/?s={search_term_string}\"},\"query-input\":{\"@type\":\"PropertyValueSpecification\",\"valueRequired\":true,\"valueName\":\"search_term_string\"}}],\"inLanguage\":\"fr-FR\"},{\"@type\":\"Organization\",\"@id\":\"https:\/\/plaisirdujardin.com\/fr\/#organization\",\"name\":\"Plaisir du Jardin\",\"url\":\"https:\/\/plaisirdujardin.com\/fr\/\",\"logo\":{\"@type\":\"ImageObject\",\"inLanguage\":\"fr-FR\",\"@id\":\"https:\/\/plaisirdujardin.com\/fr\/#\/schema\/logo\/image\/\",\"url\":\"https:\/\/plaisirdujardin.com\/wp-content\/uploads\/2024\/07\/logo-plaisir-du-jardin-dark.svg\",\"contentUrl\":\"https:\/\/plaisirdujardin.com\/wp-content\/uploads\/2024\/07\/logo-plaisir-du-jardin-dark.svg\",\"width\":914,\"height\":440,\"caption\":\"Plaisir du Jardin\"},\"image\":{\"@id\":\"https:\/\/plaisirdujardin.com\/fr\/#\/schema\/logo\/image\/\"}}]}<\/script>\n<!-- \/ Yoast SEO plugin. -->","yoast_head_json":{"title":"FAUTEUIL EN ACIER - Plaisir du Jardin","robots":{"index":"index","follow":"follow","max-snippet":"max-snippet:-1","max-image-preview":"max-image-preview:large","max-video-preview":"max-video-preview:-1"},"canonical":"https:\/\/plaisirdujardin.com\/fr\/product\/fauteuil-en-acier\/","og_locale":"fr_FR","og_type":"article","og_title":"FAUTEUIL EN ACIER - Plaisir du Jardin","og_description":"Ch\u00e2ssis tubulaire en acier##NewLine## Assise en lattes d&rsquo;acier incurv\u00e9es##NewLine## Dossier en lattes d&rsquo;acier incurv\u00e9es##NewLine## Accoudoirs en lattes d&rsquo;acier##NewLine##.","og_url":"https:\/\/plaisirdujardin.com\/fr\/product\/fauteuil-en-acier\/","og_site_name":"Plaisir du Jardin","article_modified_time":"2025-01-24T10:01:09+00:00","og_image":[{"width":1100,"height":1100,"url":"https:\/\/plaisirdujardin.com\/wp-content\/uploads\/2024\/10\/2_produitsLuxembourg2-packshotLE-BRIDGE-ACIERLUXEMBOURG_ACIER_BRIDGE_ACIER_BLANC_COTON_412201.png","type":"image\/png"}],"twitter_card":"summary_large_image","schema":{"@context":"https:\/\/schema.org","@graph":[{"@type":"WebPage","@id":"https:\/\/plaisirdujardin.com\/fr\/product\/fauteuil-en-acier\/","url":"https:\/\/plaisirdujardin.com\/fr\/product\/fauteuil-en-acier\/","name":"FAUTEUIL EN ACIER - Plaisir du Jardin","isPartOf":{"@id":"https:\/\/plaisirdujardin.com\/fr\/#website"},"primaryImageOfPage":{"@id":"https:\/\/plaisirdujardin.com\/fr\/product\/fauteuil-en-acier\/#primaryimage"},"image":{"@id":"https:\/\/plaisirdujardin.com\/fr\/product\/fauteuil-en-acier\/#primaryimage"},"thumbnailUrl":"https:\/\/plaisirdujardin.com\/wp-content\/uploads\/2024\/10\/2_produitsLuxembourg2-packshotLE-BRIDGE-ACIERLUXEMBOURG_ACIER_BRIDGE_ACIER_BLANC_COTON_412201.png","datePublished":"2024-10-14T23:32:20+00:00","dateModified":"2025-01-24T10:01:09+00:00","breadcrumb":{"@id":"https:\/\/plaisirdujardin.com\/fr\/product\/fauteuil-en-acier\/#breadcrumb"},"inLanguage":"fr-FR","potentialAction":[{"@type":"ReadAction","target":["https:\/\/plaisirdujardin.com\/fr\/product\/fauteuil-en-acier\/"]}]},{"@type":"ImageObject","inLanguage":"fr-FR","@id":"https:\/\/plaisirdujardin.com\/fr\/product\/fauteuil-en-acier\/#primaryimage","url":"https:\/\/plaisirdujardin.com\/wp-content\/uploads\/2024\/10\/2_produitsLuxembourg2-packshotLE-BRIDGE-ACIERLUXEMBOURG_ACIER_BRIDGE_ACIER_BLANC_COTON_412201.png","contentUrl":"https:\/\/plaisirdujardin.com\/wp-content\/uploads\/2024\/10\/2_produitsLuxembourg2-packshotLE-BRIDGE-ACIERLUXEMBOURG_ACIER_BRIDGE_ACIER_BLANC_COTON_412201.png","width":1100,"height":1100,"caption":"FAUTEUIL EN ACIER"},{"@type":"BreadcrumbList","@id":"https:\/\/plaisirdujardin.com\/fr\/product\/fauteuil-en-acier\/#breadcrumb","itemListElement":[{"@type":"ListItem","position":1,"name":"Home","item":"https:\/\/plaisirdujardin.com\/fr\/home\/"},{"@type":"ListItem","position":2,"name":"Boutique","item":"https:\/\/plaisirdujardin.com\/fr\/boutique-2\/"},{"@type":"ListItem","position":3,"name":"FAUTEUIL EN ACIER"}]},{"@type":"WebSite","@id":"https:\/\/plaisirdujardin.com\/fr\/#website","url":"https:\/\/plaisirdujardin.com\/fr\/","name":"Plaisir du Jardin","description":"Plaisir du jardin - Mobilier de jardin et d\u00e9coration ext\u00e9rieure","publisher":{"@id":"https:\/\/plaisirdujardin.com\/fr\/#organization"},"potentialAction":[{"@type":"SearchAction","target":{"@type":"EntryPoint","urlTemplate":"https:\/\/plaisirdujardin.com\/fr\/?s={search_term_string}"},"query-input":{"@type":"PropertyValueSpecification","valueRequired":true,"valueName":"search_term_string"}}],"inLanguage":"fr-FR"},{"@type":"Organization","@id":"https:\/\/plaisirdujardin.com\/fr\/#organization","name":"Plaisir du Jardin","url":"https:\/\/plaisirdujardin.com\/fr\/","logo":{"@type":"ImageObject","inLanguage":"fr-FR","@id":"https:\/\/plaisirdujardin.com\/fr\/#\/schema\/logo\/image\/","url":"https:\/\/plaisirdujardin.com\/wp-content\/uploads\/2024\/07\/logo-plaisir-du-jardin-dark.svg","contentUrl":"https:\/\/plaisirdujardin.com\/wp-content\/uploads\/2024\/07\/logo-plaisir-du-jardin-dark.svg","width":914,"height":440,"caption":"Plaisir du Jardin"},"image":{"@id":"https:\/\/plaisirdujardin.com\/fr\/#\/schema\/logo\/image\/"}}]}},"_links":{"self":[{"href":"https:\/\/plaisirdujardin.com\/fr\/wp-json\/wp\/v2\/product\/104281","targetHints":{"allow":["GET"]}}],"collection":[{"href":"https:\/\/plaisirdujardin.com\/fr\/wp-json\/wp\/v2\/product"}],"about":[{"href":"https:\/\/plaisirdujardin.com\/fr\/wp-json\/wp\/v2\/types\/product"}],"replies":[{"embeddable":true,"href":"https:\/\/plaisirdujardin.com\/fr\/wp-json\/wp\/v2\/comments?post=104281"}],"wp:featuredmedia":[{"embeddable":true,"href":"https:\/\/plaisirdujardin.com\/fr\/wp-json\/wp\/v2\/media\/87122"}],"wp:attachment":[{"href":"https:\/\/plaisirdujardin.com\/fr\/wp-json\/wp\/v2\/media?parent=104281"}],"wp:term":[{"taxonomy":"product_brand","embeddable":true,"href":"https:\/\/plaisirdujardin.com\/fr\/wp-json\/wp\/v2\/product_brand?post=104281"},{"taxonomy":"product_cat","embeddable":true,"href":"https:\/\/plaisirdujardin.com\/fr\/wp-json\/wp\/v2\/product_cat?post=104281"},{"taxonomy":"product_tag","embeddable":true,"href":"https:\/\/plaisirdujardin.com\/fr\/wp-json\/wp\/v2\/product_tag?post=104281"},{"taxonomy":"collection","embeddable":true,"href":"https:\/\/plaisirdujardin.com\/fr\/wp-json\/wp\/v2\/collection?post=104281"},{"taxonomy":"brand","embeddable":true,"href":"https:\/\/plaisirdujardin.com\/fr\/wp-json\/wp\/v2\/brand?post=104281"},{"taxonomy":"designer","embeddable":true,"href":"https:\/\/plaisirdujardin.com\/fr\/wp-json\/wp\/v2\/designer?post=104281"}],"curies":[{"name":"wp","href":"https:\/\/api.w.org\/{rel}","templated":true}]}}