{"id":101633,"date":"2024-10-15T01:58:34","date_gmt":"2024-10-14T23:58:34","guid":{"rendered":"http:\/\/preview.plaisirdujardin.com\/product\/etagere-de-raccordement-rectangulaire\/"},"modified":"2025-01-24T11:01:51","modified_gmt":"2025-01-24T09:01:51","slug":"etagere-de-raccordement-rectangulaire","status":"publish","type":"product","link":"https:\/\/plaisirdujardin.com\/fr\/product\/etagere-de-raccordement-rectangulaire\/","title":{"rendered":"\u00c9TAG\u00c8RE DE RACCORDEMENT RECTANGULAIRE"},"content":{"rendered":"<p>t\u00f4le d&rsquo;acier##NewLine##<\/p>\n","protected":false},"excerpt":{"rendered":"<p>t\u00f4le d&rsquo;acier##NewLine##<\/p>\n","protected":false},"featured_media":88736,"comment_status":"closed","ping_status":"closed","template":"","meta":{"_acf_changed":false},"product_brand":[],"product_cat":[1374],"product_tag":[],"collection":[502],"brand":[122],"designer":[580],"class_list":{"0":"post-101633","1":"product","2":"type-product","3":"status-publish","4":"has-post-thumbnail","6":"product_cat-cushion-fr","7":"pa_color-acapulco-blue-fr","8":"pa_color-anthracite-fr","9":"pa_color-black-cherry-fr","10":"pa_color-cactus-fr","11":"pa_color-capucine-fr","12":"pa_color-cedar-green-fr","13":"pa_color-chili-fr","14":"pa_color-clay-grey-fr","15":"pa_color-cotton-white-fr","16":"pa_color-deep-blue-fr","17":"pa_color-frosted-lemon-fr","18":"pa_color-gingerbread-fr","19":"pa_color-honey-fr","20":"pa_color-ice-mint-fr","21":"pa_color-lapilli-grey-fr","22":"pa_color-liquorice-fr","23":"pa_color-marshmallow-fr","24":"pa_color-nutmeg-fr","25":"pa_color-pesto-fr","26":"pa_color-poppy-fr","27":"pa_color-red-ochre-fr","28":"pa_color-rosemary-fr","29":"pa_color-storm-grey-fr","30":"pa_color-willow-green-fr","31":"collection-bellevie","32":"brand-fermob","33":"designer-pagnon-et-pelhaitre","35":"first","36":"instock","37":"sold-individually","38":"purchasable","39":"product-type-variable","40":"layout-style-1","41":"col-md-4 col-sm-4 col-xs-6","42":"col-lg-3","43":"product-style-quickview"},"acf":[],"yoast_head":"<!-- This site is optimized with the Yoast SEO plugin v24.9 - https:\/\/yoast.com\/wordpress\/plugins\/seo\/ -->\n<title>\u00c9TAG\u00c8RE DE RACCORDEMENT RECTANGULAIRE - Plaisir du Jardin<\/title>\n<meta name=\"robots\" content=\"index, follow, max-snippet:-1, max-image-preview:large, max-video-preview:-1\" \/>\n<link rel=\"canonical\" href=\"https:\/\/plaisirdujardin.com\/fr\/product\/etagere-de-raccordement-rectangulaire\/\" \/>\n<meta property=\"og:locale\" content=\"fr_FR\" \/>\n<meta property=\"og:type\" content=\"article\" \/>\n<meta property=\"og:title\" content=\"\u00c9TAG\u00c8RE DE RACCORDEMENT RECTANGULAIRE - Plaisir du Jardin\" \/>\n<meta property=\"og:description\" content=\"t\u00f4le d&rsquo;acier##NewLine##\" \/>\n<meta property=\"og:url\" content=\"https:\/\/plaisirdujardin.com\/fr\/product\/etagere-de-raccordement-rectangulaire\/\" \/>\n<meta property=\"og:site_name\" content=\"Plaisir du Jardin\" \/>\n<meta property=\"article:modified_time\" content=\"2025-01-24T09:01:51+00:00\" \/>\n<meta property=\"og:image\" content=\"https:\/\/plaisirdujardin.com\/wp-content\/uploads\/2024\/10\/2_produitsBellevie2-packshotTABLETTE-DE-JONCTIONBELLEVIE_TABLETTE_DE_JONCTION_RECTANGULAIRE_BLANC_COTON_SKU_845201.png\" \/>\n\t<meta property=\"og:image:width\" content=\"1100\" \/>\n\t<meta property=\"og:image:height\" content=\"1100\" \/>\n\t<meta property=\"og:image:type\" content=\"image\/png\" \/>\n<meta name=\"twitter:card\" content=\"summary_large_image\" \/>\n<script type=\"application\/ld+json\" class=\"yoast-schema-graph\">{\"@context\":\"https:\/\/schema.org\",\"@graph\":[{\"@type\":\"WebPage\",\"@id\":\"https:\/\/plaisirdujardin.com\/fr\/product\/etagere-de-raccordement-rectangulaire\/\",\"url\":\"https:\/\/plaisirdujardin.com\/fr\/product\/etagere-de-raccordement-rectangulaire\/\",\"name\":\"\u00c9TAG\u00c8RE DE RACCORDEMENT RECTANGULAIRE - Plaisir du Jardin\",\"isPartOf\":{\"@id\":\"https:\/\/plaisirdujardin.com\/fr\/#website\"},\"primaryImageOfPage\":{\"@id\":\"https:\/\/plaisirdujardin.com\/fr\/product\/etagere-de-raccordement-rectangulaire\/#primaryimage\"},\"image\":{\"@id\":\"https:\/\/plaisirdujardin.com\/fr\/product\/etagere-de-raccordement-rectangulaire\/#primaryimage\"},\"thumbnailUrl\":\"https:\/\/plaisirdujardin.com\/wp-content\/uploads\/2024\/10\/2_produitsBellevie2-packshotTABLETTE-DE-JONCTIONBELLEVIE_TABLETTE_DE_JONCTION_RECTANGULAIRE_BLANC_COTON_SKU_845201.png\",\"datePublished\":\"2024-10-14T23:58:34+00:00\",\"dateModified\":\"2025-01-24T09:01:51+00:00\",\"breadcrumb\":{\"@id\":\"https:\/\/plaisirdujardin.com\/fr\/product\/etagere-de-raccordement-rectangulaire\/#breadcrumb\"},\"inLanguage\":\"fr-FR\",\"potentialAction\":[{\"@type\":\"ReadAction\",\"target\":[\"https:\/\/plaisirdujardin.com\/fr\/product\/etagere-de-raccordement-rectangulaire\/\"]}]},{\"@type\":\"ImageObject\",\"inLanguage\":\"fr-FR\",\"@id\":\"https:\/\/plaisirdujardin.com\/fr\/product\/etagere-de-raccordement-rectangulaire\/#primaryimage\",\"url\":\"https:\/\/plaisirdujardin.com\/wp-content\/uploads\/2024\/10\/2_produitsBellevie2-packshotTABLETTE-DE-JONCTIONBELLEVIE_TABLETTE_DE_JONCTION_RECTANGULAIRE_BLANC_COTON_SKU_845201.png\",\"contentUrl\":\"https:\/\/plaisirdujardin.com\/wp-content\/uploads\/2024\/10\/2_produitsBellevie2-packshotTABLETTE-DE-JONCTIONBELLEVIE_TABLETTE_DE_JONCTION_RECTANGULAIRE_BLANC_COTON_SKU_845201.png\",\"width\":1100,\"height\":1100,\"caption\":\"\u00c9TAG\u00c8RE DE RACCORDEMENT RECTANGULAIRE\"},{\"@type\":\"BreadcrumbList\",\"@id\":\"https:\/\/plaisirdujardin.com\/fr\/product\/etagere-de-raccordement-rectangulaire\/#breadcrumb\",\"itemListElement\":[{\"@type\":\"ListItem\",\"position\":1,\"name\":\"Home\",\"item\":\"https:\/\/plaisirdujardin.com\/fr\/home\/\"},{\"@type\":\"ListItem\",\"position\":2,\"name\":\"Boutique\",\"item\":\"https:\/\/plaisirdujardin.com\/fr\/boutique-2\/\"},{\"@type\":\"ListItem\",\"position\":3,\"name\":\"\u00c9TAG\u00c8RE DE RACCORDEMENT RECTANGULAIRE\"}]},{\"@type\":\"WebSite\",\"@id\":\"https:\/\/plaisirdujardin.com\/fr\/#website\",\"url\":\"https:\/\/plaisirdujardin.com\/fr\/\",\"name\":\"Plaisir du Jardin\",\"description\":\"Plaisir du jardin - Mobilier de jardin et d\u00e9coration ext\u00e9rieure\",\"publisher\":{\"@id\":\"https:\/\/plaisirdujardin.com\/fr\/#organization\"},\"potentialAction\":[{\"@type\":\"SearchAction\",\"target\":{\"@type\":\"EntryPoint\",\"urlTemplate\":\"https:\/\/plaisirdujardin.com\/fr\/?s={search_term_string}\"},\"query-input\":{\"@type\":\"PropertyValueSpecification\",\"valueRequired\":true,\"valueName\":\"search_term_string\"}}],\"inLanguage\":\"fr-FR\"},{\"@type\":\"Organization\",\"@id\":\"https:\/\/plaisirdujardin.com\/fr\/#organization\",\"name\":\"Plaisir du Jardin\",\"url\":\"https:\/\/plaisirdujardin.com\/fr\/\",\"logo\":{\"@type\":\"ImageObject\",\"inLanguage\":\"fr-FR\",\"@id\":\"https:\/\/plaisirdujardin.com\/fr\/#\/schema\/logo\/image\/\",\"url\":\"https:\/\/plaisirdujardin.com\/wp-content\/uploads\/2024\/07\/logo-plaisir-du-jardin-dark.svg\",\"contentUrl\":\"https:\/\/plaisirdujardin.com\/wp-content\/uploads\/2024\/07\/logo-plaisir-du-jardin-dark.svg\",\"width\":914,\"height\":440,\"caption\":\"Plaisir du Jardin\"},\"image\":{\"@id\":\"https:\/\/plaisirdujardin.com\/fr\/#\/schema\/logo\/image\/\"}}]}<\/script>\n<!-- \/ Yoast SEO plugin. -->","yoast_head_json":{"title":"\u00c9TAG\u00c8RE DE RACCORDEMENT RECTANGULAIRE - Plaisir du Jardin","robots":{"index":"index","follow":"follow","max-snippet":"max-snippet:-1","max-image-preview":"max-image-preview:large","max-video-preview":"max-video-preview:-1"},"canonical":"https:\/\/plaisirdujardin.com\/fr\/product\/etagere-de-raccordement-rectangulaire\/","og_locale":"fr_FR","og_type":"article","og_title":"\u00c9TAG\u00c8RE DE RACCORDEMENT RECTANGULAIRE - Plaisir du Jardin","og_description":"t\u00f4le d&rsquo;acier##NewLine##","og_url":"https:\/\/plaisirdujardin.com\/fr\/product\/etagere-de-raccordement-rectangulaire\/","og_site_name":"Plaisir du Jardin","article_modified_time":"2025-01-24T09:01:51+00:00","og_image":[{"width":1100,"height":1100,"url":"https:\/\/plaisirdujardin.com\/wp-content\/uploads\/2024\/10\/2_produitsBellevie2-packshotTABLETTE-DE-JONCTIONBELLEVIE_TABLETTE_DE_JONCTION_RECTANGULAIRE_BLANC_COTON_SKU_845201.png","type":"image\/png"}],"twitter_card":"summary_large_image","schema":{"@context":"https:\/\/schema.org","@graph":[{"@type":"WebPage","@id":"https:\/\/plaisirdujardin.com\/fr\/product\/etagere-de-raccordement-rectangulaire\/","url":"https:\/\/plaisirdujardin.com\/fr\/product\/etagere-de-raccordement-rectangulaire\/","name":"\u00c9TAG\u00c8RE DE RACCORDEMENT RECTANGULAIRE - Plaisir du Jardin","isPartOf":{"@id":"https:\/\/plaisirdujardin.com\/fr\/#website"},"primaryImageOfPage":{"@id":"https:\/\/plaisirdujardin.com\/fr\/product\/etagere-de-raccordement-rectangulaire\/#primaryimage"},"image":{"@id":"https:\/\/plaisirdujardin.com\/fr\/product\/etagere-de-raccordement-rectangulaire\/#primaryimage"},"thumbnailUrl":"https:\/\/plaisirdujardin.com\/wp-content\/uploads\/2024\/10\/2_produitsBellevie2-packshotTABLETTE-DE-JONCTIONBELLEVIE_TABLETTE_DE_JONCTION_RECTANGULAIRE_BLANC_COTON_SKU_845201.png","datePublished":"2024-10-14T23:58:34+00:00","dateModified":"2025-01-24T09:01:51+00:00","breadcrumb":{"@id":"https:\/\/plaisirdujardin.com\/fr\/product\/etagere-de-raccordement-rectangulaire\/#breadcrumb"},"inLanguage":"fr-FR","potentialAction":[{"@type":"ReadAction","target":["https:\/\/plaisirdujardin.com\/fr\/product\/etagere-de-raccordement-rectangulaire\/"]}]},{"@type":"ImageObject","inLanguage":"fr-FR","@id":"https:\/\/plaisirdujardin.com\/fr\/product\/etagere-de-raccordement-rectangulaire\/#primaryimage","url":"https:\/\/plaisirdujardin.com\/wp-content\/uploads\/2024\/10\/2_produitsBellevie2-packshotTABLETTE-DE-JONCTIONBELLEVIE_TABLETTE_DE_JONCTION_RECTANGULAIRE_BLANC_COTON_SKU_845201.png","contentUrl":"https:\/\/plaisirdujardin.com\/wp-content\/uploads\/2024\/10\/2_produitsBellevie2-packshotTABLETTE-DE-JONCTIONBELLEVIE_TABLETTE_DE_JONCTION_RECTANGULAIRE_BLANC_COTON_SKU_845201.png","width":1100,"height":1100,"caption":"\u00c9TAG\u00c8RE DE RACCORDEMENT RECTANGULAIRE"},{"@type":"BreadcrumbList","@id":"https:\/\/plaisirdujardin.com\/fr\/product\/etagere-de-raccordement-rectangulaire\/#breadcrumb","itemListElement":[{"@type":"ListItem","position":1,"name":"Home","item":"https:\/\/plaisirdujardin.com\/fr\/home\/"},{"@type":"ListItem","position":2,"name":"Boutique","item":"https:\/\/plaisirdujardin.com\/fr\/boutique-2\/"},{"@type":"ListItem","position":3,"name":"\u00c9TAG\u00c8RE DE RACCORDEMENT RECTANGULAIRE"}]},{"@type":"WebSite","@id":"https:\/\/plaisirdujardin.com\/fr\/#website","url":"https:\/\/plaisirdujardin.com\/fr\/","name":"Plaisir du Jardin","description":"Plaisir du jardin - Mobilier de jardin et d\u00e9coration ext\u00e9rieure","publisher":{"@id":"https:\/\/plaisirdujardin.com\/fr\/#organization"},"potentialAction":[{"@type":"SearchAction","target":{"@type":"EntryPoint","urlTemplate":"https:\/\/plaisirdujardin.com\/fr\/?s={search_term_string}"},"query-input":{"@type":"PropertyValueSpecification","valueRequired":true,"valueName":"search_term_string"}}],"inLanguage":"fr-FR"},{"@type":"Organization","@id":"https:\/\/plaisirdujardin.com\/fr\/#organization","name":"Plaisir du Jardin","url":"https:\/\/plaisirdujardin.com\/fr\/","logo":{"@type":"ImageObject","inLanguage":"fr-FR","@id":"https:\/\/plaisirdujardin.com\/fr\/#\/schema\/logo\/image\/","url":"https:\/\/plaisirdujardin.com\/wp-content\/uploads\/2024\/07\/logo-plaisir-du-jardin-dark.svg","contentUrl":"https:\/\/plaisirdujardin.com\/wp-content\/uploads\/2024\/07\/logo-plaisir-du-jardin-dark.svg","width":914,"height":440,"caption":"Plaisir du Jardin"},"image":{"@id":"https:\/\/plaisirdujardin.com\/fr\/#\/schema\/logo\/image\/"}}]}},"_links":{"self":[{"href":"https:\/\/plaisirdujardin.com\/fr\/wp-json\/wp\/v2\/product\/101633","targetHints":{"allow":["GET"]}}],"collection":[{"href":"https:\/\/plaisirdujardin.com\/fr\/wp-json\/wp\/v2\/product"}],"about":[{"href":"https:\/\/plaisirdujardin.com\/fr\/wp-json\/wp\/v2\/types\/product"}],"replies":[{"embeddable":true,"href":"https:\/\/plaisirdujardin.com\/fr\/wp-json\/wp\/v2\/comments?post=101633"}],"wp:featuredmedia":[{"embeddable":true,"href":"https:\/\/plaisirdujardin.com\/fr\/wp-json\/wp\/v2\/media\/88736"}],"wp:attachment":[{"href":"https:\/\/plaisirdujardin.com\/fr\/wp-json\/wp\/v2\/media?parent=101633"}],"wp:term":[{"taxonomy":"product_brand","embeddable":true,"href":"https:\/\/plaisirdujardin.com\/fr\/wp-json\/wp\/v2\/product_brand?post=101633"},{"taxonomy":"product_cat","embeddable":true,"href":"https:\/\/plaisirdujardin.com\/fr\/wp-json\/wp\/v2\/product_cat?post=101633"},{"taxonomy":"product_tag","embeddable":true,"href":"https:\/\/plaisirdujardin.com\/fr\/wp-json\/wp\/v2\/product_tag?post=101633"},{"taxonomy":"collection","embeddable":true,"href":"https:\/\/plaisirdujardin.com\/fr\/wp-json\/wp\/v2\/collection?post=101633"},{"taxonomy":"brand","embeddable":true,"href":"https:\/\/plaisirdujardin.com\/fr\/wp-json\/wp\/v2\/brand?post=101633"},{"taxonomy":"designer","embeddable":true,"href":"https:\/\/plaisirdujardin.com\/fr\/wp-json\/wp\/v2\/designer?post=101633"}],"curies":[{"name":"wp","href":"https:\/\/api.w.org\/{rel}","templated":true}]}}