{"id":80788,"date":"2024-07-02T21:45:45","date_gmt":"2024-07-02T19:45:45","guid":{"rendered":"http:\/\/preview.plaisirdujardin.com\/politique-de-confidentialite\/"},"modified":"2025-01-23T15:18:20","modified_gmt":"2025-01-23T13:18:20","slug":"politique-de-confidentialite","status":"publish","type":"page","link":"https:\/\/plaisirdujardin.com\/fr\/politique-de-confidentialite\/","title":{"rendered":"Politique de confidentialit\u00e9"},"content":{"rendered":"<h2 class=\"wp-block-heading\"><strong>Introduction<\/strong><\/h2><p>Vous trouverez ci-dessous la politique de confidentialit\u00e9 de SA SUN FURNITURE DISTRIBUTION abr\u00e9g\u00e9 en \u00a0\u00bb SUNIDS \u00a0\u00bb (nom commercial : &lt;{{{wpml_tag_1}}}&gt;), dont le si\u00e8ge social est \u00e9tabli \u00e0 1180 Uccle, Chauss\u00e9e de Waterloo 1589\/C, TVA BE 0435.779.527, t\u00e9l : +32 (0)2 375 60 26, email : info@plaisirdujardin.com (ci-apr\u00e8s &lt;&lt; PLAISIR DU JARDIN \u00ab\u00a0). PLAISIR DU JARDIN agit en tant que responsable du traitement de vos donn\u00e9es \u00e0 caract\u00e8re personnel, au sens du r\u00e8glement europ\u00e9en relatif \u00e0 la protection des personnes physiques \u00e0 l&rsquo;\u00e9gard du traitement des donn\u00e9es \u00e0 caract\u00e8re personnel (le GDPR).   <\/p><p>La pr\u00e9sente politique de confidentialit\u00e9 a pour but de vous aider \u00e0 comprendre le type de donn\u00e9es personnelles que nous collectons, pourquoi et comment nous les utilisons et avec qui nous les partageons.  <sup><\/sup>  Il fait \u00e9galement r\u00e9f\u00e9rence \u00e0 vos droits en vertu du GDPR.  <sup><\/sup>  <\/p><p><strong>Quel type de donn\u00e9es traitons-nous ?<\/strong><\/p><p>Nous traitons les donn\u00e9es personnelles que vous nous avez communiqu\u00e9es directement, \u00e0 savoir vos noms, pr\u00e9noms, adresses et adresses e-mail, num\u00e9ros de fax, num\u00e9ros de t\u00e9l\u00e9phone, num\u00e9ro national, num\u00e9ro de TVA, donn\u00e9es financi\u00e8res, historique d&rsquo;achat, et, si vous visitez notre site web, votre adresse IP ou autre identifiant, ainsi que toute autre donn\u00e9e personnelle que vous avez choisi de nous communiquer lors de vos visites dans notre magasin, appels t\u00e9l\u00e9phoniques ou sur notre site web ou sur les r\u00e9seaux sociaux ou lorsque vous participez \u00e0 des jeux-concours.  <sup><\/sup>  <\/p><p><strong>Pourquoi traitons-nous vos donn\u00e9es ?<\/strong><\/p><p>Les donn\u00e9es personnelles que vous nous communiquez sont trait\u00e9es pour permettre l&rsquo;ex\u00e9cution du contrat conclu entre nous, la gestion des plaintes, pour des questions de gestion de la client\u00e8le et de facturation, ainsi que pour vous tenir inform\u00e9 de nos ventes et promotions et vous envoyer notre lettre d&rsquo;information.  <sup><\/sup>  <\/p><p><strong>Sur quelle base traitons-nous vos donn\u00e9es ?<\/strong><\/p><p>Nous traiterons vos donn\u00e9es dans la mesure o\u00f9 ce traitement est n\u00e9cessaire \u00e0 l&rsquo;ex\u00e9cution du contrat qui nous lie ainsi qu&rsquo;en raison des obligations l\u00e9gales qui nous incombent.  <sup><\/sup>  Nous traitons \u00e9galement vos donn\u00e9es sur la base de notre int\u00e9r\u00eat l\u00e9gitime (soci\u00e9t\u00e9 commerciale).  <sup><\/sup>  En ce qui concerne nos courriels et lettres promotionnels, le traitement de vos donn\u00e9es se fera sur la base de votre consentement explicite, que vous pouvez retirer \u00e0 tout moment.  <sup><\/sup>  <\/p><p>En signant votre formulaire de commande, vous donnez votre consentement explicite au traitement de vos donn\u00e9es personnelles pour l&rsquo;envoi de mailings promotionnels et de nos bulletins d&rsquo;information.  <sup><\/sup>  Vous pouvez retirer votre consentement \u00e0 tout moment, en envoyant un simple courriel \u00e0 l&rsquo;adresse info@plaisirdujardin.com.  <sup><\/sup>  <\/p><p><strong>Avec qui partageons-nous vos donn\u00e9es ?<\/strong><\/p><p>En principe, nous ne partageons pas vos donn\u00e9es avec des tiers, sauf si cela est n\u00e9cessaire dans le cadre de l&rsquo;ex\u00e9cution de nos services, avec des tiers qui nous assistent dans l&rsquo;ex\u00e9cution de nos ventes et services (fournisseurs, sous-traitants, prestataires de services pour la livraison, le montage, l&rsquo;enl\u00e8vement des d\u00e9chets, la gestion des paiements, l&rsquo;h\u00e9bergeur de base de donn\u00e9es).  <sup><\/sup>  <\/p><p>Nous nous assurons que ces prestataires de services respectent leurs obligations en mati\u00e8re de protection de vos donn\u00e9es personnelles. A ce stade, aucune donn\u00e9e personnelle n&rsquo;est trait\u00e9e en dehors de l&rsquo;Union europ\u00e9enne.   <sup><\/sup>  Si cela devait \u00eatre le cas \u00e0 l&rsquo;avenir, nous prendrions les mesures et les garanties ad\u00e9quates.  <sup><\/sup>  <\/p><p><strong>Combien de temps conservons-nous vos donn\u00e9es ?<\/strong><\/p><p>Nous conserverons vos donn\u00e9es pendant la dur\u00e9e n\u00e9cessaire aux op\u00e9rations pour lesquelles elles ont \u00e9t\u00e9 collect\u00e9es afin de vous fournir nos services et de vous offrir le meilleur service apr\u00e8s-vente et de garantie.  <sup><\/sup>  Pour certaines donn\u00e9es, telles que les donn\u00e9es de facturation &#8211; mais pas seulement -, nous sommes li\u00e9s par des p\u00e9riodes de conservation l\u00e9gales.  <sup><\/sup>  <\/p><p><strong>Comment prot\u00e9geons-nous vos donn\u00e9es ?<\/strong><\/p><p>Nous prenons les mesures de s\u00e9curit\u00e9 techniques et organisationnelles n\u00e9cessaires pour prot\u00e9ger vos donn\u00e9es, notamment par la mise en place de syst\u00e8mes de protection informatique, d&rsquo;un syst\u00e8me d&rsquo;alarme et d&rsquo;un acc\u00e8s individuel aux ordinateurs.  <sup><\/sup>  <\/p><p><strong>Quels sont vos droits ?<\/strong><\/p><p>Nous vous informons que vous avez les droits suivants :<\/p><figure class=\"wp-block-table\"><table class=\"has-fixed-layout\"><tbody><tr><th>Droits de l&rsquo;homme<\/th><th>Qu&rsquo;est-ce que cela signifie ?<\/th><\/tr><tr><td>1. Droit d&rsquo;\u00eatre inform\u00e9<\/td><td>Vous avez le droit de recevoir des informations claires et facilement compr\u00e9hensibles sur la mani\u00e8re dont nous traitons vos donn\u00e9es \u00e0 caract\u00e8re personnel ainsi que sur vos droits. C&rsquo;est la raison pour laquelle nous vous communiquons cette politique de confidentialit\u00e9. <\/td><\/tr><tr><td>2. Droit d&rsquo;acc\u00e8s<\/td><td>Vous avez le droit d&rsquo;obtenir une copie des donn\u00e9es personnelles que nous traitons.<\/td><\/tr><tr><td>3. Droit de rectification<\/td><td>Vous avez le droit d&rsquo;obtenir la rectification de vos donn\u00e9es si elles sont incorrectes ou incompl\u00e8tes.<\/td><\/tr><tr><td>4. Droit \u00e0 l&rsquo;effacement (\u00ab\u00a0droit \u00e0 l&rsquo;oubli\u00a0\u00bb)<\/td><td>Dans certaines circonstances, vous pouvez demander l&rsquo;effacement de vos donn\u00e9es personnelles.<\/td><\/tr><tr><td>5. Droit \u00e0 la limitation du traitement<\/td><td>Dans certains cas, vous avez le droit d&rsquo;obtenir la limitation du traitement et, dans ce cas, nous conserverons les donn\u00e9es mais ne les utiliserons plus.<\/td><\/tr><tr><td>6. Droit \u00e0 la portabilit\u00e9 des donn\u00e9es<\/td><td>Vous avez le droit de recevoir vos donn\u00e9es \u00e0 caract\u00e8re personnel dans un format structur\u00e9 et de transmettre ces donn\u00e9es \u00e0 un autre responsable du traitement.<\/td><\/tr><tr><td>7. Droit d&rsquo;opposition<\/td><td>Vous avez le droit de vous opposer au traitement de vos donn\u00e9es et en cas d&rsquo;opposition de votre part, nous ne pourrons plus les traiter, sauf si nous d\u00e9montrons l&rsquo;existence de motifs l\u00e9gitimes et imp\u00e9rieux pour le traitement qui pr\u00e9valent sur vos int\u00e9r\u00eats et vos droits.<\/td><\/tr><tr><td>8. D\u00e9cision individuelle automatis\u00e9e<\/td><td>Vous avez le droit, dans certains cas, de ne pas faire l&rsquo;objet d&rsquo;une d\u00e9cision fond\u00e9e exclusivement sur un traitement automatis\u00e9, y compris le profilage.<\/td><\/tr><\/tbody><\/table><\/figure><p>Pour exercer vos droits ainsi que pour toute autre question relative \u00e0 la pr\u00e9sente politique de confidentialit\u00e9, vous pouvez nous contacter \u00e0 l&rsquo;adresse \u00e9lectronique suivante : info@plaisirdujardin.com.  <sup><\/sup>  <\/p><p>Vous avez \u00e9galement le droit d&rsquo;introduire une r\u00e9clamation aupr\u00e8s de l&rsquo;autorit\u00e9 de contr\u00f4le, \u00e0 savoir l&rsquo;Autorit\u00e9 de protection des donn\u00e9es\/\u00a0\u00bbGegevensbeschermingautoriteit\u00a0\u00bb, rue de la Presse, 35, 1000 Bruxelles, t\u00e9l : +32 (0)2 274 48 00, e-mail : contact(at)apd-gba.be.  <\/p><p><a href=\"https:\/\/plaisirdujardin.com\/fr\/faq\/#citation\" target=\"_blank\" rel=\"noreferrer noopener\"><\/a><a target=\"_blank\" rel=\"noreferrer noopener\" href=\"https:\/\/contribution.usercontent.google.com\/download?c=CgxiYXJkX3N0b3JhZ2USThILb3V0cHV0X2RhdGEaPwowMDAwNjJiMDg2ZDkwOWFmZjA4YmJmZjY1NzYzMzYwZTEyY2IxYjdmZjI2OWQ1M2UzEgsSBxDa-_jP3goYAQ&amp;filename=politique-vie-privee-sundis-clean-fr.pdf&amp;opi=103135050\"><\/a><\/p>","protected":false},"excerpt":{"rendered":"<p>Introduction Vous trouverez ci-dessous la politique de confidentialit\u00e9 de SA SUN FURNITURE DISTRIBUTION abr\u00e9g\u00e9 en \u00a0\u00bb SUNIDS \u00a0\u00bb (nom commercial : &lt;{{{wpml_tag_1}}}&gt;), dont le si\u00e8ge social est \u00e9tabli \u00e0 1180&hellip;<\/p>\n","protected":false},"author":1,"featured_media":0,"parent":0,"menu_order":0,"comment_status":"closed","ping_status":"closed","template":"","meta":{"_acf_changed":false,"footnotes":""},"class_list":["post-80788","page","type-page","status-publish","hentry"],"acf":[],"yoast_head":"<!-- This site is optimized with the Yoast SEO plugin v24.9 - https:\/\/yoast.com\/wordpress\/plugins\/seo\/ -->\n<title>Politique de confidentialit\u00e9 - Plaisir du Jardin<\/title>\n<meta name=\"robots\" content=\"index, follow, max-snippet:-1, max-image-preview:large, max-video-preview:-1\" \/>\n<link rel=\"canonical\" href=\"https:\/\/plaisirdujardin.com\/fr\/politique-de-confidentialite\/\" \/>\n<meta property=\"og:locale\" content=\"fr_FR\" \/>\n<meta property=\"og:type\" content=\"article\" \/>\n<meta property=\"og:title\" content=\"Politique de confidentialit\u00e9 - Plaisir du Jardin\" \/>\n<meta property=\"og:description\" content=\"Introduction Vous trouverez ci-dessous la politique de confidentialit\u00e9 de SA SUN FURNITURE DISTRIBUTION abr\u00e9g\u00e9 en \u00a0\u00bb SUNIDS \u00a0\u00bb (nom commercial : &lt;{{{wpml_tag_1}}}&gt;), dont le si\u00e8ge social est \u00e9tabli \u00e0 1180&hellip;\" \/>\n<meta property=\"og:url\" content=\"https:\/\/plaisirdujardin.com\/fr\/politique-de-confidentialite\/\" \/>\n<meta property=\"og:site_name\" content=\"Plaisir du Jardin\" \/>\n<meta property=\"article:modified_time\" content=\"2025-01-23T13:18:20+00:00\" \/>\n<meta property=\"og:image\" content=\"https:\/\/plaisirdujardin.com\/wp-content\/uploads\/2025\/03\/Outdoor-Furniture.webp\" \/>\n\t<meta property=\"og:image:width\" content=\"160\" \/>\n\t<meta property=\"og:image:height\" content=\"111\" \/>\n\t<meta property=\"og:image:type\" content=\"image\/webp\" \/>\n<meta name=\"twitter:card\" content=\"summary_large_image\" \/>\n<meta name=\"twitter:label1\" content=\"Dur\u00e9e de lecture estim\u00e9e\" \/>\n\t<meta name=\"twitter:data1\" content=\"5 minutes\" \/>\n<script type=\"application\/ld+json\" class=\"yoast-schema-graph\">{\"@context\":\"https:\/\/schema.org\",\"@graph\":[{\"@type\":\"WebPage\",\"@id\":\"https:\/\/plaisirdujardin.com\/fr\/politique-de-confidentialite\/\",\"url\":\"https:\/\/plaisirdujardin.com\/fr\/politique-de-confidentialite\/\",\"name\":\"Politique de confidentialit\u00e9 - Plaisir du Jardin\",\"isPartOf\":{\"@id\":\"https:\/\/plaisirdujardin.com\/fr\/#website\"},\"datePublished\":\"2024-07-02T19:45:45+00:00\",\"dateModified\":\"2025-01-23T13:18:20+00:00\",\"breadcrumb\":{\"@id\":\"https:\/\/plaisirdujardin.com\/fr\/politique-de-confidentialite\/#breadcrumb\"},\"inLanguage\":\"fr-FR\",\"potentialAction\":[{\"@type\":\"ReadAction\",\"target\":[\"https:\/\/plaisirdujardin.com\/fr\/politique-de-confidentialite\/\"]}]},{\"@type\":\"BreadcrumbList\",\"@id\":\"https:\/\/plaisirdujardin.com\/fr\/politique-de-confidentialite\/#breadcrumb\",\"itemListElement\":[{\"@type\":\"ListItem\",\"position\":1,\"name\":\"Home\",\"item\":\"https:\/\/plaisirdujardin.com\/fr\/home\/\"},{\"@type\":\"ListItem\",\"position\":2,\"name\":\"Politique de confidentialit\u00e9\"}]},{\"@type\":\"WebSite\",\"@id\":\"https:\/\/plaisirdujardin.com\/fr\/#website\",\"url\":\"https:\/\/plaisirdujardin.com\/fr\/\",\"name\":\"Plaisir du Jardin\",\"description\":\"Plaisir du jardin - Mobilier de jardin et d\u00e9coration ext\u00e9rieure\",\"publisher\":{\"@id\":\"https:\/\/plaisirdujardin.com\/fr\/#organization\"},\"potentialAction\":[{\"@type\":\"SearchAction\",\"target\":{\"@type\":\"EntryPoint\",\"urlTemplate\":\"https:\/\/plaisirdujardin.com\/fr\/?s={search_term_string}\"},\"query-input\":{\"@type\":\"PropertyValueSpecification\",\"valueRequired\":true,\"valueName\":\"search_term_string\"}}],\"inLanguage\":\"fr-FR\"},{\"@type\":\"Organization\",\"@id\":\"https:\/\/plaisirdujardin.com\/fr\/#organization\",\"name\":\"Plaisir du Jardin\",\"url\":\"https:\/\/plaisirdujardin.com\/fr\/\",\"logo\":{\"@type\":\"ImageObject\",\"inLanguage\":\"fr-FR\",\"@id\":\"https:\/\/plaisirdujardin.com\/fr\/#\/schema\/logo\/image\/\",\"url\":\"https:\/\/plaisirdujardin.com\/wp-content\/uploads\/2024\/07\/logo-plaisir-du-jardin-dark.svg\",\"contentUrl\":\"https:\/\/plaisirdujardin.com\/wp-content\/uploads\/2024\/07\/logo-plaisir-du-jardin-dark.svg\",\"width\":914,\"height\":440,\"caption\":\"Plaisir du Jardin\"},\"image\":{\"@id\":\"https:\/\/plaisirdujardin.com\/fr\/#\/schema\/logo\/image\/\"}}]}<\/script>\n<!-- \/ Yoast SEO plugin. -->","yoast_head_json":{"title":"Politique de confidentialit\u00e9 - Plaisir du Jardin","robots":{"index":"index","follow":"follow","max-snippet":"max-snippet:-1","max-image-preview":"max-image-preview:large","max-video-preview":"max-video-preview:-1"},"canonical":"https:\/\/plaisirdujardin.com\/fr\/politique-de-confidentialite\/","og_locale":"fr_FR","og_type":"article","og_title":"Politique de confidentialit\u00e9 - Plaisir du Jardin","og_description":"Introduction Vous trouverez ci-dessous la politique de confidentialit\u00e9 de SA SUN FURNITURE DISTRIBUTION abr\u00e9g\u00e9 en \u00a0\u00bb SUNIDS \u00a0\u00bb (nom commercial : &lt;{{{wpml_tag_1}}}&gt;), dont le si\u00e8ge social est \u00e9tabli \u00e0 1180&hellip;","og_url":"https:\/\/plaisirdujardin.com\/fr\/politique-de-confidentialite\/","og_site_name":"Plaisir du Jardin","article_modified_time":"2025-01-23T13:18:20+00:00","og_image":[{"width":160,"height":111,"url":"https:\/\/plaisirdujardin.com\/wp-content\/uploads\/2025\/03\/Outdoor-Furniture.webp","type":"image\/webp"}],"twitter_card":"summary_large_image","twitter_misc":{"Dur\u00e9e de lecture estim\u00e9e":"5 minutes"},"schema":{"@context":"https:\/\/schema.org","@graph":[{"@type":"WebPage","@id":"https:\/\/plaisirdujardin.com\/fr\/politique-de-confidentialite\/","url":"https:\/\/plaisirdujardin.com\/fr\/politique-de-confidentialite\/","name":"Politique de confidentialit\u00e9 - Plaisir du Jardin","isPartOf":{"@id":"https:\/\/plaisirdujardin.com\/fr\/#website"},"datePublished":"2024-07-02T19:45:45+00:00","dateModified":"2025-01-23T13:18:20+00:00","breadcrumb":{"@id":"https:\/\/plaisirdujardin.com\/fr\/politique-de-confidentialite\/#breadcrumb"},"inLanguage":"fr-FR","potentialAction":[{"@type":"ReadAction","target":["https:\/\/plaisirdujardin.com\/fr\/politique-de-confidentialite\/"]}]},{"@type":"BreadcrumbList","@id":"https:\/\/plaisirdujardin.com\/fr\/politique-de-confidentialite\/#breadcrumb","itemListElement":[{"@type":"ListItem","position":1,"name":"Home","item":"https:\/\/plaisirdujardin.com\/fr\/home\/"},{"@type":"ListItem","position":2,"name":"Politique de confidentialit\u00e9"}]},{"@type":"WebSite","@id":"https:\/\/plaisirdujardin.com\/fr\/#website","url":"https:\/\/plaisirdujardin.com\/fr\/","name":"Plaisir du Jardin","description":"Plaisir du jardin - Mobilier de jardin et d\u00e9coration ext\u00e9rieure","publisher":{"@id":"https:\/\/plaisirdujardin.com\/fr\/#organization"},"potentialAction":[{"@type":"SearchAction","target":{"@type":"EntryPoint","urlTemplate":"https:\/\/plaisirdujardin.com\/fr\/?s={search_term_string}"},"query-input":{"@type":"PropertyValueSpecification","valueRequired":true,"valueName":"search_term_string"}}],"inLanguage":"fr-FR"},{"@type":"Organization","@id":"https:\/\/plaisirdujardin.com\/fr\/#organization","name":"Plaisir du Jardin","url":"https:\/\/plaisirdujardin.com\/fr\/","logo":{"@type":"ImageObject","inLanguage":"fr-FR","@id":"https:\/\/plaisirdujardin.com\/fr\/#\/schema\/logo\/image\/","url":"https:\/\/plaisirdujardin.com\/wp-content\/uploads\/2024\/07\/logo-plaisir-du-jardin-dark.svg","contentUrl":"https:\/\/plaisirdujardin.com\/wp-content\/uploads\/2024\/07\/logo-plaisir-du-jardin-dark.svg","width":914,"height":440,"caption":"Plaisir du Jardin"},"image":{"@id":"https:\/\/plaisirdujardin.com\/fr\/#\/schema\/logo\/image\/"}}]}},"_links":{"self":[{"href":"https:\/\/plaisirdujardin.com\/fr\/wp-json\/wp\/v2\/pages\/80788","targetHints":{"allow":["GET"]}}],"collection":[{"href":"https:\/\/plaisirdujardin.com\/fr\/wp-json\/wp\/v2\/pages"}],"about":[{"href":"https:\/\/plaisirdujardin.com\/fr\/wp-json\/wp\/v2\/types\/page"}],"author":[{"embeddable":true,"href":"https:\/\/plaisirdujardin.com\/fr\/wp-json\/wp\/v2\/users\/1"}],"replies":[{"embeddable":true,"href":"https:\/\/plaisirdujardin.com\/fr\/wp-json\/wp\/v2\/comments?post=80788"}],"version-history":[{"count":0,"href":"https:\/\/plaisirdujardin.com\/fr\/wp-json\/wp\/v2\/pages\/80788\/revisions"}],"wp:attachment":[{"href":"https:\/\/plaisirdujardin.com\/fr\/wp-json\/wp\/v2\/media?parent=80788"}],"curies":[{"name":"wp","href":"https:\/\/api.w.org\/{rel}","templated":true}]}}