{"id":80786,"date":"2025-01-07T18:22:09","date_gmt":"2025-01-07T16:22:09","guid":{"rendered":"http:\/\/preview.plaisirdujardin.com\/salle-dexposition\/"},"modified":"2025-04-11T11:35:06","modified_gmt":"2025-04-11T09:35:06","slug":"salle-dexposition","status":"publish","type":"page","link":"https:\/\/plaisirdujardin.com\/fr\/salle-dexposition\/","title":{"rendered":"Salle d&rsquo;exposition"},"content":{"rendered":"\t\t<div data-elementor-type=\"wp-page\" data-elementor-id=\"80786\" class=\"elementor elementor-80786 elementor-29985\" data-elementor-post-type=\"page\">\n\t\t\t\t<div class=\"elementor-element elementor-element-6791f08 e-flex e-con-boxed e-con e-parent\" data-id=\"6791f08\" data-element_type=\"container\">\n\t\t\t\t\t<div class=\"e-con-inner\">\n\t\t\t\t<div class=\"elementor-element elementor-element-39a3518 elementor-widget elementor-widget-sober-section-heading\" data-id=\"39a3518\" data-element_type=\"widget\" data-widget_type=\"sober-section-heading.default\">\n\t\t\t\t<div class=\"elementor-widget-container\">\n\t\t\t\t\t<h2 class=\"sober-section-heading sober-section-heading--default sober-section-header--align-\"><span class=\"sober-section-heading__title\">Ouvert 7\/7 - Rendez-nous visite quand cela vous convient le mieux<\/span><\/h2>\t\t\t\t<\/div>\n\t\t\t\t<\/div>\n\t\t\t\t<div class=\"elementor-element elementor-element-bfd93ff elementor-widget elementor-widget-text-editor\" data-id=\"bfd93ff\" data-element_type=\"widget\" data-widget_type=\"text-editor.default\">\n\t\t\t\t<div class=\"elementor-widget-container\">\n\t\t\t\t\t\t\t\t\t<p data-start=\"98\" data-end=\"162\">A proximit\u00e9 de la For\u00eat de Soignes \u00e0 Bruxelles (\u00e0 Uccle, \u00e0 c\u00f4t\u00e9 du Wellington Hockey Club), notre showroom pr\u00e9sente de <strong>grandes marques de mobilier de jardin<\/strong> telles que <strong>Gommaire, Manutti, Joli, Barlow Tyrie, Dedon, Royal Botania, Fermob, Vincent Sheppard et Jardinico<\/strong>.<\/p>\n<p>ainsi que <strong>la collection propre \u00e0 Plaisir du Jardin <\/strong>import\u00e9e directement d&rsquo;Asie. <br \/>Vous trouverez \u00e9galement un large choix d&rsquo;accessoires et de petits articles<strong>(barbecues Ofyr, chauffages Eva Solo, chauffages de terrasse Heatsail, bougies Baobab, etc.)<\/strong><\/p>\n<p><strong>Ouvert 7j\/7, de 10h \u00e0 18h30 (jusqu\u2019\u00e0 18h le dimanche).<\/strong><\/p>\n<p><strong data-start=\"840\" data-end=\"949\" data-is-only-node=\"\">Passez quand vous avez le temps pour vous d\u00e9tendre, explorer et discuter de vos projets d&rsquo;am\u00e9nagement ext\u00e9rieur \u00e0 votre rythme<\/strong>.<\/p>\n\t\t\t\t\t\t\t\t<\/div>\n\t\t\t\t<\/div>\n\t\t\t\t\t<\/div>\n\t\t\t\t<\/div>\n\t\t<div class=\"elementor-element elementor-element-c15f5d3 e-flex e-con-boxed e-con e-parent\" data-id=\"c15f5d3\" data-element_type=\"container\">\n\t\t\t\t\t<div class=\"e-con-inner\">\n\t\t<div class=\"elementor-element elementor-element-7e50765 e-grid e-con-full e-con e-child\" data-id=\"7e50765\" data-element_type=\"container\">\n\t\t\t\t<div class=\"elementor-element elementor-element-6b4007f elementor-widget elementor-widget-image\" data-id=\"6b4007f\" data-element_type=\"widget\" data-widget_type=\"image.default\">\n\t\t\t\t<div class=\"elementor-widget-container\">\n\t\t\t\t\t\t\t\t\t\t\t\t\t\t\t<img fetchpriority=\"high\" decoding=\"async\" width=\"487\" height=\"558\" src=\"https:\/\/plaisirdujardin.com\/wp-content\/uploads\/2025\/03\/SHOWROOM-CONTENU.webp\" class=\"attachment-full size-full wp-image-115465\" alt=\"\" srcset=\"https:\/\/plaisirdujardin.com\/wp-content\/uploads\/2025\/03\/SHOWROOM-CONTENU.webp 487w, https:\/\/plaisirdujardin.com\/wp-content\/uploads\/2025\/03\/SHOWROOM-CONTENU-262x300.webp 262w\" sizes=\"(max-width: 487px) 100vw, 487px\" \/>\t\t\t\t\t\t\t\t\t\t\t\t\t\t\t<\/div>\n\t\t\t\t<\/div>\n\t\t\t\t<div class=\"elementor-element elementor-element-4389a6f elementor-widget elementor-widget-sober-google-map\" data-id=\"4389a6f\" data-element_type=\"widget\" data-settings=\"{&quot;address&quot;:&quot;Chau. de Waterloo 1589\\\/C, 1180 Uccle, Belgium &quot;,&quot;color&quot;:&quot;grey&quot;,&quot;markers&quot;:[{&quot;address&quot;:&quot;Chau. de Waterloo 1589\\\/C, 1180 Uccle, Belgium &quot;,&quot;_id&quot;:&quot;0299656&quot;,&quot;icon&quot;:{&quot;url&quot;:&quot;http:\\\/\\\/preview.plaisirdujardin.com\\\/wp-content\\\/uploads\\\/2025\\\/02\\\/map-marker-2.png&quot;,&quot;id&quot;:114129,&quot;size&quot;:&quot;&quot;,&quot;alt&quot;:&quot;map-marker-2&quot;,&quot;source&quot;:&quot;library&quot;},&quot;index&quot;:0,&quot;latlng&quot;:&quot;&quot;,&quot;info&quot;:&quot;&quot;},{&quot;_id&quot;:&quot;8170831&quot;,&quot;address&quot;:&quot;&quot;,&quot;latlng&quot;:&quot;&quot;,&quot;info&quot;:&quot;&quot;,&quot;icon&quot;:{&quot;url&quot;:&quot;&quot;,&quot;id&quot;:&quot;&quot;,&quot;size&quot;:&quot;&quot;}}],&quot;api_key&quot;:&quot;AIzaSyDh-LDnBp3_erOgKk8xQW0axDscivlDwNc&quot;,&quot;zoom&quot;:{&quot;unit&quot;:&quot;px&quot;,&quot;size&quot;:13,&quot;sizes&quot;:[]}}\" data-widget_type=\"sober-google-map.default\">\n\t\t\t\t<div class=\"elementor-widget-container\">\n\t\t\t\t\t<div id=\"sober-google-map-4389a6f\" class=\"sober-google-map\" data-location=\"{&quot;lat&quot;:50.77047590000001,&quot;lng&quot;:4.3819628}\"><\/div><div class=\"sober-google-map__markers\"><div class=\"sober-google-map__marker\" data-marker=\"{&quot;address&quot;:&quot;Chau. de Waterloo 1589\\\/C, 1180 Uccle, Belgium &quot;,&quot;_id&quot;:&quot;0299656&quot;,&quot;icon&quot;:{&quot;url&quot;:&quot;http:\\\/\\\/preview.plaisirdujardin.com\\\/wp-content\\\/uploads\\\/2025\\\/02\\\/map-marker-2.png&quot;,&quot;id&quot;:114129,&quot;size&quot;:&quot;&quot;,&quot;alt&quot;:&quot;map-marker-2&quot;,&quot;source&quot;:&quot;library&quot;},&quot;index&quot;:0,&quot;latlng&quot;:&quot;&quot;}\"><\/div><div class=\"sober-google-map__marker\" data-marker=\"{&quot;_id&quot;:&quot;8170831&quot;,&quot;address&quot;:&quot;&quot;,&quot;latlng&quot;:&quot;&quot;,&quot;icon&quot;:{&quot;url&quot;:&quot;&quot;,&quot;id&quot;:&quot;&quot;,&quot;size&quot;:&quot;&quot;}}\"><\/div><\/div>\t\t\t\t<\/div>\n\t\t\t\t<\/div>\n\t\t\t\t<\/div>\n\t\t\t\t\t<\/div>\n\t\t\t\t<\/div>\n\t\t<div class=\"elementor-element elementor-element-9da9f11 e-flex e-con-boxed e-con e-parent\" data-id=\"9da9f11\" data-element_type=\"container\">\n\t\t\t\t\t<div class=\"e-con-inner\">\n\t\t\t\t\t<\/div>\n\t\t\t\t<\/div>\n\t\t\t\t<\/div>\n\t\t","protected":false},"excerpt":{"rendered":"<p>Ouvert 7\/7 &#8211; Rendez-nous visite quand cela vous convient le mieux A proximit\u00e9 de la For\u00eat de Soignes \u00e0 Bruxelles (\u00e0 Uccle, \u00e0 c\u00f4t\u00e9 du Wellington Hockey Club), notre showroom&hellip;<\/p>\n","protected":false},"author":1,"featured_media":115131,"parent":0,"menu_order":0,"comment_status":"closed","ping_status":"closed","template":"","meta":{"_acf_changed":false,"footnotes":""},"class_list":["post-80786","page","type-page","status-publish","has-post-thumbnail","hentry"],"acf":[],"yoast_head":"<!-- This site is optimized with the Yoast SEO plugin v24.9 - https:\/\/yoast.com\/wordpress\/plugins\/seo\/ -->\n<title>Salle d&#039;exposition - Plaisir du Jardin<\/title>\n<meta name=\"robots\" content=\"index, follow, max-snippet:-1, max-image-preview:large, max-video-preview:-1\" \/>\n<link rel=\"canonical\" href=\"https:\/\/plaisirdujardin.com\/fr\/salle-dexposition\/\" \/>\n<meta property=\"og:locale\" content=\"fr_FR\" \/>\n<meta property=\"og:type\" content=\"article\" \/>\n<meta property=\"og:title\" content=\"Salle d&#039;exposition - Plaisir du Jardin\" \/>\n<meta property=\"og:description\" content=\"Ouvert 7\/7 &#8211; Rendez-nous visite quand cela vous convient le mieux A proximit\u00e9 de la For\u00eat de Soignes \u00e0 Bruxelles (\u00e0 Uccle, \u00e0 c\u00f4t\u00e9 du Wellington Hockey Club), notre showroom&hellip;\" \/>\n<meta property=\"og:url\" content=\"https:\/\/plaisirdujardin.com\/fr\/salle-dexposition\/\" \/>\n<meta property=\"og:site_name\" content=\"Plaisir du Jardin\" \/>\n<meta property=\"article:modified_time\" content=\"2025-04-11T09:35:06+00:00\" \/>\n<meta property=\"og:image\" content=\"https:\/\/plaisirdujardin.com\/wp-content\/uploads\/2025\/02\/SHOWROOM1920X600.webp\" \/>\n\t<meta property=\"og:image:width\" content=\"1920\" \/>\n\t<meta property=\"og:image:height\" content=\"600\" \/>\n\t<meta property=\"og:image:type\" content=\"image\/webp\" \/>\n<meta name=\"twitter:card\" content=\"summary_large_image\" \/>\n<meta name=\"twitter:label1\" content=\"Dur\u00e9e de lecture estim\u00e9e\" \/>\n\t<meta name=\"twitter:data1\" content=\"1 minute\" \/>\n<script type=\"application\/ld+json\" class=\"yoast-schema-graph\">{\"@context\":\"https:\/\/schema.org\",\"@graph\":[{\"@type\":\"WebPage\",\"@id\":\"https:\/\/plaisirdujardin.com\/fr\/salle-dexposition\/\",\"url\":\"https:\/\/plaisirdujardin.com\/fr\/salle-dexposition\/\",\"name\":\"Salle d'exposition - Plaisir du Jardin\",\"isPartOf\":{\"@id\":\"https:\/\/plaisirdujardin.com\/fr\/#website\"},\"primaryImageOfPage\":{\"@id\":\"https:\/\/plaisirdujardin.com\/fr\/salle-dexposition\/#primaryimage\"},\"image\":{\"@id\":\"https:\/\/plaisirdujardin.com\/fr\/salle-dexposition\/#primaryimage\"},\"thumbnailUrl\":\"https:\/\/plaisirdujardin.com\/wp-content\/uploads\/2025\/02\/SHOWROOM1920X600.webp\",\"datePublished\":\"2025-01-07T16:22:09+00:00\",\"dateModified\":\"2025-04-11T09:35:06+00:00\",\"breadcrumb\":{\"@id\":\"https:\/\/plaisirdujardin.com\/fr\/salle-dexposition\/#breadcrumb\"},\"inLanguage\":\"fr-FR\",\"potentialAction\":[{\"@type\":\"ReadAction\",\"target\":[\"https:\/\/plaisirdujardin.com\/fr\/salle-dexposition\/\"]}]},{\"@type\":\"ImageObject\",\"inLanguage\":\"fr-FR\",\"@id\":\"https:\/\/plaisirdujardin.com\/fr\/salle-dexposition\/#primaryimage\",\"url\":\"https:\/\/plaisirdujardin.com\/wp-content\/uploads\/2025\/02\/SHOWROOM1920X600.webp\",\"contentUrl\":\"https:\/\/plaisirdujardin.com\/wp-content\/uploads\/2025\/02\/SHOWROOM1920X600.webp\",\"width\":1920,\"height\":600,\"caption\":\"SHOWROOM\"},{\"@type\":\"BreadcrumbList\",\"@id\":\"https:\/\/plaisirdujardin.com\/fr\/salle-dexposition\/#breadcrumb\",\"itemListElement\":[{\"@type\":\"ListItem\",\"position\":1,\"name\":\"Home\",\"item\":\"https:\/\/plaisirdujardin.com\/fr\/home\/\"},{\"@type\":\"ListItem\",\"position\":2,\"name\":\"Salle d&#8217;exposition\"}]},{\"@type\":\"WebSite\",\"@id\":\"https:\/\/plaisirdujardin.com\/fr\/#website\",\"url\":\"https:\/\/plaisirdujardin.com\/fr\/\",\"name\":\"Plaisir du Jardin\",\"description\":\"Plaisir du jardin - Mobilier de jardin et d\u00e9coration ext\u00e9rieure\",\"publisher\":{\"@id\":\"https:\/\/plaisirdujardin.com\/fr\/#organization\"},\"potentialAction\":[{\"@type\":\"SearchAction\",\"target\":{\"@type\":\"EntryPoint\",\"urlTemplate\":\"https:\/\/plaisirdujardin.com\/fr\/?s={search_term_string}\"},\"query-input\":{\"@type\":\"PropertyValueSpecification\",\"valueRequired\":true,\"valueName\":\"search_term_string\"}}],\"inLanguage\":\"fr-FR\"},{\"@type\":\"Organization\",\"@id\":\"https:\/\/plaisirdujardin.com\/fr\/#organization\",\"name\":\"Plaisir du Jardin\",\"url\":\"https:\/\/plaisirdujardin.com\/fr\/\",\"logo\":{\"@type\":\"ImageObject\",\"inLanguage\":\"fr-FR\",\"@id\":\"https:\/\/plaisirdujardin.com\/fr\/#\/schema\/logo\/image\/\",\"url\":\"https:\/\/plaisirdujardin.com\/wp-content\/uploads\/2024\/07\/logo-plaisir-du-jardin-dark.svg\",\"contentUrl\":\"https:\/\/plaisirdujardin.com\/wp-content\/uploads\/2024\/07\/logo-plaisir-du-jardin-dark.svg\",\"width\":914,\"height\":440,\"caption\":\"Plaisir du Jardin\"},\"image\":{\"@id\":\"https:\/\/plaisirdujardin.com\/fr\/#\/schema\/logo\/image\/\"}}]}<\/script>\n<!-- \/ Yoast SEO plugin. -->","yoast_head_json":{"title":"Salle d'exposition - Plaisir du Jardin","robots":{"index":"index","follow":"follow","max-snippet":"max-snippet:-1","max-image-preview":"max-image-preview:large","max-video-preview":"max-video-preview:-1"},"canonical":"https:\/\/plaisirdujardin.com\/fr\/salle-dexposition\/","og_locale":"fr_FR","og_type":"article","og_title":"Salle d'exposition - Plaisir du Jardin","og_description":"Ouvert 7\/7 &#8211; Rendez-nous visite quand cela vous convient le mieux A proximit\u00e9 de la For\u00eat de Soignes \u00e0 Bruxelles (\u00e0 Uccle, \u00e0 c\u00f4t\u00e9 du Wellington Hockey Club), notre showroom&hellip;","og_url":"https:\/\/plaisirdujardin.com\/fr\/salle-dexposition\/","og_site_name":"Plaisir du Jardin","article_modified_time":"2025-04-11T09:35:06+00:00","og_image":[{"width":1920,"height":600,"url":"https:\/\/plaisirdujardin.com\/wp-content\/uploads\/2025\/02\/SHOWROOM1920X600.webp","type":"image\/webp"}],"twitter_card":"summary_large_image","twitter_misc":{"Dur\u00e9e de lecture estim\u00e9e":"1 minute"},"schema":{"@context":"https:\/\/schema.org","@graph":[{"@type":"WebPage","@id":"https:\/\/plaisirdujardin.com\/fr\/salle-dexposition\/","url":"https:\/\/plaisirdujardin.com\/fr\/salle-dexposition\/","name":"Salle d'exposition - Plaisir du Jardin","isPartOf":{"@id":"https:\/\/plaisirdujardin.com\/fr\/#website"},"primaryImageOfPage":{"@id":"https:\/\/plaisirdujardin.com\/fr\/salle-dexposition\/#primaryimage"},"image":{"@id":"https:\/\/plaisirdujardin.com\/fr\/salle-dexposition\/#primaryimage"},"thumbnailUrl":"https:\/\/plaisirdujardin.com\/wp-content\/uploads\/2025\/02\/SHOWROOM1920X600.webp","datePublished":"2025-01-07T16:22:09+00:00","dateModified":"2025-04-11T09:35:06+00:00","breadcrumb":{"@id":"https:\/\/plaisirdujardin.com\/fr\/salle-dexposition\/#breadcrumb"},"inLanguage":"fr-FR","potentialAction":[{"@type":"ReadAction","target":["https:\/\/plaisirdujardin.com\/fr\/salle-dexposition\/"]}]},{"@type":"ImageObject","inLanguage":"fr-FR","@id":"https:\/\/plaisirdujardin.com\/fr\/salle-dexposition\/#primaryimage","url":"https:\/\/plaisirdujardin.com\/wp-content\/uploads\/2025\/02\/SHOWROOM1920X600.webp","contentUrl":"https:\/\/plaisirdujardin.com\/wp-content\/uploads\/2025\/02\/SHOWROOM1920X600.webp","width":1920,"height":600,"caption":"SHOWROOM"},{"@type":"BreadcrumbList","@id":"https:\/\/plaisirdujardin.com\/fr\/salle-dexposition\/#breadcrumb","itemListElement":[{"@type":"ListItem","position":1,"name":"Home","item":"https:\/\/plaisirdujardin.com\/fr\/home\/"},{"@type":"ListItem","position":2,"name":"Salle d&#8217;exposition"}]},{"@type":"WebSite","@id":"https:\/\/plaisirdujardin.com\/fr\/#website","url":"https:\/\/plaisirdujardin.com\/fr\/","name":"Plaisir du Jardin","description":"Plaisir du jardin - Mobilier de jardin et d\u00e9coration ext\u00e9rieure","publisher":{"@id":"https:\/\/plaisirdujardin.com\/fr\/#organization"},"potentialAction":[{"@type":"SearchAction","target":{"@type":"EntryPoint","urlTemplate":"https:\/\/plaisirdujardin.com\/fr\/?s={search_term_string}"},"query-input":{"@type":"PropertyValueSpecification","valueRequired":true,"valueName":"search_term_string"}}],"inLanguage":"fr-FR"},{"@type":"Organization","@id":"https:\/\/plaisirdujardin.com\/fr\/#organization","name":"Plaisir du Jardin","url":"https:\/\/plaisirdujardin.com\/fr\/","logo":{"@type":"ImageObject","inLanguage":"fr-FR","@id":"https:\/\/plaisirdujardin.com\/fr\/#\/schema\/logo\/image\/","url":"https:\/\/plaisirdujardin.com\/wp-content\/uploads\/2024\/07\/logo-plaisir-du-jardin-dark.svg","contentUrl":"https:\/\/plaisirdujardin.com\/wp-content\/uploads\/2024\/07\/logo-plaisir-du-jardin-dark.svg","width":914,"height":440,"caption":"Plaisir du Jardin"},"image":{"@id":"https:\/\/plaisirdujardin.com\/fr\/#\/schema\/logo\/image\/"}}]}},"_links":{"self":[{"href":"https:\/\/plaisirdujardin.com\/fr\/wp-json\/wp\/v2\/pages\/80786","targetHints":{"allow":["GET"]}}],"collection":[{"href":"https:\/\/plaisirdujardin.com\/fr\/wp-json\/wp\/v2\/pages"}],"about":[{"href":"https:\/\/plaisirdujardin.com\/fr\/wp-json\/wp\/v2\/types\/page"}],"author":[{"embeddable":true,"href":"https:\/\/plaisirdujardin.com\/fr\/wp-json\/wp\/v2\/users\/1"}],"replies":[{"embeddable":true,"href":"https:\/\/plaisirdujardin.com\/fr\/wp-json\/wp\/v2\/comments?post=80786"}],"version-history":[{"count":0,"href":"https:\/\/plaisirdujardin.com\/fr\/wp-json\/wp\/v2\/pages\/80786\/revisions"}],"wp:featuredmedia":[{"embeddable":true,"href":"https:\/\/plaisirdujardin.com\/fr\/wp-json\/wp\/v2\/media\/115131"}],"wp:attachment":[{"href":"https:\/\/plaisirdujardin.com\/fr\/wp-json\/wp\/v2\/media?parent=80786"}],"curies":[{"name":"wp","href":"https:\/\/api.w.org\/{rel}","templated":true}]}}