{"id":80767,"date":"2025-01-07T19:41:23","date_gmt":"2025-01-07T17:41:23","guid":{"rendered":"http:\/\/preview.plaisirdujardin.com\/notre-espace-horeca\/"},"modified":"2025-01-23T19:59:18","modified_gmt":"2025-01-23T17:59:18","slug":"notre-espace-horeca","status":"publish","type":"page","link":"https:\/\/plaisirdujardin.com\/fr\/notre-espace-horeca\/","title":{"rendered":"Notre espace HORECA"},"content":{"rendered":"\t\t<div data-elementor-type=\"wp-page\" data-elementor-id=\"80767\" class=\"elementor elementor-80767 elementor-30053\" data-elementor-post-type=\"page\">\n\t\t\t\t<div class=\"elementor-element elementor-element-e577790 e-flex e-con-boxed e-con e-parent\" data-id=\"e577790\" data-element_type=\"container\">\n\t\t\t\t\t<div class=\"e-con-inner\">\n\t\t<div class=\"elementor-element elementor-element-a964a91 e-con-full e-flex e-con e-child\" data-id=\"a964a91\" data-element_type=\"container\">\n\t\t\t\t<div class=\"elementor-element elementor-element-5adb026 elementor-widget elementor-widget-image\" data-id=\"5adb026\" data-element_type=\"widget\" data-widget_type=\"image.default\">\n\t\t\t\t<div class=\"elementor-widget-container\">\n\t\t\t\t\t\t\t\t\t\t\t\t\t\t\t<img fetchpriority=\"high\" decoding=\"async\" width=\"1613\" height=\"1075\" src=\"https:\/\/plaisirdujardin.com\/wp-content\/uploads\/2025\/01\/horeca-cover.webp\" class=\"attachment-full size-full wp-image-30060\" alt=\"horeca-cover\" srcset=\"https:\/\/plaisirdujardin.com\/wp-content\/uploads\/2025\/01\/horeca-cover.webp 1613w, https:\/\/plaisirdujardin.com\/wp-content\/uploads\/2025\/01\/horeca-cover-300x200.webp 300w, https:\/\/plaisirdujardin.com\/wp-content\/uploads\/2025\/01\/horeca-cover-1024x682.webp 1024w, https:\/\/plaisirdujardin.com\/wp-content\/uploads\/2025\/01\/horeca-cover-768x512.webp 768w, https:\/\/plaisirdujardin.com\/wp-content\/uploads\/2025\/01\/horeca-cover-1536x1024.webp 1536w, https:\/\/plaisirdujardin.com\/wp-content\/uploads\/2025\/01\/horeca-cover-360x240.webp 360w, https:\/\/plaisirdujardin.com\/wp-content\/uploads\/2025\/01\/horeca-cover-565x377.webp 565w, https:\/\/plaisirdujardin.com\/wp-content\/uploads\/2025\/01\/horeca-cover-938x625.webp 938w\" sizes=\"(max-width: 1613px) 100vw, 1613px\" \/>\t\t\t\t\t\t\t\t\t\t\t\t\t\t\t<\/div>\n\t\t\t\t<\/div>\n\t\t\t\t<\/div>\n\t\t<div class=\"elementor-element elementor-element-23b7d8d e-con-full e-flex e-con e-child\" data-id=\"23b7d8d\" data-element_type=\"container\">\n\t\t\t\t<div class=\"elementor-element elementor-element-4e940ae elementor-widget elementor-widget-heading\" data-id=\"4e940ae\" data-element_type=\"widget\" data-widget_type=\"heading.default\">\n\t\t\t\t<div class=\"elementor-widget-container\">\n\t\t\t\t\t<h3 class=\"elementor-heading-title elementor-size-default\">Vous \u00eates un professionnel de l'HORECA, de l'\u00e9v\u00e9nementiel ou du secteur public, et vous recherchez du mobilier pour vos espaces ext\u00e9rieurs ?<\/h3>\t\t\t\t<\/div>\n\t\t\t\t<\/div>\n\t\t\t\t<div class=\"elementor-element elementor-element-4a3c9fe elementor-widget elementor-widget-text-editor\" data-id=\"4a3c9fe\" data-element_type=\"widget\" data-widget_type=\"text-editor.default\">\n\t\t\t\t<div class=\"elementor-widget-container\">\n\t\t\t\t\t\t\t\t\t<p>Plaisir du Jardin propose tout ce dont votre ext\u00e9rieur a besoin. Vous y trouverez des objets de d\u00e9coration, du mobilier ainsi que des accessoires de jardin. Nous vous proposons une large gamme de chaises, tabourets, chaises longues et tables disponibles en diff\u00e9rentes tailles et couleurs. Que ce soit pour meubler un h\u00f4tel, un restaurant ou un caf\u00e9, nous sommes s\u00fbrs que vous trouverez votre bonheur parmi nos nombreuses collections de grandes marques.   <\/p>\n\t\t\t\t\t\t\t\t<\/div>\n\t\t\t\t<\/div>\n\t\t\t\t<\/div>\n\t\t\t\t\t<\/div>\n\t\t\t\t<\/div>\n\t\t\t\t<section class=\"elementor-section elementor-top-section elementor-element elementor-element-70250d4 elementor-section-stretched elementor-section-boxed elementor-section-height-default elementor-section-height-default\" data-id=\"70250d4\" data-element_type=\"section\" data-settings=\"{&quot;stretch_section&quot;:&quot;section-stretched&quot;,&quot;background_background&quot;:&quot;classic&quot;}\">\n\t\t\t\t\t\t<div class=\"elementor-container elementor-column-gap-default\">\n\t\t\t\t\t<div class=\"elementor-column elementor-col-100 elementor-top-column elementor-element elementor-element-a16aeb9\" data-id=\"a16aeb9\" data-element_type=\"column\">\n\t\t\t<div class=\"elementor-widget-wrap elementor-element-populated\">\n\t\t\t\t\t\t<div class=\"elementor-element elementor-element-ffcc785 elementor-widget elementor-widget-sober-section-heading\" data-id=\"ffcc785\" data-element_type=\"widget\" data-widget_type=\"sober-section-heading.default\">\n\t\t\t\t<div class=\"elementor-widget-container\">\n\t\t\t\t\t<h2 class=\"sober-section-heading sober-section-heading--default sober-section-header--align-\"><span class=\"sober-section-heading__title\">Nos marques sp\u00e9cialis\u00e9es dans l'HORECA<\/span><\/h2>\t\t\t\t<\/div>\n\t\t\t\t<\/div>\n\t\t\t\t<div class=\"elementor-element elementor-element-9145bb9 elementor-widget elementor-widget-sober-image-slider\" data-id=\"9145bb9\" data-element_type=\"widget\" data-settings=\"{&quot;autoplay&quot;:&quot;yes&quot;,&quot;autoplay_speed&quot;:5000,&quot;loop&quot;:&quot;yes&quot;,&quot;free_mode&quot;:&quot;yes&quot;}\" data-widget_type=\"sober-image-slider.default\">\n\t\t\t\t<div class=\"elementor-widget-container\">\n\t\t\t\t\t\t\t<div class=\"sober-image-slider sober-image-slider--free-mode\">\n\t\t\t<div class=\"sober-image-slider__item\"><a href=\"http:\/\/preview.plaisirdujardin.com\/brands\/fermob\/\"><img decoding=\"async\" alt=\"Fermob\" src=\"http:\/\/preview.plaisirdujardin.com\/wp-content\/uploads\/2025\/01\/background-fermob.jpg\" class=\"skip-lazy\"><h3 class=\"sober-image-slider__item-text\">Fermob<\/h3><span class=\"sober-image-slider__item-button\">D\u00e9couvrez la marque<\/span><\/a><\/div><div class=\"sober-image-slider__item\"><a href=\"http:\/\/preview.plaisirdujardin.com\/brands\/emu\/\"><img decoding=\"async\" alt=\"L&#039;\u00e9meu\" src=\"http:\/\/preview.plaisirdujardin.com\/wp-content\/uploads\/2025\/01\/background-emu.jpg\" class=\"skip-lazy\"><h3 class=\"sober-image-slider__item-text\">L&#039;\u00e9meu<\/h3><span class=\"sober-image-slider__item-button\">D\u00e9couvrez la marque<\/span><\/a><\/div><div class=\"sober-image-slider__item\"><a href=\"http:\/\/preview.plaisirdujardin.com\/brands\/emu\/\"><img decoding=\"async\" alt=\"Rapide\" src=\"http:\/\/preview.plaisirdujardin.com\/wp-content\/uploads\/2025\/01\/background-fast.jpg\" class=\"skip-lazy\"><h3 class=\"sober-image-slider__item-text\">Rapide<\/h3><span class=\"sober-image-slider__item-button\">D\u00e9couvrez la marque<\/span><\/a><\/div><div class=\"sober-image-slider__item\"><a href=\"http:\/\/preview.plaisirdujardin.com\/brands\/emu\/\"><img decoding=\"async\" alt=\"Glatz\" src=\"http:\/\/preview.plaisirdujardin.com\/wp-content\/uploads\/2025\/01\/background-glatz.jpg\" class=\"skip-lazy\"><h3 class=\"sober-image-slider__item-text\">Glatz<\/h3><span class=\"sober-image-slider__item-button\">D\u00e9couvrez la marque<\/span><\/a><\/div><div class=\"sober-image-slider__item\"><a href=\"http:\/\/preview.plaisirdujardin.com\/brands\/jardinico\/\"><img decoding=\"async\" alt=\"Jardinico\" src=\"http:\/\/preview.plaisirdujardin.com\/wp-content\/uploads\/2025\/01\/background-jardinico.jpg\" class=\"skip-lazy\"><h3 class=\"sober-image-slider__item-text\">Jardinico<\/h3><span class=\"sober-image-slider__item-button\">D\u00e9couvrez la marque<\/span><\/a><\/div>\t\t<\/div>\n\t\t\t\t\t\t<\/div>\n\t\t\t\t<\/div>\n\t\t\t\t\t<\/div>\n\t\t<\/div>\n\t\t\t\t\t<\/div>\n\t\t<\/section>\n\t\t<div class=\"elementor-element elementor-element-b23e440 e-flex e-con-boxed e-con e-parent\" data-id=\"b23e440\" data-element_type=\"container\">\n\t\t\t\t\t<div class=\"e-con-inner\">\n\t\t<div class=\"elementor-element elementor-element-174f140 e-con-full e-flex e-con e-child\" data-id=\"174f140\" data-element_type=\"container\">\n\t\t\t\t<div class=\"elementor-element elementor-element-243321f elementor-widget elementor-widget-heading\" data-id=\"243321f\" data-element_type=\"widget\" data-widget_type=\"heading.default\">\n\t\t\t\t<div class=\"elementor-widget-container\">\n\t\t\t\t\t<h3 class=\"elementor-heading-title elementor-size-default\">Prenez rendez-vous avec l'un de nos sp\u00e9cialistes de l'ameublement HORECA<\/h3>\t\t\t\t<\/div>\n\t\t\t\t<\/div>\n\t\t\t\t<div class=\"elementor-element elementor-element-add6db3 elementor-widget elementor-widget-text-editor\" data-id=\"add6db3\" data-element_type=\"widget\" data-widget_type=\"text-editor.default\">\n\t\t\t\t<div class=\"elementor-widget-container\">\n\t\t\t\t\t\t\t\t\t<p>Pour vous aider dans votre projet, nos architectes vous assisteront afin de vous conseiller au mieux dans le choix des produits et dans l&rsquo;am\u00e9nagement de votre \u00e9tablissement.<\/p>\n\t\t\t\t\t\t\t\t<\/div>\n\t\t\t\t<\/div>\n\t\t\t\t<div class=\"elementor-element elementor-element-a479593 sober-button-wrapper--align-left elementor-widget elementor-widget-sober-button\" data-id=\"a479593\" data-element_type=\"widget\" data-widget_type=\"sober-button.default\">\n\t\t\t\t<div class=\"elementor-widget-container\">\n\t\t\t\t\t\t\t<a class=\"sober-button sober-button--elementor sober-button--type-normal button-type-normal sober-button--link button sober-button--size-normal button-normal normal\" role=\"button\" href=\"http:\/\/preview.plaisirdujardin.com\/fr\/contact\/?lang=fr\" id=\"brands-button\">\n\t\t\t<span class=\"sober-button__text\">Prendre rendez-vous<\/span>\n\t\t<\/a>\n\t\t\t\t\t\t<\/div>\n\t\t\t\t<\/div>\n\t\t\t\t<\/div>\n\t\t<div class=\"elementor-element elementor-element-da1146f e-con-full e-flex e-con e-child\" data-id=\"da1146f\" data-element_type=\"container\">\n\t\t\t\t<div class=\"elementor-element elementor-element-cf55454 elementor-widget elementor-widget-image\" data-id=\"cf55454\" data-element_type=\"widget\" data-widget_type=\"image.default\">\n\t\t\t\t<div class=\"elementor-widget-container\">\n\t\t\t\t\t\t\t\t\t\t\t\t\t\t\t<img decoding=\"async\" width=\"520\" height=\"503\" src=\"https:\/\/plaisirdujardin.com\/wp-content\/uploads\/2025\/01\/blog-details-push-contact.webp\" class=\"attachment-full size-full wp-image-30104\" alt=\"blog-details-push-contact\" srcset=\"https:\/\/plaisirdujardin.com\/wp-content\/uploads\/2025\/01\/blog-details-push-contact.webp 520w, https:\/\/plaisirdujardin.com\/wp-content\/uploads\/2025\/01\/blog-details-push-contact-300x290.webp 300w\" sizes=\"(max-width: 520px) 100vw, 520px\" \/>\t\t\t\t\t\t\t\t\t\t\t\t\t\t\t<\/div>\n\t\t\t\t<\/div>\n\t\t\t\t<\/div>\n\t\t\t\t\t<\/div>\n\t\t\t\t<\/div>\n\t\t\t\t<\/div>\n\t\t","protected":false},"excerpt":{"rendered":"<p>Vous \u00eates un professionnel de l&rsquo;HORECA, de l&rsquo;\u00e9v\u00e9nementiel ou du secteur public, et vous recherchez du mobilier pour vos espaces ext\u00e9rieurs ? Plaisir du Jardin propose tout ce dont votre&hellip;<\/p>\n","protected":false},"author":1,"featured_media":0,"parent":0,"menu_order":0,"comment_status":"closed","ping_status":"closed","template":"","meta":{"_acf_changed":false,"footnotes":""},"class_list":["post-80767","page","type-page","status-publish","hentry"],"acf":[],"yoast_head":"<!-- This site is optimized with the Yoast SEO plugin v24.9 - https:\/\/yoast.com\/wordpress\/plugins\/seo\/ -->\n<title>Notre espace HORECA - Plaisir du Jardin<\/title>\n<meta name=\"robots\" content=\"index, follow, max-snippet:-1, max-image-preview:large, max-video-preview:-1\" \/>\n<link rel=\"canonical\" href=\"https:\/\/plaisirdujardin.com\/fr\/notre-espace-horeca\/\" \/>\n<meta property=\"og:locale\" content=\"fr_FR\" \/>\n<meta property=\"og:type\" content=\"article\" \/>\n<meta property=\"og:title\" content=\"Notre espace HORECA - Plaisir du Jardin\" \/>\n<meta property=\"og:description\" content=\"Vous \u00eates un professionnel de l&rsquo;HORECA, de l&rsquo;\u00e9v\u00e9nementiel ou du secteur public, et vous recherchez du mobilier pour vos espaces ext\u00e9rieurs ? Plaisir du Jardin propose tout ce dont votre&hellip;\" \/>\n<meta property=\"og:url\" content=\"https:\/\/plaisirdujardin.com\/fr\/notre-espace-horeca\/\" \/>\n<meta property=\"og:site_name\" content=\"Plaisir du Jardin\" \/>\n<meta property=\"article:modified_time\" content=\"2025-01-23T17:59:18+00:00\" \/>\n<meta property=\"og:image\" content=\"http:\/\/preview.plaisirdujardin.com\/wp-content\/uploads\/2025\/01\/horeca-cover.webp\" \/>\n<meta name=\"twitter:card\" content=\"summary_large_image\" \/>\n<meta name=\"twitter:label1\" content=\"Dur\u00e9e de lecture estim\u00e9e\" \/>\n\t<meta name=\"twitter:data1\" content=\"1 minute\" \/>\n<script type=\"application\/ld+json\" class=\"yoast-schema-graph\">{\"@context\":\"https:\/\/schema.org\",\"@graph\":[{\"@type\":\"WebPage\",\"@id\":\"https:\/\/plaisirdujardin.com\/fr\/notre-espace-horeca\/\",\"url\":\"https:\/\/plaisirdujardin.com\/fr\/notre-espace-horeca\/\",\"name\":\"Notre espace HORECA - Plaisir du Jardin\",\"isPartOf\":{\"@id\":\"https:\/\/plaisirdujardin.com\/fr\/#website\"},\"primaryImageOfPage\":{\"@id\":\"https:\/\/plaisirdujardin.com\/fr\/notre-espace-horeca\/#primaryimage\"},\"image\":{\"@id\":\"https:\/\/plaisirdujardin.com\/fr\/notre-espace-horeca\/#primaryimage\"},\"thumbnailUrl\":\"https:\/\/plaisirdujardin.com\/wp-content\/uploads\/2025\/01\/horeca-cover.webp\",\"datePublished\":\"2025-01-07T17:41:23+00:00\",\"dateModified\":\"2025-01-23T17:59:18+00:00\",\"breadcrumb\":{\"@id\":\"https:\/\/plaisirdujardin.com\/fr\/notre-espace-horeca\/#breadcrumb\"},\"inLanguage\":\"fr-FR\",\"potentialAction\":[{\"@type\":\"ReadAction\",\"target\":[\"https:\/\/plaisirdujardin.com\/fr\/notre-espace-horeca\/\"]}]},{\"@type\":\"ImageObject\",\"inLanguage\":\"fr-FR\",\"@id\":\"https:\/\/plaisirdujardin.com\/fr\/notre-espace-horeca\/#primaryimage\",\"url\":\"https:\/\/plaisirdujardin.com\/wp-content\/uploads\/2025\/01\/horeca-cover.webp\",\"contentUrl\":\"https:\/\/plaisirdujardin.com\/wp-content\/uploads\/2025\/01\/horeca-cover.webp\"},{\"@type\":\"BreadcrumbList\",\"@id\":\"https:\/\/plaisirdujardin.com\/fr\/notre-espace-horeca\/#breadcrumb\",\"itemListElement\":[{\"@type\":\"ListItem\",\"position\":1,\"name\":\"Home\",\"item\":\"https:\/\/plaisirdujardin.com\/fr\/home\/\"},{\"@type\":\"ListItem\",\"position\":2,\"name\":\"Notre espace HORECA\"}]},{\"@type\":\"WebSite\",\"@id\":\"https:\/\/plaisirdujardin.com\/fr\/#website\",\"url\":\"https:\/\/plaisirdujardin.com\/fr\/\",\"name\":\"Plaisir du Jardin\",\"description\":\"Plaisir du jardin - Mobilier de jardin et d\u00e9coration ext\u00e9rieure\",\"publisher\":{\"@id\":\"https:\/\/plaisirdujardin.com\/fr\/#organization\"},\"potentialAction\":[{\"@type\":\"SearchAction\",\"target\":{\"@type\":\"EntryPoint\",\"urlTemplate\":\"https:\/\/plaisirdujardin.com\/fr\/?s={search_term_string}\"},\"query-input\":{\"@type\":\"PropertyValueSpecification\",\"valueRequired\":true,\"valueName\":\"search_term_string\"}}],\"inLanguage\":\"fr-FR\"},{\"@type\":\"Organization\",\"@id\":\"https:\/\/plaisirdujardin.com\/fr\/#organization\",\"name\":\"Plaisir du Jardin\",\"url\":\"https:\/\/plaisirdujardin.com\/fr\/\",\"logo\":{\"@type\":\"ImageObject\",\"inLanguage\":\"fr-FR\",\"@id\":\"https:\/\/plaisirdujardin.com\/fr\/#\/schema\/logo\/image\/\",\"url\":\"https:\/\/plaisirdujardin.com\/wp-content\/uploads\/2024\/07\/logo-plaisir-du-jardin-dark.svg\",\"contentUrl\":\"https:\/\/plaisirdujardin.com\/wp-content\/uploads\/2024\/07\/logo-plaisir-du-jardin-dark.svg\",\"width\":914,\"height\":440,\"caption\":\"Plaisir du Jardin\"},\"image\":{\"@id\":\"https:\/\/plaisirdujardin.com\/fr\/#\/schema\/logo\/image\/\"}}]}<\/script>\n<!-- \/ Yoast SEO plugin. -->","yoast_head_json":{"title":"Notre espace HORECA - Plaisir du Jardin","robots":{"index":"index","follow":"follow","max-snippet":"max-snippet:-1","max-image-preview":"max-image-preview:large","max-video-preview":"max-video-preview:-1"},"canonical":"https:\/\/plaisirdujardin.com\/fr\/notre-espace-horeca\/","og_locale":"fr_FR","og_type":"article","og_title":"Notre espace HORECA - Plaisir du Jardin","og_description":"Vous \u00eates un professionnel de l&rsquo;HORECA, de l&rsquo;\u00e9v\u00e9nementiel ou du secteur public, et vous recherchez du mobilier pour vos espaces ext\u00e9rieurs ? Plaisir du Jardin propose tout ce dont votre&hellip;","og_url":"https:\/\/plaisirdujardin.com\/fr\/notre-espace-horeca\/","og_site_name":"Plaisir du Jardin","article_modified_time":"2025-01-23T17:59:18+00:00","og_image":[{"url":"http:\/\/preview.plaisirdujardin.com\/wp-content\/uploads\/2025\/01\/horeca-cover.webp","type":"","width":"","height":""}],"twitter_card":"summary_large_image","twitter_misc":{"Dur\u00e9e de lecture estim\u00e9e":"1 minute"},"schema":{"@context":"https:\/\/schema.org","@graph":[{"@type":"WebPage","@id":"https:\/\/plaisirdujardin.com\/fr\/notre-espace-horeca\/","url":"https:\/\/plaisirdujardin.com\/fr\/notre-espace-horeca\/","name":"Notre espace HORECA - Plaisir du Jardin","isPartOf":{"@id":"https:\/\/plaisirdujardin.com\/fr\/#website"},"primaryImageOfPage":{"@id":"https:\/\/plaisirdujardin.com\/fr\/notre-espace-horeca\/#primaryimage"},"image":{"@id":"https:\/\/plaisirdujardin.com\/fr\/notre-espace-horeca\/#primaryimage"},"thumbnailUrl":"https:\/\/plaisirdujardin.com\/wp-content\/uploads\/2025\/01\/horeca-cover.webp","datePublished":"2025-01-07T17:41:23+00:00","dateModified":"2025-01-23T17:59:18+00:00","breadcrumb":{"@id":"https:\/\/plaisirdujardin.com\/fr\/notre-espace-horeca\/#breadcrumb"},"inLanguage":"fr-FR","potentialAction":[{"@type":"ReadAction","target":["https:\/\/plaisirdujardin.com\/fr\/notre-espace-horeca\/"]}]},{"@type":"ImageObject","inLanguage":"fr-FR","@id":"https:\/\/plaisirdujardin.com\/fr\/notre-espace-horeca\/#primaryimage","url":"https:\/\/plaisirdujardin.com\/wp-content\/uploads\/2025\/01\/horeca-cover.webp","contentUrl":"https:\/\/plaisirdujardin.com\/wp-content\/uploads\/2025\/01\/horeca-cover.webp"},{"@type":"BreadcrumbList","@id":"https:\/\/plaisirdujardin.com\/fr\/notre-espace-horeca\/#breadcrumb","itemListElement":[{"@type":"ListItem","position":1,"name":"Home","item":"https:\/\/plaisirdujardin.com\/fr\/home\/"},{"@type":"ListItem","position":2,"name":"Notre espace HORECA"}]},{"@type":"WebSite","@id":"https:\/\/plaisirdujardin.com\/fr\/#website","url":"https:\/\/plaisirdujardin.com\/fr\/","name":"Plaisir du Jardin","description":"Plaisir du jardin - Mobilier de jardin et d\u00e9coration ext\u00e9rieure","publisher":{"@id":"https:\/\/plaisirdujardin.com\/fr\/#organization"},"potentialAction":[{"@type":"SearchAction","target":{"@type":"EntryPoint","urlTemplate":"https:\/\/plaisirdujardin.com\/fr\/?s={search_term_string}"},"query-input":{"@type":"PropertyValueSpecification","valueRequired":true,"valueName":"search_term_string"}}],"inLanguage":"fr-FR"},{"@type":"Organization","@id":"https:\/\/plaisirdujardin.com\/fr\/#organization","name":"Plaisir du Jardin","url":"https:\/\/plaisirdujardin.com\/fr\/","logo":{"@type":"ImageObject","inLanguage":"fr-FR","@id":"https:\/\/plaisirdujardin.com\/fr\/#\/schema\/logo\/image\/","url":"https:\/\/plaisirdujardin.com\/wp-content\/uploads\/2024\/07\/logo-plaisir-du-jardin-dark.svg","contentUrl":"https:\/\/plaisirdujardin.com\/wp-content\/uploads\/2024\/07\/logo-plaisir-du-jardin-dark.svg","width":914,"height":440,"caption":"Plaisir du Jardin"},"image":{"@id":"https:\/\/plaisirdujardin.com\/fr\/#\/schema\/logo\/image\/"}}]}},"_links":{"self":[{"href":"https:\/\/plaisirdujardin.com\/fr\/wp-json\/wp\/v2\/pages\/80767","targetHints":{"allow":["GET"]}}],"collection":[{"href":"https:\/\/plaisirdujardin.com\/fr\/wp-json\/wp\/v2\/pages"}],"about":[{"href":"https:\/\/plaisirdujardin.com\/fr\/wp-json\/wp\/v2\/types\/page"}],"author":[{"embeddable":true,"href":"https:\/\/plaisirdujardin.com\/fr\/wp-json\/wp\/v2\/users\/1"}],"replies":[{"embeddable":true,"href":"https:\/\/plaisirdujardin.com\/fr\/wp-json\/wp\/v2\/comments?post=80767"}],"version-history":[{"count":0,"href":"https:\/\/plaisirdujardin.com\/fr\/wp-json\/wp\/v2\/pages\/80767\/revisions"}],"wp:attachment":[{"href":"https:\/\/plaisirdujardin.com\/fr\/wp-json\/wp\/v2\/media?parent=80767"}],"curies":[{"name":"wp","href":"https:\/\/api.w.org\/{rel}","templated":true}]}}