{"id":80734,"date":"2025-01-08T13:00:35","date_gmt":"2025-01-08T11:00:35","guid":{"rendered":"http:\/\/preview.plaisirdujardin.com\/notre-histoire\/"},"modified":"2025-06-12T18:03:10","modified_gmt":"2025-06-12T16:03:10","slug":"notre-histoire","status":"publish","type":"page","link":"https:\/\/plaisirdujardin.com\/fr\/notre-histoire\/","title":{"rendered":"Histoire"},"content":{"rendered":"\t\t<div data-elementor-type=\"wp-page\" data-elementor-id=\"80734\" class=\"elementor elementor-80734 elementor-30167\" data-elementor-post-type=\"page\">\n\t\t\t\t<div class=\"elementor-element elementor-element-d788558 e-flex e-con-boxed e-con e-parent\" data-id=\"d788558\" data-element_type=\"container\">\n\t\t\t\t\t<div class=\"e-con-inner\">\n\t\t\t\t<div class=\"elementor-element elementor-element-e480ec4 elementor-widget elementor-widget-heading\" data-id=\"e480ec4\" data-element_type=\"widget\" data-widget_type=\"heading.default\">\n\t\t\t\t<div class=\"elementor-widget-container\">\n\t\t\t\t\t<h3 class=\"elementor-heading-title elementor-size-default\">\u00c0 vos c\u00f4t\u00e9s depuis plus de 35 ans pour vos projets d'ext\u00e9rieur<\/h3>\t\t\t\t<\/div>\n\t\t\t\t<\/div>\n\t\t\t\t\t<\/div>\n\t\t\t\t<\/div>\n\t\t<div class=\"elementor-element elementor-element-d00bdf2 e-flex e-con-boxed e-con e-parent\" data-id=\"d00bdf2\" data-element_type=\"container\">\n\t\t\t\t\t<div class=\"e-con-inner\">\n\t\t<div class=\"elementor-element elementor-element-264e2f3 e-con-full e-flex e-con e-child\" data-id=\"264e2f3\" data-element_type=\"container\">\n\t\t\t\t<div class=\"elementor-element elementor-element-8c32c2f elementor-widget elementor-widget-text-editor\" data-id=\"8c32c2f\" data-element_type=\"widget\" data-widget_type=\"text-editor.default\">\n\t\t\t\t<div class=\"elementor-widget-container\">\n\t\t\t\t\t\t\t\t\t<div class=\"elementor-element elementor-element-12372ea elementor-widget elementor-widget-heading\" data-id=\"12372ea\" data-element_type=\"widget\" data-widget_type=\"heading.default\">\n<h2 class=\"elementor-widget-container\">Un service exclusif pour le mobilier de jardin dans toute l&rsquo;Europe<\/h2>\n<p data-start=\"1405\" data-end=\"1890\"><br data-start=\"1450\" data-end=\"1453\">Plaisir du Jardin t\u00e9moigne du pari audacieux fait il y a plus de trois d\u00e9cennies &#8211; un voyage qui a commenc\u00e9 par l&rsquo;amiti\u00e9, s&rsquo;est d\u00e9velopp\u00e9 par la passion et s&rsquo;est transform\u00e9 en une entreprise florissante.<\/p>\n<p data-start=\"1405\" data-end=\"1890\">Avec des <strong>projets r\u00e9alis\u00e9s de Marbella \u00e0 Calvi en passant par le sud de la France<\/strong>, Plaisir du Jardin est aujourd&rsquo;hui un <strong>acteur majeur de l&rsquo;am\u00e9nagement ext\u00e9rieur en Europe<\/strong>, offrant des solutions \u00e9l\u00e9gantes et fonctionnelles, m\u00e9ticuleusement adapt\u00e9es \u00e0 chaque environnement unique.<\/p>\n<\/div>\n<div class=\"elementor-element elementor-element-08282da elementor-widget elementor-widget-text-editor\" data-id=\"08282da\" data-element_type=\"widget\" data-widget_type=\"text-editor.default\">\n<div class=\"elementor-widget-container\"> <\/div>\n<\/div>\n\t\t\t\t\t\t\t\t<\/div>\n\t\t\t\t<\/div>\n\t\t\t\t<\/div>\n\t\t<div class=\"elementor-element elementor-element-45ec09d e-con-full e-flex e-con e-child\" data-id=\"45ec09d\" data-element_type=\"container\">\n\t\t\t\t<div class=\"elementor-element elementor-element-6637635 elementor-widget elementor-widget-image\" data-id=\"6637635\" data-element_type=\"widget\" data-widget_type=\"image.default\">\n\t\t\t\t<div class=\"elementor-widget-container\">\n\t\t\t\t\t\t\t\t\t\t\t\t\t\t\t<img fetchpriority=\"high\" decoding=\"async\" width=\"640\" height=\"464\" src=\"https:\/\/plaisirdujardin.com\/wp-content\/uploads\/2025\/06\/DELIVERY5-1024x743.webp\" class=\"attachment-large size-large wp-image-117121\" alt=\"\" srcset=\"https:\/\/plaisirdujardin.com\/wp-content\/uploads\/2025\/06\/DELIVERY5-1024x743.webp 1024w, https:\/\/plaisirdujardin.com\/wp-content\/uploads\/2025\/06\/DELIVERY5-300x218.webp 300w, https:\/\/plaisirdujardin.com\/wp-content\/uploads\/2025\/06\/DELIVERY5-768x557.webp 768w, https:\/\/plaisirdujardin.com\/wp-content\/uploads\/2025\/06\/DELIVERY5-1536x1114.webp 1536w, https:\/\/plaisirdujardin.com\/wp-content\/uploads\/2025\/06\/DELIVERY5-2048x1486.webp 2048w, https:\/\/plaisirdujardin.com\/wp-content\/uploads\/2025\/06\/DELIVERY5-565x410.webp 565w, https:\/\/plaisirdujardin.com\/wp-content\/uploads\/2025\/06\/DELIVERY5-938x681.webp 938w\" sizes=\"(max-width: 640px) 100vw, 640px\" \/>\t\t\t\t\t\t\t\t\t\t\t\t\t\t\t<\/div>\n\t\t\t\t<\/div>\n\t\t\t\t<\/div>\n\t\t\t\t\t<\/div>\n\t\t\t\t<\/div>\n\t\t<div class=\"elementor-element elementor-element-770dd2b e-con-full e-flex e-con e-parent\" data-id=\"770dd2b\" data-element_type=\"container\">\n\t\t<div class=\"elementor-element elementor-element-14bdec4 e-con-full e-flex e-con e-child\" data-id=\"14bdec4\" data-element_type=\"container\">\n\t\t\t\t<div class=\"elementor-element elementor-element-db3b5b3 elementor-widget elementor-widget-text-editor\" data-id=\"db3b5b3\" data-element_type=\"widget\" data-widget_type=\"text-editor.default\">\n\t\t\t\t<div class=\"elementor-widget-container\">\n\t\t\t\t\t\t\t\t\t<div class=\"elementor-element elementor-element-12372ea elementor-widget elementor-widget-heading\" data-id=\"12372ea\" data-element_type=\"widget\" data-widget_type=\"heading.default\">\n<div class=\"elementor-widget-container\">\n<h2 class=\"elementor-heading-title elementor-size-default\"><span style=\"text-align: var(--text-align); color: #7c7c80; font-size: 14px;\"><strong>Il y a plus de 35 ans<\/strong>, deux amis ont fait un acte de foi audacieux.<\/span><\/h2>\n<\/div>\n<\/div>\n<div class=\"elementor-element elementor-element-08282da elementor-widget elementor-widget-text-editor\" data-id=\"08282da\" data-element_type=\"widget\" data-widget_type=\"text-editor.default\">\n<div class=\"elementor-widget-container\">\n<p data-start=\"64\" data-end=\"401\">\u00c0 une \u00e9poque o\u00f9 le mobilier d&rsquo;ext\u00e9rieur \u00e9tait confin\u00e9 aux jardineries, ils ont os\u00e9 ouvrir un magasin d\u00e9di\u00e9 uniquement \u00e0 l&rsquo;<strong>ameublement d&rsquo;ext\u00e9rieur<\/strong>. <br \/>Cette entreprise pionni\u00e8re, qui s&rsquo;\u00e9tend de Bruxelles \u00e0 l&rsquo;Afrique du Sud, a marqu\u00e9 le d\u00e9but d&rsquo;une aventure extraordinaire.<\/p>\n<p data-start=\"403\" data-end=\"792\">Ce qui n&rsquo;\u00e9tait au d\u00e9part que le r\u00eave de deux amis est rapidement devenu la passion d&rsquo;<strong>Olivier Moreau<\/strong>, pr\u00e9sent dans l&rsquo;entreprise depuis le d\u00e9but. <br \/>Entr\u00e9 au d\u00e9part dans le service logistique, son amour profond pour le design et sa vision de l&rsquo;avenir l&rsquo;ont amen\u00e9 \u00e0 racheter progressivement ses partenaires. <br \/>Gr\u00e2ce \u00e0 <strong>son engagement et \u00e0 une vision claire<\/strong>, il a transform\u00e9 l&rsquo;entreprise en un leader du mobilier d&rsquo;ext\u00e9rieur haut de gamme.<\/p>\n<\/div>\n<\/div>\n\t\t\t\t\t\t\t\t<\/div>\n\t\t\t\t<\/div>\n\t\t\t\t<\/div>\n\t\t<div class=\"elementor-element elementor-element-84e69a8 e-con-full e-flex e-con e-child\" data-id=\"84e69a8\" data-element_type=\"container\">\n\t\t\t\t<div class=\"elementor-element elementor-element-b71e288 elementor-widget elementor-widget-image\" data-id=\"b71e288\" data-element_type=\"widget\" data-widget_type=\"image.default\">\n\t\t\t\t<div class=\"elementor-widget-container\">\n\t\t\t\t\t\t\t\t\t\t\t\t\t\t\t<img decoding=\"async\" width=\"640\" height=\"427\" src=\"https:\/\/plaisirdujardin.com\/wp-content\/uploads\/2025\/03\/story-THUB-2-1024x683.webp\" class=\"attachment-large size-large wp-image-115542\" alt=\"\" srcset=\"https:\/\/plaisirdujardin.com\/wp-content\/uploads\/2025\/03\/story-THUB-2-1024x683.webp 1024w, https:\/\/plaisirdujardin.com\/wp-content\/uploads\/2025\/03\/story-THUB-2-300x200.webp 300w, https:\/\/plaisirdujardin.com\/wp-content\/uploads\/2025\/03\/story-THUB-2-768x512.webp 768w, https:\/\/plaisirdujardin.com\/wp-content\/uploads\/2025\/03\/story-THUB-2-360x240.webp 360w, https:\/\/plaisirdujardin.com\/wp-content\/uploads\/2025\/03\/story-THUB-2-565x377.webp 565w, https:\/\/plaisirdujardin.com\/wp-content\/uploads\/2025\/03\/story-THUB-2-938x625.webp 938w, https:\/\/plaisirdujardin.com\/wp-content\/uploads\/2025\/03\/story-THUB-2.webp 1080w\" sizes=\"(max-width: 640px) 100vw, 640px\" \/>\t\t\t\t\t\t\t\t\t\t\t\t\t\t\t<\/div>\n\t\t\t\t<\/div>\n\t\t\t\t<\/div>\n\t\t\t\t<\/div>\n\t\t<div class=\"elementor-element elementor-element-fb2ed14 e-flex e-con-boxed e-con e-parent\" data-id=\"fb2ed14\" data-element_type=\"container\">\n\t\t\t\t\t<div class=\"e-con-inner\">\n\t\t<div class=\"elementor-element elementor-element-1115897 e-con-full e-flex e-con e-child\" data-id=\"1115897\" data-element_type=\"container\">\n\t\t\t\t<div class=\"elementor-element elementor-element-a2f2d29 elementor-widget__width-inherit elementor-widget elementor-widget-image\" data-id=\"a2f2d29\" data-element_type=\"widget\" data-widget_type=\"image.default\">\n\t\t\t\t<div class=\"elementor-widget-container\">\n\t\t\t\t\t\t\t\t\t\t\t\t\t\t\t<img decoding=\"async\" width=\"482\" height=\"593\" src=\"https:\/\/plaisirdujardin.com\/wp-content\/uploads\/2025\/03\/story-THUB-2bis.webp\" class=\"attachment-full size-full wp-image-115553\" alt=\"\" srcset=\"https:\/\/plaisirdujardin.com\/wp-content\/uploads\/2025\/03\/story-THUB-2bis.webp 482w, https:\/\/plaisirdujardin.com\/wp-content\/uploads\/2025\/03\/story-THUB-2bis-244x300.webp 244w\" sizes=\"(max-width: 482px) 100vw, 482px\" \/>\t\t\t\t\t\t\t\t\t\t\t\t\t\t\t<\/div>\n\t\t\t\t<\/div>\n\t\t\t\t<\/div>\n\t\t<div class=\"elementor-element elementor-element-99cdedc e-con-full e-flex e-con e-child\" data-id=\"99cdedc\" data-element_type=\"container\">\n\t\t\t\t<div class=\"elementor-element elementor-element-0d6d2fc elementor-widget elementor-widget-text-editor\" data-id=\"0d6d2fc\" data-element_type=\"widget\" data-widget_type=\"text-editor.default\">\n\t\t\t\t<div class=\"elementor-widget-container\">\n\t\t\t\t\t\t\t\t\t<p data-start=\"0\" data-end=\"393\">Plaisir du Jardin t\u00e9moigne d&rsquo;un pari audacieux fait il y a plus de trois d\u00e9cennies, un pari qui a commenc\u00e9 par l&rsquo;amiti\u00e9, s&rsquo;est d\u00e9velopp\u00e9 par la passion et a prosp\u00e9r\u00e9 gr\u00e2ce \u00e0 la capacit\u00e9 d&rsquo;<strong>Olivier Moreau<\/strong>\u00e0 s&rsquo;entourer d&rsquo;une \u00e9quipe d&rsquo;enthousiastes d\u00e9vou\u00e9s. La force de Plaisir du Jardin r\u00e9side dans la <strong>coh\u00e9sion de cette \u00e9quipe hautement qualifi\u00e9e<\/strong>, unie par une vision et un savoir-faire communs. <\/p>\n<p data-start=\"395\" data-end=\"781\">L&rsquo;histoire de Plaisir du Jardin a toujours \u00e9t\u00e9 plus qu&rsquo;une entreprise, c&rsquo;est une aventure humaine. D&rsquo;une amiti\u00e9, l&rsquo;histoire s&rsquo;est transform\u00e9e en h\u00e9ritage familial avec l&rsquo;arriv\u00e9e du fils d&rsquo;Olivier, <strong>Guillaume Moreau<\/strong>. <br \/>Passionn\u00e9 par le m\u00e9tier, Guillaume a rejoint son p\u00e8re dans l&rsquo;entreprise, poursuivant l&rsquo;engagement de la famille vers l&rsquo;excellence tout en fa\u00e7onnant l&rsquo;avenir avec de nouveaux projets passionnants. <\/p>\n<p data-start=\"783\" data-end=\"1204\">Avec leur \u00e9quipe, ils donnent la priorit\u00e9 \u00e0 un <strong>service exceptionnel<\/strong>, <br \/>. Leur engagement \u00e0 cr\u00e9er une exp\u00e9rience client personnalis\u00e9e et r\u00e9fl\u00e9chie a \u00e9t\u00e9 la cl\u00e9 du succ\u00e8s de l&rsquo;entreprise. Ce d\u00e9vouement \u00e0 un service de qualit\u00e9 distingue Plaisir du Jardin, qui donne vie \u00e0 la vision de chaque client avec soin et une attention m\u00e9ticuleuse aux d\u00e9tails. <\/p>\n<p data-start=\"1206\" data-end=\"1376\">Une \u00e9tape importante de leur parcours a \u00e9t\u00e9 le lancement du <strong>d\u00e9partement 3D<\/strong>, qui permet aux clients d&rsquo;imaginer leurs espaces ext\u00e9rieurs gr\u00e2ce \u00e0 des plans d\u00e9taill\u00e9s et immersifs.<\/p>\n\t\t\t\t\t\t\t\t<\/div>\n\t\t\t\t<\/div>\n\t\t\t\t<\/div>\n\t\t\t\t\t<\/div>\n\t\t\t\t<\/div>\n\t\t<div class=\"elementor-element elementor-element-bf363ee e-flex e-con-boxed e-con e-parent\" data-id=\"bf363ee\" data-element_type=\"container\">\n\t\t\t\t\t<div class=\"e-con-inner\">\n\t\t\t\t<div class=\"elementor-element elementor-element-c2d9f65 elementor-widget elementor-widget-heading\" data-id=\"c2d9f65\" data-element_type=\"widget\" data-widget_type=\"heading.default\">\n\t\t\t\t<div class=\"elementor-widget-container\">\n\t\t\t\t\t<h2 class=\"elementor-heading-title elementor-size-default\">Ils nous ont fait confiance :<\/h2>\t\t\t\t<\/div>\n\t\t\t\t<\/div>\n\t\t<div class=\"elementor-element elementor-element-0844f11 e-con-full e-flex e-con e-child\" data-id=\"0844f11\" data-element_type=\"container\">\n\t\t<div class=\"elementor-element elementor-element-31ef882 e-grid e-con-full e-con e-child\" data-id=\"31ef882\" data-element_type=\"container\">\n\t\t\t\t<div class=\"elementor-element elementor-element-c16b03c elementor-widget elementor-widget-text-editor\" data-id=\"c16b03c\" data-element_type=\"widget\" data-widget_type=\"text-editor.default\">\n\t\t\t\t<div class=\"elementor-widget-container\">\n\t\t\t\t\t\t\t\t\t<p style=\"text-align: center;\">\u00ab\u00a0L&rsquo;utilisation du teck comme mat\u00e9riau pour notre terrasse a permis de r\u00e9chauffer l&rsquo;aspect tr\u00e8s contemporain de notre maison. En travaillant avec Plaisir du Jardin, nous avons pu transformer notre terrasse en un espace de vie et de repas chaleureux et accueillant.\u00a0\u00bb<br \/> SOBER<strong>AND PURE (Lille)<\/strong><\/p>\n\t\t\t\t\t\t\t\t<\/div>\n\t\t\t\t<\/div>\n\t\t\t\t<div class=\"elementor-element elementor-element-a61203e elementor-widget elementor-widget-text-editor\" data-id=\"a61203e\" data-element_type=\"widget\" data-widget_type=\"text-editor.default\">\n\t\t\t\t<div class=\"elementor-widget-container\">\n\t\t\t\t\t\t\t\t\t<p style=\"text-align: center;\">\u00ab\u00a0Pour mener \u00e0 bien notre projet, nous avons eu l&rsquo;occasion de d\u00e9couvrir un ensemble de collections de marques diff\u00e9rentes. Lors de notre visite en magasin, nous avons eu un coup de c\u0153ur pour les marques Joli &amp; Diphano, qui proposent des meubles de caract\u00e8re \u00e0 des prix abordables. Cela nous a permis de cr\u00e9er une continuit\u00e9 entre nos espaces int\u00e9rieurs et notre terrasse\u00a0\u00bb.<\/p>\n<p style=\"text-align: center;\"><strong>AUX EXTR\u00c9MIT\u00c9S DE LA FOR\u00caT DE SOIGNES (Rhode-St-Gen\u00e8se)<\/strong><\/p>\n\t\t\t\t\t\t\t\t<\/div>\n\t\t\t\t<\/div>\n\t\t\t\t<div class=\"elementor-element elementor-element-6956fd1 elementor-widget elementor-widget-text-editor\" data-id=\"6956fd1\" data-element_type=\"widget\" data-widget_type=\"text-editor.default\">\n\t\t\t\t<div class=\"elementor-widget-container\">\n\t\t\t\t\t\t\t\t\t<p style=\"text-align: center;\">\u00ab\u00a0Nous avons opt\u00e9 pour un mobilier assez simple afin de mettre en valeur la vue splendide de la maison. Gr\u00e2ce au mobilier propos\u00e9 par Plaisir du Jardin et dispos\u00e9 comme nous le souhaitions, face \u00e0 la mer, nous allons pouvoir passer de merveilleux \u00e9t\u00e9s en famille.\u00a0\u00bb<\/p>\n<p style=\"text-align: center;\"><strong>VUE SUR LA M\u00c9DITERRAN\u00c9E (C\u00f4te d&rsquo;Azur)<\/strong><\/p>\n\t\t\t\t\t\t\t\t<\/div>\n\t\t\t\t<\/div>\n\t\t\t\t<\/div>\n\t\t\t\t<div class=\"elementor-element elementor-element-1a6a62e elementor-align-center elementor-widget elementor-widget-button\" data-id=\"1a6a62e\" data-element_type=\"widget\" data-widget_type=\"button.default\">\n\t\t\t\t<div class=\"elementor-widget-container\">\n\t\t\t\t\t\t\t\t\t<div class=\"elementor-button-wrapper\">\n\t\t\t\t\t<a class=\"elementor-button elementor-button-link elementor-size-sm elementor-animation-grow\" href=\"\/portfolio\">\n\t\t\t\t\t\t<span class=\"elementor-button-content-wrapper\">\n\t\t\t\t\t\t\t\t\t<span class=\"elementor-button-text\">D\u00c9COUVREZ TOUS NOS PROJETS<\/span>\n\t\t\t\t\t<\/span>\n\t\t\t\t\t<\/a>\n\t\t\t\t<\/div>\n\t\t\t\t\t\t\t\t<\/div>\n\t\t\t\t<\/div>\n\t\t\t\t<\/div>\n\t\t\t\t\t<\/div>\n\t\t\t\t<\/div>\n\t\t\t\t<\/div>\n\t\t","protected":false},"excerpt":{"rendered":"<p>\u00c0 vos c\u00f4t\u00e9s depuis plus de 35 ans pour vos projets d&rsquo;ext\u00e9rieur Un service exclusif pour le mobilier de jardin dans toute l&rsquo;Europe Plaisir du Jardin t\u00e9moigne du pari audacieux&hellip;<\/p>\n","protected":false},"author":1,"featured_media":0,"parent":0,"menu_order":0,"comment_status":"closed","ping_status":"closed","template":"","meta":{"_acf_changed":false,"footnotes":""},"class_list":["post-80734","page","type-page","status-publish","hentry"],"acf":[],"yoast_head":"<!-- This site is optimized with the Yoast SEO plugin v24.9 - https:\/\/yoast.com\/wordpress\/plugins\/seo\/ -->\n<title>Histoire - Plaisir du Jardin<\/title>\n<meta name=\"robots\" content=\"index, follow, max-snippet:-1, max-image-preview:large, max-video-preview:-1\" \/>\n<link rel=\"canonical\" href=\"https:\/\/plaisirdujardin.com\/fr\/notre-histoire\/\" \/>\n<meta property=\"og:locale\" content=\"fr_FR\" \/>\n<meta property=\"og:type\" content=\"article\" \/>\n<meta property=\"og:title\" content=\"Histoire - Plaisir du Jardin\" \/>\n<meta property=\"og:description\" content=\"\u00c0 vos c\u00f4t\u00e9s depuis plus de 35 ans pour vos projets d&rsquo;ext\u00e9rieur Un service exclusif pour le mobilier de jardin dans toute l&rsquo;Europe Plaisir du Jardin t\u00e9moigne du pari audacieux&hellip;\" \/>\n<meta property=\"og:url\" content=\"https:\/\/plaisirdujardin.com\/fr\/notre-histoire\/\" \/>\n<meta property=\"og:site_name\" content=\"Plaisir du Jardin\" \/>\n<meta property=\"article:modified_time\" content=\"2025-06-12T16:03:10+00:00\" \/>\n<meta property=\"og:image\" content=\"https:\/\/plaisirdujardin.com\/wp-content\/uploads\/2025\/06\/DELIVERY5-1024x743.webp\" \/>\n\t<meta property=\"og:image:width\" content=\"1024\" \/>\n\t<meta property=\"og:image:height\" content=\"743\" \/>\n\t<meta property=\"og:image:type\" content=\"image\/webp\" \/>\n<meta name=\"twitter:card\" content=\"summary_large_image\" \/>\n<meta name=\"twitter:label1\" content=\"Dur\u00e9e de lecture estim\u00e9e\" \/>\n\t<meta name=\"twitter:data1\" content=\"3 minutes\" \/>\n<script type=\"application\/ld+json\" class=\"yoast-schema-graph\">{\"@context\":\"https:\/\/schema.org\",\"@graph\":[{\"@type\":\"WebPage\",\"@id\":\"https:\/\/plaisirdujardin.com\/fr\/notre-histoire\/\",\"url\":\"https:\/\/plaisirdujardin.com\/fr\/notre-histoire\/\",\"name\":\"Histoire - Plaisir du Jardin\",\"isPartOf\":{\"@id\":\"https:\/\/plaisirdujardin.com\/fr\/#website\"},\"primaryImageOfPage\":{\"@id\":\"https:\/\/plaisirdujardin.com\/fr\/notre-histoire\/#primaryimage\"},\"image\":{\"@id\":\"https:\/\/plaisirdujardin.com\/fr\/notre-histoire\/#primaryimage\"},\"thumbnailUrl\":\"https:\/\/plaisirdujardin.com\/wp-content\/uploads\/2025\/06\/DELIVERY5-1024x743.webp\",\"datePublished\":\"2025-01-08T11:00:35+00:00\",\"dateModified\":\"2025-06-12T16:03:10+00:00\",\"breadcrumb\":{\"@id\":\"https:\/\/plaisirdujardin.com\/fr\/notre-histoire\/#breadcrumb\"},\"inLanguage\":\"fr-FR\",\"potentialAction\":[{\"@type\":\"ReadAction\",\"target\":[\"https:\/\/plaisirdujardin.com\/fr\/notre-histoire\/\"]}]},{\"@type\":\"ImageObject\",\"inLanguage\":\"fr-FR\",\"@id\":\"https:\/\/plaisirdujardin.com\/fr\/notre-histoire\/#primaryimage\",\"url\":\"https:\/\/plaisirdujardin.com\/wp-content\/uploads\/2025\/06\/DELIVERY5-1024x743.webp\",\"contentUrl\":\"https:\/\/plaisirdujardin.com\/wp-content\/uploads\/2025\/06\/DELIVERY5-1024x743.webp\"},{\"@type\":\"BreadcrumbList\",\"@id\":\"https:\/\/plaisirdujardin.com\/fr\/notre-histoire\/#breadcrumb\",\"itemListElement\":[{\"@type\":\"ListItem\",\"position\":1,\"name\":\"Home\",\"item\":\"https:\/\/plaisirdujardin.com\/fr\/home\/\"},{\"@type\":\"ListItem\",\"position\":2,\"name\":\"Histoire\"}]},{\"@type\":\"WebSite\",\"@id\":\"https:\/\/plaisirdujardin.com\/fr\/#website\",\"url\":\"https:\/\/plaisirdujardin.com\/fr\/\",\"name\":\"Plaisir du Jardin\",\"description\":\"Plaisir du jardin - Mobilier de jardin et d\u00e9coration ext\u00e9rieure\",\"publisher\":{\"@id\":\"https:\/\/plaisirdujardin.com\/fr\/#organization\"},\"potentialAction\":[{\"@type\":\"SearchAction\",\"target\":{\"@type\":\"EntryPoint\",\"urlTemplate\":\"https:\/\/plaisirdujardin.com\/fr\/?s={search_term_string}\"},\"query-input\":{\"@type\":\"PropertyValueSpecification\",\"valueRequired\":true,\"valueName\":\"search_term_string\"}}],\"inLanguage\":\"fr-FR\"},{\"@type\":\"Organization\",\"@id\":\"https:\/\/plaisirdujardin.com\/fr\/#organization\",\"name\":\"Plaisir du Jardin\",\"url\":\"https:\/\/plaisirdujardin.com\/fr\/\",\"logo\":{\"@type\":\"ImageObject\",\"inLanguage\":\"fr-FR\",\"@id\":\"https:\/\/plaisirdujardin.com\/fr\/#\/schema\/logo\/image\/\",\"url\":\"https:\/\/plaisirdujardin.com\/wp-content\/uploads\/2024\/07\/logo-plaisir-du-jardin-dark.svg\",\"contentUrl\":\"https:\/\/plaisirdujardin.com\/wp-content\/uploads\/2024\/07\/logo-plaisir-du-jardin-dark.svg\",\"width\":914,\"height\":440,\"caption\":\"Plaisir du Jardin\"},\"image\":{\"@id\":\"https:\/\/plaisirdujardin.com\/fr\/#\/schema\/logo\/image\/\"}}]}<\/script>\n<!-- \/ Yoast SEO plugin. -->","yoast_head_json":{"title":"Histoire - Plaisir du Jardin","robots":{"index":"index","follow":"follow","max-snippet":"max-snippet:-1","max-image-preview":"max-image-preview:large","max-video-preview":"max-video-preview:-1"},"canonical":"https:\/\/plaisirdujardin.com\/fr\/notre-histoire\/","og_locale":"fr_FR","og_type":"article","og_title":"Histoire - Plaisir du Jardin","og_description":"\u00c0 vos c\u00f4t\u00e9s depuis plus de 35 ans pour vos projets d&rsquo;ext\u00e9rieur Un service exclusif pour le mobilier de jardin dans toute l&rsquo;Europe Plaisir du Jardin t\u00e9moigne du pari audacieux&hellip;","og_url":"https:\/\/plaisirdujardin.com\/fr\/notre-histoire\/","og_site_name":"Plaisir du Jardin","article_modified_time":"2025-06-12T16:03:10+00:00","og_image":[{"width":1024,"height":743,"url":"https:\/\/plaisirdujardin.com\/wp-content\/uploads\/2025\/06\/DELIVERY5-1024x743.webp","type":"image\/webp"}],"twitter_card":"summary_large_image","twitter_misc":{"Dur\u00e9e de lecture estim\u00e9e":"3 minutes"},"schema":{"@context":"https:\/\/schema.org","@graph":[{"@type":"WebPage","@id":"https:\/\/plaisirdujardin.com\/fr\/notre-histoire\/","url":"https:\/\/plaisirdujardin.com\/fr\/notre-histoire\/","name":"Histoire - Plaisir du Jardin","isPartOf":{"@id":"https:\/\/plaisirdujardin.com\/fr\/#website"},"primaryImageOfPage":{"@id":"https:\/\/plaisirdujardin.com\/fr\/notre-histoire\/#primaryimage"},"image":{"@id":"https:\/\/plaisirdujardin.com\/fr\/notre-histoire\/#primaryimage"},"thumbnailUrl":"https:\/\/plaisirdujardin.com\/wp-content\/uploads\/2025\/06\/DELIVERY5-1024x743.webp","datePublished":"2025-01-08T11:00:35+00:00","dateModified":"2025-06-12T16:03:10+00:00","breadcrumb":{"@id":"https:\/\/plaisirdujardin.com\/fr\/notre-histoire\/#breadcrumb"},"inLanguage":"fr-FR","potentialAction":[{"@type":"ReadAction","target":["https:\/\/plaisirdujardin.com\/fr\/notre-histoire\/"]}]},{"@type":"ImageObject","inLanguage":"fr-FR","@id":"https:\/\/plaisirdujardin.com\/fr\/notre-histoire\/#primaryimage","url":"https:\/\/plaisirdujardin.com\/wp-content\/uploads\/2025\/06\/DELIVERY5-1024x743.webp","contentUrl":"https:\/\/plaisirdujardin.com\/wp-content\/uploads\/2025\/06\/DELIVERY5-1024x743.webp"},{"@type":"BreadcrumbList","@id":"https:\/\/plaisirdujardin.com\/fr\/notre-histoire\/#breadcrumb","itemListElement":[{"@type":"ListItem","position":1,"name":"Home","item":"https:\/\/plaisirdujardin.com\/fr\/home\/"},{"@type":"ListItem","position":2,"name":"Histoire"}]},{"@type":"WebSite","@id":"https:\/\/plaisirdujardin.com\/fr\/#website","url":"https:\/\/plaisirdujardin.com\/fr\/","name":"Plaisir du Jardin","description":"Plaisir du jardin - Mobilier de jardin et d\u00e9coration ext\u00e9rieure","publisher":{"@id":"https:\/\/plaisirdujardin.com\/fr\/#organization"},"potentialAction":[{"@type":"SearchAction","target":{"@type":"EntryPoint","urlTemplate":"https:\/\/plaisirdujardin.com\/fr\/?s={search_term_string}"},"query-input":{"@type":"PropertyValueSpecification","valueRequired":true,"valueName":"search_term_string"}}],"inLanguage":"fr-FR"},{"@type":"Organization","@id":"https:\/\/plaisirdujardin.com\/fr\/#organization","name":"Plaisir du Jardin","url":"https:\/\/plaisirdujardin.com\/fr\/","logo":{"@type":"ImageObject","inLanguage":"fr-FR","@id":"https:\/\/plaisirdujardin.com\/fr\/#\/schema\/logo\/image\/","url":"https:\/\/plaisirdujardin.com\/wp-content\/uploads\/2024\/07\/logo-plaisir-du-jardin-dark.svg","contentUrl":"https:\/\/plaisirdujardin.com\/wp-content\/uploads\/2024\/07\/logo-plaisir-du-jardin-dark.svg","width":914,"height":440,"caption":"Plaisir du Jardin"},"image":{"@id":"https:\/\/plaisirdujardin.com\/fr\/#\/schema\/logo\/image\/"}}]}},"_links":{"self":[{"href":"https:\/\/plaisirdujardin.com\/fr\/wp-json\/wp\/v2\/pages\/80734","targetHints":{"allow":["GET"]}}],"collection":[{"href":"https:\/\/plaisirdujardin.com\/fr\/wp-json\/wp\/v2\/pages"}],"about":[{"href":"https:\/\/plaisirdujardin.com\/fr\/wp-json\/wp\/v2\/types\/page"}],"author":[{"embeddable":true,"href":"https:\/\/plaisirdujardin.com\/fr\/wp-json\/wp\/v2\/users\/1"}],"replies":[{"embeddable":true,"href":"https:\/\/plaisirdujardin.com\/fr\/wp-json\/wp\/v2\/comments?post=80734"}],"version-history":[{"count":3,"href":"https:\/\/plaisirdujardin.com\/fr\/wp-json\/wp\/v2\/pages\/80734\/revisions"}],"predecessor-version":[{"id":117128,"href":"https:\/\/plaisirdujardin.com\/fr\/wp-json\/wp\/v2\/pages\/80734\/revisions\/117128"}],"wp:attachment":[{"href":"https:\/\/plaisirdujardin.com\/fr\/wp-json\/wp\/v2\/media?parent=80734"}],"curies":[{"name":"wp","href":"https:\/\/api.w.org\/{rel}","templated":true}]}}