{"id":116045,"date":"2025-02-22T15:26:58","date_gmt":"2025-02-22T13:26:58","guid":{"rendered":"https:\/\/preview.plaisirdujardin.com\/a-propos-de\/"},"modified":"2025-06-12T17:38:26","modified_gmt":"2025-06-12T15:38:26","slug":"a-propos-de","status":"publish","type":"page","link":"https:\/\/plaisirdujardin.com\/fr\/a-propos-de\/","title":{"rendered":"A propos de"},"content":{"rendered":"\t\t<div data-elementor-type=\"wp-page\" data-elementor-id=\"116045\" class=\"elementor elementor-116045 elementor-115123\" data-elementor-post-type=\"page\">\n\t\t\t\t<div class=\"elementor-element elementor-element-5cb002e e-flex e-con-boxed e-con e-parent\" data-id=\"5cb002e\" data-element_type=\"container\">\n\t\t\t\t\t<div class=\"e-con-inner\">\n\t\t\t\t<div class=\"elementor-element elementor-element-2dc2133 elementor-widget__width-inherit elementor-cta--skin-classic elementor-animated-content elementor-bg-transform elementor-bg-transform-zoom-in elementor-widget elementor-widget-call-to-action\" data-id=\"2dc2133\" data-element_type=\"widget\" data-widget_type=\"call-to-action.default\">\n\t\t\t\t<div class=\"elementor-widget-container\">\n\t\t\t\t\t\t\t<div class=\"elementor-cta\">\n\t\t\t\t\t<div class=\"elementor-cta__bg-wrapper\">\n\t\t\t\t<div class=\"elementor-cta__bg elementor-bg\" style=\"background-image: url(https:\/\/plaisirdujardin.com\/wp-content\/uploads\/2025\/03\/About2.webp);\" role=\"img\" aria-label=\"About2\"><\/div>\n\t\t\t\t<div class=\"elementor-cta__bg-overlay\"><\/div>\n\t\t\t<\/div>\n\t\t\t\t\t\t\t<div class=\"elementor-cta__content\">\n\t\t\t\t\n\t\t\t\t\t\t\t\t\t<h2 class=\"elementor-cta__title elementor-cta__content-item elementor-content-item\">\n\t\t\t\t\t\tMeubles d'ext\u00e9rieur \u00e9l\u00e9gants et intemporels<br>\t\t\t\t\t<\/h2>\n\t\t\t\t\n\t\t\t\t\t\t\t\t\t<div class=\"elementor-cta__description elementor-cta__content-item elementor-content-item\">\n\t\t\t\t\t\t<p><span style=\"background-color: rgb(255, 255, 255); color: rgb(124, 124, 128); white-space-collapse: collapse;\">Situ\u00e9 \u00e0 Uccle, pr\u00e8s de la For\u00eat de Soignes, PLAISIR DU JARDIN est une marque de confiance depuis plus de 35 ans, r\u00e9put\u00e9e pour ses produits d'exception.<\/span><span style=\"background-color: rgb(255, 255, 255); color: rgb(124, 124, 128); white-space-collapse: collapse;\">&nbsp;<\/span><strong style=\"color: rgb(124, 124, 128); white-space-collapse: collapse;\">mobilier de jardin<\/strong><span style=\"background-color: rgb(255, 255, 255); color: rgb(124, 124, 128); white-space-collapse: collapse;\">&nbsp;<\/span><span style=\"background-color: rgb(255, 255, 255); color: rgb(124, 124, 128); white-space-collapse: collapse;\">et<\/span><span style=\"background-color: rgb(255, 255, 255); color: rgb(124, 124, 128); white-space-collapse: collapse;\">&nbsp;<\/span><strong style=\"color: rgb(124, 124, 128); white-space-collapse: collapse;\">march\u00e9 de No\u00ebl magique.<\/strong><\/p>\n<p style=\"color: rgb(124, 124, 128); white-space-collapse: collapse; background-color: rgb(255, 255, 255);\">Le showroom propose une s\u00e9lection soigneusement \u00e9tudi\u00e9e de pi\u00e8ces haut de gamme de marques prestigieuses telles que <strong>Gommaire, Manutti, Joli, Barlow Tyrie, Dedon, Royal Botania, Fermob, Vincent Sheppard<\/strong> et <strong>Jardinico<\/strong>, ainsi que des accessoires raffin\u00e9s tels que les barbecues <strong>Ofyr<\/strong>, les chauffages <strong>Eva Solo<\/strong> et les bougies <strong>Baobab<\/strong>, tous con\u00e7us pour mettre en valeur vos espaces de vie en plein air.<\/p>\n<p data-start=\"623\" data-end=\"1000\" style=\"color: rgb(124, 124, 128); white-space-collapse: collapse; background-color: rgb(255, 255, 255);\">Dirig\u00e9 par&nbsp;<strong>Olivier Moreau<\/strong> et sa dynamique&nbsp;PLAISIR DU JARDIN ne se contente pas <strong>de<\/strong> vendre des meubles. Leur mission est de comprendre vos besoins et votre environnement, en vous proposant des solutions sur mesure pour &nbsp;<strong>projets de toute envergure<\/strong>, qu'ils soient priv\u00e9s ou professionnels, en&nbsp;<strong>Belgique<\/strong> ou&nbsp;<strong>\u00e0 l'\u00e9tranger<\/strong>. Des plans d\u00e9taill\u00e9s et des rendus en 3D \u00e0 l'installation par des experts, ils vous guident \u00e0 chaque \u00e9tape du processus. <\/p>\n<p><span style=\"background-color: rgb(255, 255, 255); color: rgb(124, 124, 128); white-space-collapse: collapse;\">Avec des projets sur mesure r\u00e9alis\u00e9s en<\/span><span style=\"background-color: rgb(255, 255, 255); color: rgb(124, 124, 128); white-space-collapse: collapse;\">&nbsp;<\/span><strong style=\"color: rgb(124, 124, 128); white-space-collapse: collapse;\">Bruxelles<\/strong><span style=\"background-color: rgb(255, 255, 255); color: rgb(124, 124, 128); white-space-collapse: collapse;\">,<\/span><span style=\"background-color: rgb(255, 255, 255); color: rgb(124, 124, 128); white-space-collapse: collapse;\">&nbsp;<\/span><strong style=\"color: rgb(124, 124, 128); white-space-collapse: collapse;\">Marbella<\/strong><span style=\"background-color: rgb(255, 255, 255); color: rgb(124, 124, 128); white-space-collapse: collapse;\">,<\/span><span style=\"background-color: rgb(255, 255, 255); color: rgb(124, 124, 128); white-space-collapse: collapse;\">&nbsp;<\/span><strong style=\"color: rgb(124, 124, 128); white-space-collapse: collapse;\">Calvi<\/strong><span style=\"background-color: rgb(255, 255, 255); color: rgb(124, 124, 128); white-space-collapse: collapse;\">et de l'autre c\u00f4t\u00e9 de la<\/span><span style=\"background-color: rgb(255, 255, 255); color: rgb(124, 124, 128); white-space-collapse: collapse;\">&nbsp;<\/span><strong style=\"color: rgb(124, 124, 128); white-space-collapse: collapse;\">Sud de la France<\/strong><span style=\"background-color: rgb(255, 255, 255); color: rgb(124, 124, 128); white-space-collapse: collapse;\">L'\u00e9quipe vous propose des espaces ext\u00e9rieurs \u00e9l\u00e9gants et fonctionnels qui refl\u00e8tent le style unique de chaque client. Cet engagement pour un service personnalis\u00e9, combin\u00e9 \u00e0 une \u00e9coute attentive et \u00e0 des conseils r\u00e9fl\u00e9chis, est au c\u0153ur de leur philosophie. <\/span><\/p>\n\t\t\t\t\t<\/div>\n\t\t\t\t\n\t\t\t\t\t\t\t\t\t<div class=\"elementor-cta__button-wrapper elementor-cta__content-item elementor-content-item \">\n\t\t\t\t\t<a class=\"elementor-cta__button elementor-button elementor-size-\">\n\t\t\t\t\t\tD\u00e9couvrez nos collections\t\t\t\t\t<\/a>\n\t\t\t\t\t<\/div>\n\t\t\t\t\t\t\t<\/div>\n\t\t\t\t\t\t<\/div>\n\t\t\t\t\t\t<\/div>\n\t\t\t\t<\/div>\n\t\t\t\t\t<\/div>\n\t\t\t\t<\/div>\n\t\t<div class=\"elementor-element elementor-element-c2f7f0a e-flex e-con-boxed e-con e-parent\" data-id=\"c2f7f0a\" data-element_type=\"container\">\n\t\t\t\t\t<div class=\"e-con-inner\">\n\t\t<div class=\"elementor-element elementor-element-06d5115 e-con-full e-flex e-con e-child\" data-id=\"06d5115\" data-element_type=\"container\" data-settings=\"{&quot;background_background&quot;:&quot;classic&quot;}\">\n\t\t\t\t<div class=\"elementor-element elementor-element-3ef9cd1 elementor-widget elementor-widget-sober-section-heading\" data-id=\"3ef9cd1\" data-element_type=\"widget\" data-widget_type=\"sober-section-heading.default\">\n\t\t\t\t<div class=\"elementor-widget-container\">\n\t\t\t\t\t<h2 class=\"sober-section-heading sober-section-heading--default sober-section-header--align-\"><span class=\"sober-section-heading__title\">VOUS REVEZ D\u2019UNE CONCEPTION SUR MESURE?<\/span><\/h2>\t\t\t\t<\/div>\n\t\t\t\t<\/div>\n\t\t\t\t<div class=\"elementor-element elementor-element-7324f94 elementor-widget elementor-widget-text-editor\" data-id=\"7324f94\" data-element_type=\"widget\" data-widget_type=\"text-editor.default\">\n\t\t\t\t<div class=\"elementor-widget-container\">\n\t\t\t\t\t\t\t\t\t<p>Chez Plaisir du Jardin, nous donnons vie \u00e0 vos id\u00e9es d&rsquo;am\u00e9nagement ext\u00e9rieur, que ce soit pour une propri\u00e9t\u00e9<strong> en Belgique ou une <\/strong>r\u00e9sidence<strong> \u00e0 l&rsquo;\u00e9tranger<\/strong>.<br \/>De la planification personnalis\u00e9e \u00e0 l&rsquo;installation finale, nous proposons une approche sur mesure, en veillant <strong>\u00e0 chaque d\u00e9tail<\/strong> pour r\u00e9pondre \u00e0 vos besoins sp\u00e9cifiques. Fort de ses nombreuses ann\u00e9es d&rsquo;exp\u00e9rience, Plaisir du Jardin est devenu un partenaire de confiance pour la conception et la <strong>r\u00e9alisation d&rsquo;espaces ext\u00e9rieurs d&rsquo;exception \u00e0 travers l&rsquo;Europe<\/strong>. <br \/>O\u00f9 que vous soyez, <strong>notre \u00e9quipe se d\u00e9place<\/strong>, \u00e9labore un <strong>projet en 3D<\/strong> et vous accompagne jusqu&rsquo;\u00e0 la livraison, en assurant un suivi rigoureux \u00e0 chaque \u00e9tape. <\/p>\n\t\t\t\t\t\t\t\t<\/div>\n\t\t\t\t<\/div>\n\t\t\t\t<div class=\"elementor-element elementor-element-069fcd6 elementor-widget elementor-widget-button\" data-id=\"069fcd6\" data-element_type=\"widget\" data-widget_type=\"button.default\">\n\t\t\t\t<div class=\"elementor-widget-container\">\n\t\t\t\t\t\t\t\t\t<div class=\"elementor-button-wrapper\">\n\t\t\t\t\t<a class=\"elementor-button elementor-button-link elementor-size-sm\" href=\"\">\n\t\t\t\t\t\t<span class=\"elementor-button-content-wrapper\">\n\t\t\t\t\t\t\t\t\t<span class=\"elementor-button-text\">D\u00e9couvrez nos projets<\/span>\n\t\t\t\t\t<\/span>\n\t\t\t\t\t<\/a>\n\t\t\t\t<\/div>\n\t\t\t\t\t\t\t\t<\/div>\n\t\t\t\t<\/div>\n\t\t\t\t<\/div>\n\t\t<div class=\"elementor-element elementor-element-6fcd087 e-con-full e-flex e-con e-child\" data-id=\"6fcd087\" data-element_type=\"container\" data-settings=\"{&quot;background_background&quot;:&quot;classic&quot;}\">\n\t\t\t\t<div class=\"elementor-element elementor-element-edd6438 elementor-widget elementor-widget-sober-section-heading\" data-id=\"edd6438\" data-element_type=\"widget\" data-widget_type=\"sober-section-heading.default\">\n\t\t\t\t<div class=\"elementor-widget-container\">\n\t\t\t\t\t<h6 class=\"sober-section-heading sober-section-heading--default sober-section-header--align-\"><span class=\"sober-section-heading__title\">Pourquoi choisir Plaisir Du Jardin?<\/span><\/h6>\t\t\t\t<\/div>\n\t\t\t\t<\/div>\n\t\t\t\t<div class=\"elementor-element elementor-element-1431c12 elementor-widget elementor-widget-text-editor\" data-id=\"1431c12\" data-element_type=\"widget\" data-widget_type=\"text-editor.default\">\n\t\t\t\t<div class=\"elementor-widget-container\">\n\t\t\t\t\t\t\t\t\t<ul>\n<li><strong>Une approche personnalis\u00e9e<\/strong>: \u00e0 l&rsquo;\u00e9coute de vos besoins sp\u00e9cifiques.<\/li>\n<li><strong>Visites \u00e0 domicile<\/strong>.<\/li>\n<li><strong>Disponibilit\u00e9 imm\u00e9diate<\/strong>, stock permanent important.<\/li>\n<li>Des solutions compl\u00e8tes pour les <strong>particuliers, le B2B<\/strong> et l <strong>&lsquo;Horeca<\/strong>.<\/li>\n<li><strong>Livraison rapide dans toute l&rsquo;Europe<\/strong> par nos \u00e9quipes sp\u00e9cialis\u00e9es.<\/li>\n<li><strong>Ouvert 7 jours sur 7<\/strong>, des id\u00e9es de cadeaux tout au long de l&rsquo;ann\u00e9e<\/li>\n<li><strong>Des rendus en 3D<\/strong> pour visualiser votre projet \u00e0 l&rsquo;avance.<\/li>\n<li>Acc\u00e8s aux salles d&rsquo;exposition belges pour un choix \u00e9clair\u00e9 et illimit\u00e9.<\/li>\n<li>Chaque hiver, notre <strong>march\u00e9 de No\u00ebl<\/strong> vous plonge dans une atmosph\u00e8re magique.<\/li>\n<\/ul>\n\t\t\t\t\t\t\t\t<\/div>\n\t\t\t\t<\/div>\n\t\t\t\t<div class=\"elementor-element elementor-element-c9f6004 elementor-widget elementor-widget-button\" data-id=\"c9f6004\" data-element_type=\"widget\" data-widget_type=\"button.default\">\n\t\t\t\t<div class=\"elementor-widget-container\">\n\t\t\t\t\t\t\t\t\t<div class=\"elementor-button-wrapper\">\n\t\t\t\t\t<a class=\"elementor-button elementor-button-link elementor-size-sm\" href=\"\">\n\t\t\t\t\t\t<span class=\"elementor-button-content-wrapper\">\n\t\t\t\t\t\t\t\t\t<span class=\"elementor-button-text\">Formulaire De Contact<\/span>\n\t\t\t\t\t<\/span>\n\t\t\t\t\t<\/a>\n\t\t\t\t<\/div>\n\t\t\t\t\t\t\t\t<\/div>\n\t\t\t\t<\/div>\n\t\t\t\t<\/div>\n\t\t\t\t\t<\/div>\n\t\t\t\t<\/div>\n\t\t\t\t<\/div>\n\t\t","protected":false},"excerpt":{"rendered":"<p>Meubles d&rsquo;ext\u00e9rieur \u00e9l\u00e9gants et intemporels Situ\u00e9 \u00e0 Uccle, pr\u00e8s de la For\u00eat de Soignes, PLAISIR DU JARDIN est une marque de confiance depuis plus de 35 ans, r\u00e9put\u00e9e pour ses&hellip;<\/p>\n","protected":false},"author":1,"featured_media":115131,"parent":0,"menu_order":0,"comment_status":"closed","ping_status":"closed","template":"","meta":{"_acf_changed":false,"footnotes":""},"class_list":["post-116045","page","type-page","status-publish","has-post-thumbnail","hentry"],"acf":[],"yoast_head":"<!-- This site is optimized with the Yoast SEO plugin v24.9 - https:\/\/yoast.com\/wordpress\/plugins\/seo\/ -->\n<title>A propos de - Plaisir du Jardin<\/title>\n<meta name=\"robots\" content=\"index, follow, max-snippet:-1, max-image-preview:large, max-video-preview:-1\" \/>\n<link rel=\"canonical\" href=\"https:\/\/plaisirdujardin.com\/fr\/a-propos-de\/\" \/>\n<meta property=\"og:locale\" content=\"fr_FR\" \/>\n<meta property=\"og:type\" content=\"article\" \/>\n<meta property=\"og:title\" content=\"A propos de - Plaisir du Jardin\" \/>\n<meta property=\"og:description\" content=\"Meubles d&rsquo;ext\u00e9rieur \u00e9l\u00e9gants et intemporels Situ\u00e9 \u00e0 Uccle, pr\u00e8s de la For\u00eat de Soignes, PLAISIR DU JARDIN est une marque de confiance depuis plus de 35 ans, r\u00e9put\u00e9e pour ses&hellip;\" \/>\n<meta property=\"og:url\" content=\"https:\/\/plaisirdujardin.com\/fr\/a-propos-de\/\" \/>\n<meta property=\"og:site_name\" content=\"Plaisir du Jardin\" \/>\n<meta property=\"article:modified_time\" content=\"2025-06-12T15:38:26+00:00\" \/>\n<meta property=\"og:image\" content=\"https:\/\/plaisirdujardin.com\/wp-content\/uploads\/2025\/02\/SHOWROOM1920X600.webp\" \/>\n\t<meta property=\"og:image:width\" content=\"1920\" \/>\n\t<meta property=\"og:image:height\" content=\"600\" \/>\n\t<meta property=\"og:image:type\" content=\"image\/webp\" \/>\n<meta name=\"twitter:card\" content=\"summary_large_image\" \/>\n<meta name=\"twitter:label1\" content=\"Dur\u00e9e de lecture estim\u00e9e\" \/>\n\t<meta name=\"twitter:data1\" content=\"2 minutes\" \/>\n<script type=\"application\/ld+json\" class=\"yoast-schema-graph\">{\"@context\":\"https:\/\/schema.org\",\"@graph\":[{\"@type\":\"WebPage\",\"@id\":\"https:\/\/plaisirdujardin.com\/fr\/a-propos-de\/\",\"url\":\"https:\/\/plaisirdujardin.com\/fr\/a-propos-de\/\",\"name\":\"A propos de - Plaisir du Jardin\",\"isPartOf\":{\"@id\":\"https:\/\/plaisirdujardin.com\/fr\/#website\"},\"primaryImageOfPage\":{\"@id\":\"https:\/\/plaisirdujardin.com\/fr\/a-propos-de\/#primaryimage\"},\"image\":{\"@id\":\"https:\/\/plaisirdujardin.com\/fr\/a-propos-de\/#primaryimage\"},\"thumbnailUrl\":\"https:\/\/plaisirdujardin.com\/wp-content\/uploads\/2025\/02\/SHOWROOM1920X600.webp\",\"datePublished\":\"2025-02-22T13:26:58+00:00\",\"dateModified\":\"2025-06-12T15:38:26+00:00\",\"breadcrumb\":{\"@id\":\"https:\/\/plaisirdujardin.com\/fr\/a-propos-de\/#breadcrumb\"},\"inLanguage\":\"fr-FR\",\"potentialAction\":[{\"@type\":\"ReadAction\",\"target\":[\"https:\/\/plaisirdujardin.com\/fr\/a-propos-de\/\"]}]},{\"@type\":\"ImageObject\",\"inLanguage\":\"fr-FR\",\"@id\":\"https:\/\/plaisirdujardin.com\/fr\/a-propos-de\/#primaryimage\",\"url\":\"https:\/\/plaisirdujardin.com\/wp-content\/uploads\/2025\/02\/SHOWROOM1920X600.webp\",\"contentUrl\":\"https:\/\/plaisirdujardin.com\/wp-content\/uploads\/2025\/02\/SHOWROOM1920X600.webp\",\"width\":1920,\"height\":600,\"caption\":\"SHOWROOM\"},{\"@type\":\"BreadcrumbList\",\"@id\":\"https:\/\/plaisirdujardin.com\/fr\/a-propos-de\/#breadcrumb\",\"itemListElement\":[{\"@type\":\"ListItem\",\"position\":1,\"name\":\"Home\",\"item\":\"https:\/\/plaisirdujardin.com\/fr\/home\/\"},{\"@type\":\"ListItem\",\"position\":2,\"name\":\"A propos de\"}]},{\"@type\":\"WebSite\",\"@id\":\"https:\/\/plaisirdujardin.com\/fr\/#website\",\"url\":\"https:\/\/plaisirdujardin.com\/fr\/\",\"name\":\"Plaisir du Jardin\",\"description\":\"Plaisir du jardin - Mobilier de jardin et d\u00e9coration ext\u00e9rieure\",\"publisher\":{\"@id\":\"https:\/\/plaisirdujardin.com\/fr\/#organization\"},\"potentialAction\":[{\"@type\":\"SearchAction\",\"target\":{\"@type\":\"EntryPoint\",\"urlTemplate\":\"https:\/\/plaisirdujardin.com\/fr\/?s={search_term_string}\"},\"query-input\":{\"@type\":\"PropertyValueSpecification\",\"valueRequired\":true,\"valueName\":\"search_term_string\"}}],\"inLanguage\":\"fr-FR\"},{\"@type\":\"Organization\",\"@id\":\"https:\/\/plaisirdujardin.com\/fr\/#organization\",\"name\":\"Plaisir du Jardin\",\"url\":\"https:\/\/plaisirdujardin.com\/fr\/\",\"logo\":{\"@type\":\"ImageObject\",\"inLanguage\":\"fr-FR\",\"@id\":\"https:\/\/plaisirdujardin.com\/fr\/#\/schema\/logo\/image\/\",\"url\":\"https:\/\/plaisirdujardin.com\/wp-content\/uploads\/2024\/07\/logo-plaisir-du-jardin-dark.svg\",\"contentUrl\":\"https:\/\/plaisirdujardin.com\/wp-content\/uploads\/2024\/07\/logo-plaisir-du-jardin-dark.svg\",\"width\":914,\"height\":440,\"caption\":\"Plaisir du Jardin\"},\"image\":{\"@id\":\"https:\/\/plaisirdujardin.com\/fr\/#\/schema\/logo\/image\/\"}}]}<\/script>\n<!-- \/ Yoast SEO plugin. -->","yoast_head_json":{"title":"A propos de - Plaisir du Jardin","robots":{"index":"index","follow":"follow","max-snippet":"max-snippet:-1","max-image-preview":"max-image-preview:large","max-video-preview":"max-video-preview:-1"},"canonical":"https:\/\/plaisirdujardin.com\/fr\/a-propos-de\/","og_locale":"fr_FR","og_type":"article","og_title":"A propos de - Plaisir du Jardin","og_description":"Meubles d&rsquo;ext\u00e9rieur \u00e9l\u00e9gants et intemporels Situ\u00e9 \u00e0 Uccle, pr\u00e8s de la For\u00eat de Soignes, PLAISIR DU JARDIN est une marque de confiance depuis plus de 35 ans, r\u00e9put\u00e9e pour ses&hellip;","og_url":"https:\/\/plaisirdujardin.com\/fr\/a-propos-de\/","og_site_name":"Plaisir du Jardin","article_modified_time":"2025-06-12T15:38:26+00:00","og_image":[{"width":1920,"height":600,"url":"https:\/\/plaisirdujardin.com\/wp-content\/uploads\/2025\/02\/SHOWROOM1920X600.webp","type":"image\/webp"}],"twitter_card":"summary_large_image","twitter_misc":{"Dur\u00e9e de lecture estim\u00e9e":"2 minutes"},"schema":{"@context":"https:\/\/schema.org","@graph":[{"@type":"WebPage","@id":"https:\/\/plaisirdujardin.com\/fr\/a-propos-de\/","url":"https:\/\/plaisirdujardin.com\/fr\/a-propos-de\/","name":"A propos de - Plaisir du Jardin","isPartOf":{"@id":"https:\/\/plaisirdujardin.com\/fr\/#website"},"primaryImageOfPage":{"@id":"https:\/\/plaisirdujardin.com\/fr\/a-propos-de\/#primaryimage"},"image":{"@id":"https:\/\/plaisirdujardin.com\/fr\/a-propos-de\/#primaryimage"},"thumbnailUrl":"https:\/\/plaisirdujardin.com\/wp-content\/uploads\/2025\/02\/SHOWROOM1920X600.webp","datePublished":"2025-02-22T13:26:58+00:00","dateModified":"2025-06-12T15:38:26+00:00","breadcrumb":{"@id":"https:\/\/plaisirdujardin.com\/fr\/a-propos-de\/#breadcrumb"},"inLanguage":"fr-FR","potentialAction":[{"@type":"ReadAction","target":["https:\/\/plaisirdujardin.com\/fr\/a-propos-de\/"]}]},{"@type":"ImageObject","inLanguage":"fr-FR","@id":"https:\/\/plaisirdujardin.com\/fr\/a-propos-de\/#primaryimage","url":"https:\/\/plaisirdujardin.com\/wp-content\/uploads\/2025\/02\/SHOWROOM1920X600.webp","contentUrl":"https:\/\/plaisirdujardin.com\/wp-content\/uploads\/2025\/02\/SHOWROOM1920X600.webp","width":1920,"height":600,"caption":"SHOWROOM"},{"@type":"BreadcrumbList","@id":"https:\/\/plaisirdujardin.com\/fr\/a-propos-de\/#breadcrumb","itemListElement":[{"@type":"ListItem","position":1,"name":"Home","item":"https:\/\/plaisirdujardin.com\/fr\/home\/"},{"@type":"ListItem","position":2,"name":"A propos de"}]},{"@type":"WebSite","@id":"https:\/\/plaisirdujardin.com\/fr\/#website","url":"https:\/\/plaisirdujardin.com\/fr\/","name":"Plaisir du Jardin","description":"Plaisir du jardin - Mobilier de jardin et d\u00e9coration ext\u00e9rieure","publisher":{"@id":"https:\/\/plaisirdujardin.com\/fr\/#organization"},"potentialAction":[{"@type":"SearchAction","target":{"@type":"EntryPoint","urlTemplate":"https:\/\/plaisirdujardin.com\/fr\/?s={search_term_string}"},"query-input":{"@type":"PropertyValueSpecification","valueRequired":true,"valueName":"search_term_string"}}],"inLanguage":"fr-FR"},{"@type":"Organization","@id":"https:\/\/plaisirdujardin.com\/fr\/#organization","name":"Plaisir du Jardin","url":"https:\/\/plaisirdujardin.com\/fr\/","logo":{"@type":"ImageObject","inLanguage":"fr-FR","@id":"https:\/\/plaisirdujardin.com\/fr\/#\/schema\/logo\/image\/","url":"https:\/\/plaisirdujardin.com\/wp-content\/uploads\/2024\/07\/logo-plaisir-du-jardin-dark.svg","contentUrl":"https:\/\/plaisirdujardin.com\/wp-content\/uploads\/2024\/07\/logo-plaisir-du-jardin-dark.svg","width":914,"height":440,"caption":"Plaisir du Jardin"},"image":{"@id":"https:\/\/plaisirdujardin.com\/fr\/#\/schema\/logo\/image\/"}}]}},"_links":{"self":[{"href":"https:\/\/plaisirdujardin.com\/fr\/wp-json\/wp\/v2\/pages\/116045","targetHints":{"allow":["GET"]}}],"collection":[{"href":"https:\/\/plaisirdujardin.com\/fr\/wp-json\/wp\/v2\/pages"}],"about":[{"href":"https:\/\/plaisirdujardin.com\/fr\/wp-json\/wp\/v2\/types\/page"}],"author":[{"embeddable":true,"href":"https:\/\/plaisirdujardin.com\/fr\/wp-json\/wp\/v2\/users\/1"}],"replies":[{"embeddable":true,"href":"https:\/\/plaisirdujardin.com\/fr\/wp-json\/wp\/v2\/comments?post=116045"}],"version-history":[{"count":3,"href":"https:\/\/plaisirdujardin.com\/fr\/wp-json\/wp\/v2\/pages\/116045\/revisions"}],"predecessor-version":[{"id":116808,"href":"https:\/\/plaisirdujardin.com\/fr\/wp-json\/wp\/v2\/pages\/116045\/revisions\/116808"}],"wp:featuredmedia":[{"embeddable":true,"href":"https:\/\/plaisirdujardin.com\/fr\/wp-json\/wp\/v2\/media\/115131"}],"wp:attachment":[{"href":"https:\/\/plaisirdujardin.com\/fr\/wp-json\/wp\/v2\/media?parent=116045"}],"curies":[{"name":"wp","href":"https:\/\/api.w.org\/{rel}","templated":true}]}}